{"id":1270,"date":"2016-04-02T10:18:39","date_gmt":"2016-04-02T10:18:39","guid":{"rendered":"http:\/\/www.microregio.pt\/solucoes\/"},"modified":"2019-05-15T09:17:38","modified_gmt":"2019-05-15T09:17:38","slug":"solutions","status":"publish","type":"page","link":"http:\/\/www.microregio.pt\/en\/solutions\/","title":{"rendered":"Solutions"},"content":{"rendered":"<div class=\"wpb-content-wrapper\"><p>[vc_row][vc_column][vc_column_text]<\/p>\n<h4>Implementing the best IT practices foster companies growth and sustainability. With that in mind, we develop solutions aimed at improving and enhancing the IT infrastructures of our customers. Together we develop value-added solutions in different areas.<\/h4>\n<p>[\/vc_column_text][vc_empty_space height=&#8221;50&#8243;][\/vc_column][\/vc_row][vc_row][vc_column][vc_raw_html]JTNDYSUyMGNsYXNzJTNEJTIyYW5jaG9yJTIyJTIwaWQlM0QlMjJtYW5hZ2VtZW50LXNvZnR3YXJlJTIyJTNFJTNDJTJGYSUzRQ==[\/vc_raw_html][vc_column_text]<\/p>\n<h3 class=\"text-highlight\">Management Software<\/h3>\n<p>[\/vc_column_text][vc_empty_space height=&#8221;25&#8243;][vc_column_text]<\/p>\n<h4>PRIMAVERA \u2013 Business Software Solutions<\/h4>\n<p>[\/vc_column_text][vc_empty_space height=&#8221;25&#8243;][\/vc_column][\/vc_row][vc_row][vc_column width=&#8221;6\/12&#8243;][vc_column_text]Established in 1993, Primavera BSS is a national and international reference company in the development of management solutions and business integration platforms.<\/p>\n<p>Besides being a major supplier and an important partner, Primavera BSS also provides a vast portfolio of innovative management solutions for more than 40000 customers\u00a0 spread across nearly 20 countries.<\/p>\n<p>Primavera ERP is a software plataform developed to integrate all company data and processes into a single system, allowing the automation and storage of all information\u00a0 and streamline all management processes within an intuitive and eficient environment regardless of company size.[\/vc_column_text][vc_empty_space height=&#8221;100&#8243;][\/vc_column][vc_column width=&#8221;5\/12&#8243; offset=&#8221;vc_col-lg-offset-1&#8243;][vc_tta_accordion c_position=&#8221;right&#8221; active_section=&#8221;0&#8243; el_class=&#8221;theme-accordion&#8221; collapsible_all=&#8221;true&#8221;][vc_tta_section title=&#8221;Billing Software&#8221; tab_id=&#8221;1482249104826-3f3112bc-82aa&#8221;][vc_column_text]<a href=\"https:\/\/pt.primaverabss.com\/en\/software\/billing-software\/express-billing\/\" target=\"_blank\" rel=\"noopener noreferrer\">Express Billing <sup>FREE<\/sup><\/a>[\/vc_column_text][\/vc_tta_section][vc_tta_section title=&#8221;Management Software&#8221; tab_id=&#8221;1482249104867-37a32fd0-48ac&#8221;][vc_column_text]<a href=\"https:\/\/pt.primaverabss.com\/en\/software\/management-software\/starter\/\" target=\"_blank\" rel=\"noopener noreferrer\">Starter<\/a><\/p>\n<p><a href=\"http:\/\/www.jasminsoftware.com\/\" target=\"_blank\" rel=\"noopener noreferrer\">Jasmin<\/a><\/p>\n<p><a href=\"https:\/\/pt.primaverabss.com\/en\/software\/management-software\/professional\/\" target=\"_blank\" rel=\"noopener noreferrer\">Professional<\/a><\/p>\n<p><a href=\"https:\/\/pt.primaverabss.com\/en\/software\/management-software\/executive\/\" target=\"_blank\" rel=\"noopener noreferrer\">Executive<\/a>[\/vc_column_text][\/vc_tta_section][vc_tta_section title=&#8221;Specialised Solutions&#8221; tab_id=&#8221;1482249303182-de57871f-b356&#8243;][vc_column_text]<a href=\"https:\/\/pt.primaverabss.com\/en\/software\/specialized-solutions\/logistics-distribution\/\" target=\"_blank\" rel=\"noopener noreferrer\">Logistics &amp; Distribution<\/a><\/p>\n<p><a href=\"https:\/\/pt.primaverabss.com\/en\/software\/specialized-solutions\/sales-force\/\" target=\"_blank\" rel=\"noopener noreferrer\">Sales Force<\/a><\/p>\n<p><a href=\"https:\/\/pt.primaverabss.com\/en\/software\/specialized-solutions\/employee-self-service\/\" target=\"_blank\" rel=\"noopener noreferrer\">Employee Self-Service<\/a><\/p>\n<p><a href=\"https:\/\/pt.primaverabss.com\/en\/software\/specialized-solutions\/maintenance\/\" target=\"_blank\" rel=\"noopener noreferrer\">Maintenance<\/a><\/p>\n<p><a href=\"https:\/\/pt.primaverabss.com\/en\/software\/specialized-solutions\/human-resources\/\" target=\"_blank\" rel=\"noopener noreferrer\">Human Resources<\/a><\/p>\n<p><a href=\"https:\/\/pt.primaverabss.com\/en\/software\/specialized-solutions\/reporting\/\" target=\"_blank\" rel=\"noopener noreferrer\">Reporting<\/a>[\/vc_column_text][\/vc_tta_section][vc_tta_section title=&#8221;Sectorial Solutions&#8221; tab_id=&#8221;1482249332325-0dac4100-d135&#8243;][vc_column_text]<a href=\"https:\/\/pt.primaverabss.com\/en\/software\/sectorial-solutions\/public-administration\/\" target=\"_blank\" rel=\"noopener noreferrer\">Public Administration<\/a><\/p>\n<p><a href=\"https:\/\/pt.primaverabss.com\/en\/software\/sectorial-solutions\/civil-construction\/\" target=\"_blank\" rel=\"noopener noreferrer\">Civil Construction<\/a><\/p>\n<p><a href=\"https:\/\/pt.primaverabss.com\/en\/software\/sectorial-solutions\/accounting\/\" target=\"_blank\" rel=\"noopener noreferrer\">Accounting<\/a><\/p>\n<p><a href=\"https:\/\/pt.primaverabss.com\/en\/software\/sectorial-solutions\/manufacturing\/\" target=\"_blank\" rel=\"noopener noreferrer\">Manufacturing<\/a><\/p>\n<p><a href=\"https:\/\/pt.primaverabss.com\/en\/software\/sectorial-solutions\/food-beverages\/\" target=\"_blank\" rel=\"noopener noreferrer\">Food &amp; Beverages<\/a><\/p>\n<p><a href=\"https:\/\/pt.primaverabss.com\/en\/software\/sectorial-solutions\/retail\/\" target=\"_blank\" rel=\"noopener noreferrer\">Retail<\/a>[\/vc_column_text][\/vc_tta_section][vc_tta_section title=&#8221;Business Accelerators &#8221; tab_id=&#8221;1482249374751-68a880c8-a57d&#8221;][vc_column_text]<a href=\"https:\/\/pt.primaverabss.com\/en\/software\/business-accelerators\/elevation-mobile\/\" target=\"_blank\" rel=\"noopener noreferrer\">ELEVATION Mobile<\/a><\/p>\n<p><a href=\"https:\/\/pt.primaverabss.com\/en\/software\/business-accelerators\/epayments\/\" target=\"_blank\" rel=\"noopener noreferrer\">EPayments<\/a><\/p>\n<p><a href=\"https:\/\/pt.primaverabss.com\/en\/software\/business-accelerators\/etransactions\/\" target=\"_blank\" rel=\"noopener noreferrer\">ETransactions<\/a><\/p>\n<p><a href=\"https:\/\/pt.primaverabss.com\/en\/software\/business-accelerators\/pssst-experience\/\" target=\"_blank\" rel=\"noopener noreferrer\">Pssst! Experience<\/a>[\/vc_column_text][\/vc_tta_section][\/vc_tta_accordion][vc_empty_space height=&#8221;100&#8243;][\/vc_column][\/vc_row][vc_row full_width=&#8221;stretch_row&#8221; parallax=&#8221;theme-parallax&#8221; parallax_image=&#8221;1082&#8243; income_row_font_color=&#8221;#ffffff&#8221;][vc_column][vc_empty_space height=&#8221;100&#8243;][vc_raw_html]JTNDYSUyMGNsYXNzJTNEJTIyYW5jaG9yJTIyJTIwaWQlM0QlMjJzeXN0ZW1zJTIyJTNFJTNDJTJGYSUzRQ==[\/vc_raw_html][vc_column_text]<\/p>\n<h3 class=\"text-highlight\">Systems<\/h3>\n<p>[\/vc_column_text][vc_empty_space height=&#8221;25&#8243;][vc_row_inner][vc_column_inner width=&#8221;6\/12&#8243;][vc_column_text]We implement highly complex systems focused on the requirements and customers\u2019 needs. We use a wide range of tools to develop multiple solutions suitable for any environment.[\/vc_column_text][\/vc_column_inner][\/vc_row_inner][vc_empty_space height=&#8221;100&#8243;][\/vc_column][\/vc_row][vc_row][vc_column][vc_empty_space height=&#8221;100&#8243;][vc_raw_html]JTNDYSUyMGNsYXNzJTNEJTIyYW5jaG9yJTIyJTIwaWQlM0QlMjJzb2Z0d2FyZSUyMiUzRSUzQyUyRmElM0U=[\/vc_raw_html][vc_column_text]<\/p>\n<h3 class=\"text-highlight\">Software Development<\/h3>\n<p>[\/vc_column_text][vc_empty_space height=&#8221;25&#8243;][vc_row_inner][vc_column_inner width=&#8221;6\/12&#8243;][vc_column_text]<\/p>\n<h4>Employee Vacation Planner integrated with Primavera ERP<\/h4>\n<p>[\/vc_column_text][vc_empty_space height=&#8221;25&#8243;][vc_column_text]The Employee Vacation Planner is an essencial tool to parameterize graphically in a dynamic, practical and very intuitive manner the vacations of the company employees.<\/p>\n<p>A dashboard allows to graphically schedule vacations displaying the information individually or by department of one or more entities.<\/p>\n<p>It allows a clearer view of the employees who are or will be on vacation, the export of data to excel format as well as printing.[\/vc_column_text][\/vc_column_inner][vc_column_inner width=&#8221;5\/12&#8243; offset=&#8221;vc_col-lg-offset-1&#8243;][vc_column_text]<strong>SalesAp integrated with Primavera ERP<\/strong><\/p>\n<p><strong>Label Printing integrated with Primavera ERP<\/strong><\/p>\n<p><strong>Contacts and Events Management<\/strong>[\/vc_column_text][\/vc_column_inner][\/vc_row_inner][vc_empty_space height=&#8221;100&#8243;][\/vc_column][\/vc_row][vc_row full_width=&#8221;stretch_row&#8221; parallax=&#8221;theme-parallax&#8221; parallax_image=&#8221;1152&#8243;][vc_column][vc_empty_space height=&#8221;100&#8243;][vc_raw_html]JTNDYSUyMGNsYXNzJTNEJTIyYW5jaG9yJTIyJTIwaWQlM0QlMjJtb2JpbGl0eSUyMiUzRSUzQyUyRmElM0U=[\/vc_raw_html][vc_column_text]<\/p>\n<h3 class=\"text-highlight\">Mobility<\/h3>\n<p>[\/vc_column_text][vc_empty_space height=&#8221;25&#8243;][vc_column_text]<\/p>\n<h4>Boost Your Productivity!<\/h4>\n<p>[\/vc_column_text][vc_empty_space height=&#8221;25&#8243;][\/vc_column][vc_column width=&#8221;1\/2&#8243;][vc_column_text]Mobility and easy data access have become a critical factor for companies\u2019 competitiveness and productitvity. Let your employees work at any time from any place, putting you ahead of the competition.<\/p>\n<p>Direct Sales, Pre-Sales and CRM solutions are streamlined solutions to improve efficiency, service quality and cost savings.[\/vc_column_text][vc_empty_space height=&#8221;100&#8243;][\/vc_column][vc_column width=&#8221;5\/12&#8243; offset=&#8221;vc_col-lg-offset-1&#8243;][vc_tta_accordion c_position=&#8221;right&#8221; active_section=&#8221;0&#8243; el_class=&#8221;theme-accordion&#8221; collapsible_all=&#8221;true&#8221;][vc_tta_section title=&#8221;Pre-sales&#8221; tab_id=&#8221;1482338329868-372b636d-db56&#8243;][vc_column_text]CUTTING-EDGE SOLUTIONS<\/p>\n<p>Streamline your commercial teams operations using only one mobile device. Quickly synchronize data, sales, products and budgets with the mobile user and your business server, wherever you are, in real time. Commercial teams can fill in customers\u2019 orders in the field and rapidly access the relevant information on each customer.[\/vc_column_text][\/vc_tta_section][vc_tta_section title=&#8221;CRM&#8221; tab_id=&#8221;1482338329957-e172fcd5-4ae7&#8243;][vc_column_text]THE BEST WAY TO KNOW YOUR CUSTOMERS AND MAKE YOUR BUSINESS GROW<\/p>\n<p>CRM &#8211; Customer Relationship Management &#8211; is a proactive sales tool that helps your commercial team keep focused on customers, channel all their energy into monitoring customers\u2019 lifecycle and profitability and concentrate efforts on anticipating customers\u2019 needs.<\/p>\n<p>This software will help you personalise your relationship with your customers and win customers\u2019 loyalty.[\/vc_column_text][\/vc_tta_section][vc_tta_section title=&#8221;Direct Sales&#8221; tab_id=&#8221;1482338330045-39057ec8-5c9a&#8221;][vc_column_text]BOOST YOUR BUSINESS<\/p>\n<p>This solution helps commercial teams access stock management functions through a mobile device. In the field or office the sales team can always have access to up-to-date information, enabling immediate liquidation and the issuing of all related commercial documents.[\/vc_column_text][\/vc_tta_section][vc_tta_section title=&#8221;Logistics and Warehouse Management&#8221; tab_id=&#8221;1482338330222-2e3e47a7-d046&#8243;][vc_column_text]YOUR COMPANY WILL MAKE A DIFFERENCE<\/p>\n<p>Logistics and warehouse management solutions help to optimise storage and distribution network, giving you detailed and up-to-date information of goods entering and leaving the warehouse. Thus, you will have access to information and reports which will lend a new dynamic to stock check and customers\u2019 orders.[\/vc_column_text][\/vc_tta_section][\/vc_tta_accordion][vc_empty_space height=&#8221;100&#8243;][\/vc_column][\/vc_row][vc_row full_width=&#8221;stretch_row&#8221;][vc_column][vc_empty_space height=&#8221;50&#8243;][vc_raw_html]JTNDYSUyMGNsYXNzJTNEJTIyYW5jaG9yJTIyJTIwaWQlM0QlMjJjbG91ZCUyMiUzRSUzQyUyRmElM0U=[\/vc_raw_html][vc_column_text]<\/p>\n<h3 class=\"text-highlight\">Cloud<\/h3>\n<p>[\/vc_column_text][vc_empty_space height=&#8221;25&#8243;][vc_column_text]<\/p>\n<h4>We offer a complete selection of storage architectures vital to the success and financial health of businesses.<\/h4>\n<p>[\/vc_column_text][vc_empty_space height=&#8221;50&#8243;][vc_row_inner][vc_column_inner width=&#8221;6\/12&#8243;][vc_column_text]Office 365<br \/>\nTHE MOST SAFE OFFICE FOR YOUR COMPANY<\/p>\n<p>Work safely and communicate in real-time. Wether working on-premise or off-premise, access Office tools from mobile devices at any location. Easy access to email and documents to keep you in touch with your partners and customers.[\/vc_column_text][\/vc_column_inner][vc_column_inner width=&#8221;5\/12&#8243; offset=&#8221;vc_col-lg-offset-1&#8243;][vc_column_text]Backup on-line<br \/>\nAGILITY AND SAVINGS<\/p>\n<p>Keep your documents safe with our online back-up system. If for some reason you lose your original files, the backup will restore the lost data. Online backup has the advantage of enabling the access to your saved data from any device with an internet connection.[\/vc_column_text][\/vc_column_inner][\/vc_row_inner][vc_empty_space height=&#8221;50&#8243;][vc_row_inner][vc_column_inner width=&#8221;1\/2&#8243; offset=&#8221;vc_col-lg-5&#8243;][vc_column_text]Virtual Servers<br \/>\nFLEXIBILITY AND SCALABILITY<\/p>\n<p>Micror\u00e9gio establishes partnerships with renowned manufacturers to provide the best solutions conceived for the web environment.[\/vc_column_text][\/vc_column_inner][\/vc_row_inner][vc_empty_space height=&#8221;100&#8243;][\/vc_column][\/vc_row]<\/p>\n<\/div>","protected":false},"excerpt":{"rendered":"<p>[vc_row][vc_column][vc_column_text] Implementing the best IT practices foster companies growth and sustainability. With that in mind, we develop solutions aimed at improving and enhancing the IT infrastructures of our customers. Together we develop value-added solutions in different areas. [\/vc_column_text][vc_empty_space height=&#8221;50&#8243;][\/vc_column][\/vc_row][vc_row][vc_column][vc_raw_html]JTNDYSUyMGNsYXNzJTNEJTIyYW5jaG9yJTIyJTIwaWQlM0QlMjJtYW5hZ2VtZW50LXNvZnR3YXJlJTIyJTNFJTNDJTJGYSUzRQ==[\/vc_raw_html][vc_column_text] Management Software [\/vc_column_text][vc_empty_space height=&#8221;25&#8243;][vc_column_text] PRIMAVERA \u2013 Business Software Solutions [\/vc_column_text][vc_empty_space height=&#8221;25&#8243;][\/vc_column][\/vc_row][vc_row][vc_column width=&#8221;6\/12&#8243;][vc_column_text]Established in 1993, Primavera BSS&#8230;<\/p>\n","protected":false},"author":1,"featured_media":0,"parent":0,"menu_order":4,"comment_status":"closed","ping_status":"closed","template":"","meta":{"footnotes":""},"class_list":["post-1270","page","type-page","status-publish","hentry"],"yoast_head":"<!-- This site is optimized with the Yoast SEO plugin v27.5 - https:\/\/yoast.com\/product\/yoast-seo-wordpress\/ -->\n<title>Solutions &#8212; Microregio<\/title>\n<meta name=\"robots\" content=\"index, follow, max-snippet:-1, max-image-preview:large, max-video-preview:-1\" \/>\n<link rel=\"canonical\" href=\"http:\/\/www.microregio.pt\/en\/solutions\/\" \/>\n<meta property=\"og:locale\" content=\"en_US\" \/>\n<meta property=\"og:type\" content=\"article\" \/>\n<meta property=\"og:title\" content=\"Solutions &#8212; Microregio\" \/>\n<meta property=\"og:description\" content=\"[vc_row][vc_column][vc_column_text] Implementing the best IT practices foster companies growth and sustainability. With that in mind, we develop solutions aimed at improving and enhancing the IT infrastructures of our customers. Together we develop value-added solutions in different areas. [\/vc_column_text][vc_empty_space height=&#8221;50&#8243;][\/vc_column][\/vc_row][vc_row][vc_column][vc_raw_html]JTNDYSUyMGNsYXNzJTNEJTIyYW5jaG9yJTIyJTIwaWQlM0QlMjJtYW5hZ2VtZW50LXNvZnR3YXJlJTIyJTNFJTNDJTJGYSUzRQ==[\/vc_raw_html][vc_column_text] Management Software [\/vc_column_text][vc_empty_space height=&#8221;25&#8243;][vc_column_text] PRIMAVERA \u2013 Business Software Solutions [\/vc_column_text][vc_empty_space height=&#8221;25&#8243;][\/vc_column][\/vc_row][vc_row][vc_column width=&#8221;6\/12&#8243;][vc_column_text]Established in 1993, Primavera BSS...\" \/>\n<meta property=\"og:url\" content=\"http:\/\/www.microregio.pt\/en\/solutions\/\" \/>\n<meta property=\"og:site_name\" content=\"Microregio\" \/>\n<meta property=\"article:modified_time\" content=\"2019-05-15T09:17:38+00:00\" \/>\n<meta name=\"twitter:card\" content=\"summary_large_image\" \/>\n<meta name=\"twitter:label1\" content=\"Est. reading time\" \/>\n\t<meta name=\"twitter:data1\" content=\"7 minutes\" \/>\n<script type=\"application\/ld+json\" class=\"yoast-schema-graph\">{\"@context\":\"https:\\\/\\\/schema.org\",\"@graph\":[{\"@type\":\"WebPage\",\"@id\":\"http:\\\/\\\/www.microregio.pt\\\/en\\\/solutions\\\/\",\"url\":\"http:\\\/\\\/www.microregio.pt\\\/en\\\/solutions\\\/\",\"name\":\"Solutions &#8212; Microregio\",\"isPartOf\":{\"@id\":\"https:\\\/\\\/www.microregio.pt\\\/pt-pt\\\/#website\"},\"datePublished\":\"2016-04-02T10:18:39+00:00\",\"dateModified\":\"2019-05-15T09:17:38+00:00\",\"breadcrumb\":{\"@id\":\"http:\\\/\\\/www.microregio.pt\\\/en\\\/solutions\\\/#breadcrumb\"},\"inLanguage\":\"en-US\",\"potentialAction\":[{\"@type\":\"ReadAction\",\"target\":[\"http:\\\/\\\/www.microregio.pt\\\/en\\\/solutions\\\/\"]}]},{\"@type\":\"BreadcrumbList\",\"@id\":\"http:\\\/\\\/www.microregio.pt\\\/en\\\/solutions\\\/#breadcrumb\",\"itemListElement\":[{\"@type\":\"ListItem\",\"position\":1,\"name\":\"Home\",\"item\":\"https:\\\/\\\/www.microregio.pt\\\/en\\\/\"},{\"@type\":\"ListItem\",\"position\":2,\"name\":\"Solutions\"}]},{\"@type\":\"WebSite\",\"@id\":\"https:\\\/\\\/www.microregio.pt\\\/pt-pt\\\/#website\",\"url\":\"https:\\\/\\\/www.microregio.pt\\\/pt-pt\\\/\",\"name\":\"Microregio\",\"description\":\"Solu\u00e7\u00f5es Inform\u00e1ticas Lda\",\"potentialAction\":[{\"@type\":\"SearchAction\",\"target\":{\"@type\":\"EntryPoint\",\"urlTemplate\":\"https:\\\/\\\/www.microregio.pt\\\/pt-pt\\\/?s={search_term_string}\"},\"query-input\":{\"@type\":\"PropertyValueSpecification\",\"valueRequired\":true,\"valueName\":\"search_term_string\"}}],\"inLanguage\":\"en-US\"}]}<\/script>\n<!-- \/ Yoast SEO plugin. -->","yoast_head_json":{"title":"Solutions &#8212; Microregio","robots":{"index":"index","follow":"follow","max-snippet":"max-snippet:-1","max-image-preview":"max-image-preview:large","max-video-preview":"max-video-preview:-1"},"canonical":"http:\/\/www.microregio.pt\/en\/solutions\/","og_locale":"en_US","og_type":"article","og_title":"Solutions &#8212; Microregio","og_description":"[vc_row][vc_column][vc_column_text] Implementing the best IT practices foster companies growth and sustainability. With that in mind, we develop solutions aimed at improving and enhancing the IT infrastructures of our customers. Together we develop value-added solutions in different areas. [\/vc_column_text][vc_empty_space height=&#8221;50&#8243;][\/vc_column][\/vc_row][vc_row][vc_column][vc_raw_html]JTNDYSUyMGNsYXNzJTNEJTIyYW5jaG9yJTIyJTIwaWQlM0QlMjJtYW5hZ2VtZW50LXNvZnR3YXJlJTIyJTNFJTNDJTJGYSUzRQ==[\/vc_raw_html][vc_column_text] Management Software [\/vc_column_text][vc_empty_space height=&#8221;25&#8243;][vc_column_text] PRIMAVERA \u2013 Business Software Solutions [\/vc_column_text][vc_empty_space height=&#8221;25&#8243;][\/vc_column][\/vc_row][vc_row][vc_column width=&#8221;6\/12&#8243;][vc_column_text]Established in 1993, Primavera BSS...","og_url":"http:\/\/www.microregio.pt\/en\/solutions\/","og_site_name":"Microregio","article_modified_time":"2019-05-15T09:17:38+00:00","twitter_card":"summary_large_image","twitter_misc":{"Est. reading time":"7 minutes"},"schema":{"@context":"https:\/\/schema.org","@graph":[{"@type":"WebPage","@id":"http:\/\/www.microregio.pt\/en\/solutions\/","url":"http:\/\/www.microregio.pt\/en\/solutions\/","name":"Solutions &#8212; Microregio","isPartOf":{"@id":"https:\/\/www.microregio.pt\/pt-pt\/#website"},"datePublished":"2016-04-02T10:18:39+00:00","dateModified":"2019-05-15T09:17:38+00:00","breadcrumb":{"@id":"http:\/\/www.microregio.pt\/en\/solutions\/#breadcrumb"},"inLanguage":"en-US","potentialAction":[{"@type":"ReadAction","target":["http:\/\/www.microregio.pt\/en\/solutions\/"]}]},{"@type":"BreadcrumbList","@id":"http:\/\/www.microregio.pt\/en\/solutions\/#breadcrumb","itemListElement":[{"@type":"ListItem","position":1,"name":"Home","item":"https:\/\/www.microregio.pt\/en\/"},{"@type":"ListItem","position":2,"name":"Solutions"}]},{"@type":"WebSite","@id":"https:\/\/www.microregio.pt\/pt-pt\/#website","url":"https:\/\/www.microregio.pt\/pt-pt\/","name":"Microregio","description":"Solu\u00e7\u00f5es Inform\u00e1ticas Lda","potentialAction":[{"@type":"SearchAction","target":{"@type":"EntryPoint","urlTemplate":"https:\/\/www.microregio.pt\/pt-pt\/?s={search_term_string}"},"query-input":{"@type":"PropertyValueSpecification","valueRequired":true,"valueName":"search_term_string"}}],"inLanguage":"en-US"}]}},"_links":{"self":[{"href":"http:\/\/www.microregio.pt\/en\/wp-json\/wp\/v2\/pages\/1270\/"}],"collection":[{"href":"http:\/\/www.microregio.pt\/en\/wp-json\/wp\/v2\/pages\/"}],"about":[{"href":"http:\/\/www.microregio.pt\/en\/wp-json\/wp\/v2\/types\/page\/"}],"author":[{"embeddable":true,"href":"http:\/\/www.microregio.pt\/en\/wp-json\/wp\/v2\/users\/1\/"}],"replies":[{"embeddable":true,"href":"http:\/\/www.microregio.pt\/en\/wp-json\/wp\/v2\/comments\/?post=1270"}],"version-history":[{"count":17,"href":"http:\/\/www.microregio.pt\/en\/wp-json\/wp\/v2\/pages\/1270\/revisions\/"}],"predecessor-version":[{"id":2142,"href":"http:\/\/www.microregio.pt\/en\/wp-json\/wp\/v2\/pages\/1270\/revisions\/2142\/"}],"wp:attachment":[{"href":"http:\/\/www.microregio.pt\/en\/wp-json\/wp\/v2\/media\/?parent=1270"}],"curies":[{"name":"wp","href":"https:\/\/api.w.org\/{rel}","templated":true}]}}