{"id":1467,"date":"2016-04-04T19:59:04","date_gmt":"2016-04-04T19:59:04","guid":{"rendered":"http:\/\/www.microregio.pt\/sobre-nos\/"},"modified":"2019-05-15T09:17:19","modified_gmt":"2019-05-15T09:17:19","slug":"about-us","status":"publish","type":"page","link":"http:\/\/www.microregio.pt\/en\/about-us\/","title":{"rendered":"About us"},"content":{"rendered":"<div class=\"wpb-content-wrapper\"><p>[vc_row][vc_column width=&#8221;1\/3&#8243;][vc_column_text]<\/p>\n<h2 style=\"font-size: 30px; line-height: 40px;\"><strong><span class=\"text-highlight\">Competence,<br \/>\nAvailability and<br \/>\nMonitoring<br \/>\n<\/span><\/strong><\/h2>\n<p>[\/vc_column_text][vc_empty_space height=&#8221;50&#8243;][\/vc_column][vc_column width=&#8221;2\/3&#8243;][vc_column_text]Established in 1997, Micror\u00e9gio is a company specialised in the development, design and implementation of IT solutions.<\/p>\n<p>We provide hardware and software solutions, delivering technical assistance, training and consultancy services. We offer tailored solutions to meet our customers\u2019 specific needs.[\/vc_column_text][vc_empty_space height=&#8221;50&#8243;][\/vc_column][\/vc_row][vc_row full_width=&#8221;stretch_row&#8221;][vc_column]<div class='divider thick-line '><\/div>[vc_custom_heading text=&#8221;Solid reasons to work with us:&#8221; font_container=&#8221;tag:h3|text_align:left|color:%2300c5e9&#8243; google_fonts=&#8221;font_family:Raleway%3A100%2C200%2C300%2Cregular%2C500%2C600%2C700%2C800%2C900|font_style:400%20regular%3A400%3Anormal&#8221;][\/vc_column][\/vc_row][vc_row][vc_column][vc_empty_space height=&#8221;50&#8243;]<ul class='timeline  '><li><div class='left-side'><h3>We outline hardware and software profiles that best suit your business reality<\/h3><br><\/div><div class='right-side'><\/div><\/li><li><div class='left-side'><\/div><div class='right-side'><h3>We propose flexible and transparent solutions<\/h3><br><\/div><\/li><li><div class='left-side'><h3>We carry out a comprehensive needs assessment to find the best solutions for your business<\/h3><br><\/div><div class='right-side'><\/div><\/li><li><div class='left-side'><\/div><div class='right-side'><h3>Fully controlled IT infrastructure costs<\/h3><br><\/div><\/li><li><div class='left-side'><h3>We use our expertise in delivering innovation<\/h3><br><\/div><div class='right-side'><\/div><\/li><li><div class='left-side'><\/div><div class='right-side'><h3>We provide constant monitoring and follow-through on your IT Systems<\/h3><br><\/div><\/li><li><div class='left-side'><h3>We partner with leading global IT manufacturers<\/h3><br><\/div><div class='right-side'><\/div><\/li><\/ul>[vc_empty_space height=&#8221;50&#8243;][\/vc_column][\/vc_row][vc_row full_width=&#8221;stretch_row&#8221; parallax=&#8221;theme-parallax&#8221; parallax_image=&#8221;1374&#8243; css=&#8221;.vc_custom_1486990325010{background-color: #bcbcbc !important;}&#8221;][vc_column][vc_empty_space height=&#8221;50&#8243;][vc_single_image image=&#8221;1527&#8243; img_size=&#8221;full&#8221; alignment=&#8221;center&#8221;][vc_empty_space height=&#8221;50&#8243;][\/vc_column][\/vc_row][vc_row full_width=&#8221;stretch_row_content_no_spaces&#8221; equal_height=&#8221;yes&#8221; content_placement=&#8221;middle&#8221;][vc_column width=&#8221;6\/12&#8243;][vc_single_image image=&#8221;1429&#8243; img_size=&#8221;full&#8221; alignment=&#8221;center&#8221;][\/vc_column][vc_column width=&#8221;1\/2&#8243; offset=&#8221;vc_col-lg-offset-0 vc_col-md-offset-0&#8243; css=&#8221;.vc_custom_1484918880324{background-color: rgba(244,244,244,0.4) !important;*background-color: rgb(244,244,244) !important;}&#8221; el_class=&#8221;vc_custom_1483009603262&#8243;][vc_row_inner][vc_column_inner width=&#8221;5\/6&#8243;][vc_column_text]<\/p>\n<h2>Recruitment<\/h2>\n<p>At Micror\u00e9gio we strive to have a dynamic and highly motivated team.<br \/>\nWe believe that one of the key factors for a company\u2019s success is to continually develop sustainable teams.<br \/>\nWe value teamwork. As such, ongoing training is crucial to the professional and personal development of our teamplayers.<br \/>\nIf you want to join our team, send us your detailed CV to:\u00a0<a href=\"mailto:recrutamento@microregio.pt\">recrutamento@microregio.pt<\/a>.[\/vc_column_text][\/vc_column_inner][\/vc_row_inner][\/vc_column][\/vc_row][vc_row full_width=&#8221;stretch_row&#8221; parallax=&#8221;theme-parallax&#8221; parallax_image=&#8221;1405&#8243;][vc_column width=&#8221;1\/2&#8243;][vc_empty_space height=&#8221;100&#8243;][vc_custom_heading text=&#8221;Social Responsibility&#8221; font_container=&#8221;tag:h3|text_align:left|color:%2300c5e9&#8243; google_fonts=&#8221;font_family:Raleway%3A100%2C200%2C300%2Cregular%2C500%2C600%2C700%2C800%2C900|font_style:400%20regular%3A400%3Anormal&#8221;][vc_column_text]Micror\u00e9gio contributes positively to the development of society, seeking to respect the surrounding community, supporting several social causes, protecting the environment and improving social conditions of entities and individuals.<\/p>\n<p>The whole team is heavily involved in all company initiatives from waste separation to the support given to various institutions and the participation in solidarity campaigns.[\/vc_column_text][vc_empty_space height=&#8221;100&#8243;][\/vc_column][vc_column width=&#8221;1\/2&#8243;][\/vc_column][\/vc_row]<\/p>\n<\/div>","protected":false},"excerpt":{"rendered":"<p>[vc_row][vc_column width=&#8221;1\/3&#8243;][vc_column_text] Competence, Availability and Monitoring [\/vc_column_text][vc_empty_space height=&#8221;50&#8243;][\/vc_column][vc_column width=&#8221;2\/3&#8243;][vc_column_text]Established in 1997, Micror\u00e9gio is a company specialised in the development, design and implementation of IT solutions. We provide hardware and software solutions, delivering technical assistance, training and consultancy services. We offer tailored solutions to meet our customers\u2019 specific needs.[\/vc_column_text][vc_empty_space height=&#8221;50&#8243;][\/vc_column][\/vc_row][vc_row full_width=&#8221;stretch_row&#8221;][vc_column][vc_custom_heading text=&#8221;Solid reasons to work with&#8230;<\/p>\n","protected":false},"author":1,"featured_media":0,"parent":0,"menu_order":1,"comment_status":"closed","ping_status":"closed","template":"","meta":{"footnotes":""},"class_list":["post-1467","page","type-page","status-publish","hentry"],"yoast_head":"<!-- This site is optimized with the Yoast SEO plugin v27.5 - https:\/\/yoast.com\/product\/yoast-seo-wordpress\/ -->\n<title>About us &#8212; Microregio<\/title>\n<meta name=\"robots\" content=\"index, follow, max-snippet:-1, max-image-preview:large, max-video-preview:-1\" \/>\n<link rel=\"canonical\" href=\"http:\/\/www.microregio.pt\/en\/about-us\/\" \/>\n<meta property=\"og:locale\" content=\"en_US\" \/>\n<meta property=\"og:type\" content=\"article\" \/>\n<meta property=\"og:title\" content=\"About us &#8212; Microregio\" \/>\n<meta property=\"og:description\" content=\"[vc_row][vc_column width=&#8221;1\/3&#8243;][vc_column_text] Competence, Availability and Monitoring [\/vc_column_text][vc_empty_space height=&#8221;50&#8243;][\/vc_column][vc_column width=&#8221;2\/3&#8243;][vc_column_text]Established in 1997, Micror\u00e9gio is a company specialised in the development, design and implementation of IT solutions. We provide hardware and software solutions, delivering technical assistance, training and consultancy services. We offer tailored solutions to meet our customers\u2019 specific needs.[\/vc_column_text][vc_empty_space height=&#8221;50&#8243;][\/vc_column][\/vc_row][vc_row full_width=&#8221;stretch_row&#8221;][vc_column][vc_custom_heading text=&#8221;Solid reasons to work with...\" \/>\n<meta property=\"og:url\" content=\"http:\/\/www.microregio.pt\/en\/about-us\/\" \/>\n<meta property=\"og:site_name\" content=\"Microregio\" \/>\n<meta property=\"article:modified_time\" content=\"2019-05-15T09:17:19+00:00\" \/>\n<meta name=\"twitter:card\" content=\"summary_large_image\" \/>\n<meta name=\"twitter:label1\" content=\"Est. reading time\" \/>\n\t<meta name=\"twitter:data1\" content=\"3 minutes\" \/>\n<script type=\"application\/ld+json\" class=\"yoast-schema-graph\">{\"@context\":\"https:\\\/\\\/schema.org\",\"@graph\":[{\"@type\":\"WebPage\",\"@id\":\"http:\\\/\\\/www.microregio.pt\\\/en\\\/about-us\\\/\",\"url\":\"http:\\\/\\\/www.microregio.pt\\\/en\\\/about-us\\\/\",\"name\":\"About us &#8212; Microregio\",\"isPartOf\":{\"@id\":\"https:\\\/\\\/www.microregio.pt\\\/pt-pt\\\/#website\"},\"datePublished\":\"2016-04-04T19:59:04+00:00\",\"dateModified\":\"2019-05-15T09:17:19+00:00\",\"breadcrumb\":{\"@id\":\"http:\\\/\\\/www.microregio.pt\\\/en\\\/about-us\\\/#breadcrumb\"},\"inLanguage\":\"en-US\",\"potentialAction\":[{\"@type\":\"ReadAction\",\"target\":[\"http:\\\/\\\/www.microregio.pt\\\/en\\\/about-us\\\/\"]}]},{\"@type\":\"BreadcrumbList\",\"@id\":\"http:\\\/\\\/www.microregio.pt\\\/en\\\/about-us\\\/#breadcrumb\",\"itemListElement\":[{\"@type\":\"ListItem\",\"position\":1,\"name\":\"Home\",\"item\":\"https:\\\/\\\/www.microregio.pt\\\/en\\\/\"},{\"@type\":\"ListItem\",\"position\":2,\"name\":\"About us\"}]},{\"@type\":\"WebSite\",\"@id\":\"https:\\\/\\\/www.microregio.pt\\\/pt-pt\\\/#website\",\"url\":\"https:\\\/\\\/www.microregio.pt\\\/pt-pt\\\/\",\"name\":\"Microregio\",\"description\":\"Solu\u00e7\u00f5es Inform\u00e1ticas Lda\",\"potentialAction\":[{\"@type\":\"SearchAction\",\"target\":{\"@type\":\"EntryPoint\",\"urlTemplate\":\"https:\\\/\\\/www.microregio.pt\\\/pt-pt\\\/?s={search_term_string}\"},\"query-input\":{\"@type\":\"PropertyValueSpecification\",\"valueRequired\":true,\"valueName\":\"search_term_string\"}}],\"inLanguage\":\"en-US\"}]}<\/script>\n<!-- \/ Yoast SEO plugin. -->","yoast_head_json":{"title":"About us &#8212; Microregio","robots":{"index":"index","follow":"follow","max-snippet":"max-snippet:-1","max-image-preview":"max-image-preview:large","max-video-preview":"max-video-preview:-1"},"canonical":"http:\/\/www.microregio.pt\/en\/about-us\/","og_locale":"en_US","og_type":"article","og_title":"About us &#8212; Microregio","og_description":"[vc_row][vc_column width=&#8221;1\/3&#8243;][vc_column_text] Competence, Availability and Monitoring [\/vc_column_text][vc_empty_space height=&#8221;50&#8243;][\/vc_column][vc_column width=&#8221;2\/3&#8243;][vc_column_text]Established in 1997, Micror\u00e9gio is a company specialised in the development, design and implementation of IT solutions. We provide hardware and software solutions, delivering technical assistance, training and consultancy services. We offer tailored solutions to meet our customers\u2019 specific needs.[\/vc_column_text][vc_empty_space height=&#8221;50&#8243;][\/vc_column][\/vc_row][vc_row full_width=&#8221;stretch_row&#8221;][vc_column][vc_custom_heading text=&#8221;Solid reasons to work with...","og_url":"http:\/\/www.microregio.pt\/en\/about-us\/","og_site_name":"Microregio","article_modified_time":"2019-05-15T09:17:19+00:00","twitter_card":"summary_large_image","twitter_misc":{"Est. reading time":"3 minutes"},"schema":{"@context":"https:\/\/schema.org","@graph":[{"@type":"WebPage","@id":"http:\/\/www.microregio.pt\/en\/about-us\/","url":"http:\/\/www.microregio.pt\/en\/about-us\/","name":"About us &#8212; Microregio","isPartOf":{"@id":"https:\/\/www.microregio.pt\/pt-pt\/#website"},"datePublished":"2016-04-04T19:59:04+00:00","dateModified":"2019-05-15T09:17:19+00:00","breadcrumb":{"@id":"http:\/\/www.microregio.pt\/en\/about-us\/#breadcrumb"},"inLanguage":"en-US","potentialAction":[{"@type":"ReadAction","target":["http:\/\/www.microregio.pt\/en\/about-us\/"]}]},{"@type":"BreadcrumbList","@id":"http:\/\/www.microregio.pt\/en\/about-us\/#breadcrumb","itemListElement":[{"@type":"ListItem","position":1,"name":"Home","item":"https:\/\/www.microregio.pt\/en\/"},{"@type":"ListItem","position":2,"name":"About us"}]},{"@type":"WebSite","@id":"https:\/\/www.microregio.pt\/pt-pt\/#website","url":"https:\/\/www.microregio.pt\/pt-pt\/","name":"Microregio","description":"Solu\u00e7\u00f5es Inform\u00e1ticas Lda","potentialAction":[{"@type":"SearchAction","target":{"@type":"EntryPoint","urlTemplate":"https:\/\/www.microregio.pt\/pt-pt\/?s={search_term_string}"},"query-input":{"@type":"PropertyValueSpecification","valueRequired":true,"valueName":"search_term_string"}}],"inLanguage":"en-US"}]}},"_links":{"self":[{"href":"http:\/\/www.microregio.pt\/en\/wp-json\/wp\/v2\/pages\/1467\/"}],"collection":[{"href":"http:\/\/www.microregio.pt\/en\/wp-json\/wp\/v2\/pages\/"}],"about":[{"href":"http:\/\/www.microregio.pt\/en\/wp-json\/wp\/v2\/types\/page\/"}],"author":[{"embeddable":true,"href":"http:\/\/www.microregio.pt\/en\/wp-json\/wp\/v2\/users\/1\/"}],"replies":[{"embeddable":true,"href":"http:\/\/www.microregio.pt\/en\/wp-json\/wp\/v2\/comments\/?post=1467"}],"version-history":[{"count":7,"href":"http:\/\/www.microregio.pt\/en\/wp-json\/wp\/v2\/pages\/1467\/revisions\/"}],"predecessor-version":[{"id":1902,"href":"http:\/\/www.microregio.pt\/en\/wp-json\/wp\/v2\/pages\/1467\/revisions\/1902\/"}],"wp:attachment":[{"href":"http:\/\/www.microregio.pt\/en\/wp-json\/wp\/v2\/media\/?parent=1467"}],"curies":[{"name":"wp","href":"https:\/\/api.w.org\/{rel}","templated":true}]}}