{"id":1813,"date":"2018-07-02T13:26:35","date_gmt":"2018-07-02T13:26:35","guid":{"rendered":"https:\/\/www.microregio.pt\/?page_id=1813"},"modified":"2019-05-15T09:17:10","modified_gmt":"2019-05-15T09:17:10","slug":"privacy-policy","status":"publish","type":"page","link":"https:\/\/www.microregio.pt\/en\/privacy-policy\/","title":{"rendered":"Privacy Policy"},"content":{"rendered":"<div class=\"wpb-content-wrapper\"><p>[vc_row css=&#8221;.vc_custom_1530538430875{margin-bottom: 100px !important;padding-right: 15px !important;padding-left: 15px !important;}&#8221;][vc_column][vc_column_text]<strong>PRIVACY POLICY AND TREATMENT OF PERSONAL DATA<\/strong><\/p>\n<p><strong>I. We and our commitment:<\/strong><br \/>\nMicror\u00e9gio &#8211; Solu\u00e7\u00f5es Inform\u00e1ticas, Lda is a company incorporated in the form of a commercial company by quotas, and hereinafter referred to as &#8220;Micror\u00e9gio&#8221;, which is dedicated to development, design and implementation of solutions in the Information Systems and Technologies sector.<br \/>\nTaking into account the proportionality and adequacy imposed by the capacity to allocate the resources and technical means at its disposal, Micror\u00e9gio is deeply and genuinely committed to protecting its regular and occasional clients and employees, as well as users of our various physical and digital platforms, especially paper files, digital files and \/ or websites in use or to implement, with respect to your privacy and the processing and circulation of your personal data.<\/p>\n<p><strong>II. Our collection devices and personal data media in use:<\/strong><br \/>\nWe dispose, edit and manage the following personal data media<br \/>\nComputer system consisting of a set of software solutions, supported on a set of hardware devices and other similar solutions, including e-mail services and other external digital repositories and communication solutions;<br \/>\nPaper files packaged in cabinets and bookcases in restricted access rooms;<br \/>\nMicror\u00e9gio website \u2013 www.microregio.pt;<\/p>\n<p><strong>III. Personal and material scope of this Privacy Policy:<\/strong><br \/>\nThis privacy policy obliges Micror\u00e9gio and exclusively with respect to the personal data that collects, treats and circulates.<br \/>\nThe same or similar policy will also be assumed, contractually signed with Micror\u00e9gio, by entities that treat the same personal data on behalf of this.<br \/>\nThe availability through the website www.microregio.pt of other access links to other websites outside Micror\u00e9gio, is made in good faith and in the interest of the user, and Micror\u00e9gio can not be held responsible, in any way, for the collection, treatment and destination of the data on those websites, or for the reliability, accuracy, legality and functionality available there, and therefore do not apply to this privacy policy.<br \/>\nMicror\u00e9gio considers it obligatory and will presume for all effects, without possibility of proof to the contrary, that it will read the privacy policies of all the websites that access.<\/p>\n<p><strong>IV. The reason for and the publicity of this Privacy Policy:<\/strong><br \/>\nIn addition to implementing it in its organizational processes, Micror\u00e9gio drafted this Privacy Policy with the purpose of making available and publicizing an explanatory instrument of the general rules of privacy and treatment of the personal data it collects, always in strict compliance with the Legislation pertinent.<br \/>\nFor this purpose, the text of this privacy policy will be available for consultation whenever requested at our headquarters and in digital support at the website www.microregio.pt.<br \/>\nWhat is prescribed in this Privacy Policy complements what is stipulated in the same matter in the formal or informal contracts that the visas celebrate with Micror\u00e9gio.<br \/>\nWe ask you to read this Privacy Policy carefully, therefore, the availability of your personal data, either in person or when accessing said Website, implies that you know and accept the conditions contained herein and the treatment of them for the purposes lawful and legitimate provided by law.<br \/>\nMicror\u00e9gio expressly reserves the right to change the present privacy policy at any time and the result of which is duly publicized by the same means.<\/p>\n<p><strong>V. Concept of personal data:<\/strong><br \/>\nPersonal data shall mean any information or record of any nature and regardless of its support or format, namely sound, image, writing, chirograph or feature, relating to an identified or identifiable natural person.<br \/>\nIt is considered identifiable any person who can be directly or indirectly identified by reference to one or more specific personal data, alone or in conjunction with each other, including their physical, physiological, psychological, economic, ethnic, cultural, geographical, social or location.<\/p>\n<p><strong>VI. The entity responsible for the processing of personal data:<\/strong><br \/>\nThe entity responsible for the collection and processing of personal data is Micror\u00e9gio, Lda., which, in the context of its relations with the holder of personal data, establishes, on a legitimate basis, the data collected, the means of treatment and the purposes of such collection and treatment.<\/p>\n<p><strong>VII. Types of personal data collected and processed:<\/strong><br \/>\nIn the scope of its activity, Micror\u00e9gio collects and treats:<\/p>\n<p><strong>1.<\/strong> Personal data necessary to provide and \/ or receive services and \/ or supply of products to its customers and \/ or its suppliers, dealing in this area with data such as name, tax number, address, telephone number and address among others, strictly necessary, proportionate and lawful.<\/p>\n<p><strong>2.<\/strong> Personal data necessary for the execution of the employment contract or service contracts concluded with its employees, dealing in this area with data such as the name, identification document number and other data, tax identification number, composition of the household, social security, address, telephone numbers and e-mail address, health data, access, location, among others that are strictly necessary, proportionate and lawful.<\/p>\n<p><strong>3.<\/strong> Personal data necessary to fulfill legal obligations, either to public entities or to private entities, dealing in this area with data such as the name, identification document number and other data, tax identification number, composition of the household, social security number, address (es), telephone numbers and e-mail address, health data among others that are strictly necessary, proportionate and lawful.<\/p>\n<p><strong>4.<\/strong> Data necessary for the management of clients and suppliers, contracting and managing the contractual relationship with customers and suppliers, adequacy of the provision of services appropriate to the needs and interests of the Client, including the sending of suggestions, information and marketing actions, publicize campaigns, promotions, advertising and news about the services and \/ or products, conducting market studies and \/ or satisfaction surveys, handling complaints, dealing in this field with address (es) telephone numbers and e-mail address , among others strictly necessary, proportional and lawful.<\/p>\n<p><strong>5.<\/strong> All personal data necessary for the exercise of the rights of Micror\u00e9gio in the scope of the relations mentioned in the previous items, and in the continuation of its activity and legitimate interest, mainly, to the accounting, fiscal and administrative management, to the management of litigation, to the judicial proof, fraud detection, revenue and audit protection, network and systems management, control of information security and physical security, and security of premises.<br \/>\nNotwithstanding the compliance with legal norms or legitimate orders from a competent authority regarding the preservation and transmission of data, Micror\u00e9gio only treats personal data necessary for its activity, in the strict and strict measure required by the nature of the contractual relationship or of another nature, established with the holder of such data, or prior, legitimate, lawful and informed consent, if any.<\/p>\n<p><strong>VIII. Moment and method of collection of personal data:<\/strong><br \/>\nMicror\u00e9gio collects the personal data in person, in writing, by phone, by email or through its website.<\/p>\n<p>As a rule, personal data is collected when starting the relationship, or collaboration, contractual or otherwise necessary for the pursuit of Micror\u00e9gio activity, between this and the data holder.<br \/>\nSome personal data is mandatory collection and necessary for the initiation and normal and legal development of that relationship or collaboration, so in the absence or insufficiency of such data, it will not start or continue, and in this case, Micror\u00e9gio will inform the holder of such mandatory and necessary data.<br \/>\nOther than those of a public list and those that may be used in the legitimate interest of Micror\u00e9gio, your data will only be collected and processed if and for the purposes that were previously agreed, in a free, informed, specific and unequivocal manner , by means of a written declaration, orally or through the validation of an option, namely for the subscription of newsletters or marketing communications, situation in which the other rules of this privacy policy will apply.<\/p>\n<p>If you wish to stop receiving these communications, you can express your opposition at all times.<br \/>\nThe data collected will be documented, whether in paper or digital format, in the strict compliance with the legislation that regulates the protection of personal data, being stored and contained in paper files and \/ or specific database, created and managed with limited and restricted access to the employees of Micror\u00e9gio who necessarily have to deal with them in the pursuit of this activity.<br \/>\nIn no case shall the data collected be used for any purpose other than that for which the consent has been given by the holder, where necessary, or for the lawful and legitimate purpose of the collection.<\/p>\n<p><strong>IX. Purposes of the collection and processing of personal data:<\/strong><br \/>\nIn general, personal data collected aim at the management of customers, suppliers and employees, the contracting and management of the contractual relationship with customers, suppliers and employees, the receipt and \/ or delivery of services \/ supplies contracted, the adequacy of service provision \/ supplies to the needs and interests of the Client, the sending of suggestions, information and marketing actions, publicizing campaigns, promotions, advertising and news about the services and \/ or products, conducting market studies and \/ or satisfaction surveys, claims management, accounting, tax and administrative management, litigation management, judicial evidence, fraud detection, revenue protection and auditing, network and systems management, information security control and physical security, the safety of the installations, the fulfillment of legal obligations and for the other purposes for which the Law recognizes a legitimate interest.<br \/>\nWhen collecting the data, or when you request it, you will be informed in more detail about the treatment we make of your data.<\/p>\n<p><strong>X. Deadlines for keeping your personal data:<\/strong><br \/>\nWhenever there is a specific legal requirement that requires to keep the data for a minimum period of time, this will be observed by the Micror\u00e9gio.<br \/>\nMicror\u00e9gio will keep your personal data stored for the minimum period of time strictly necessary for the purpose for which the information is collected and processed, after which it will eliminate them.<\/p>\n<p><strong>XI. Right of access, rectification, opposition, deletion, limitation and portability of your personal data:<\/strong><br \/>\nMicror\u00e9gio guarantees the holder of personal data, the right of access, rectification, opposition, deletion, limitation and portability of their personal data.<br \/>\nThese rights may be exercised by phone +351252638330 or by written communication sent to the postal address &#8220;Avenida Mouzinho de Albuquerque, 15, Azurara, 4480-151 Azurara&#8221; or by electronic communication to personaldata@microregio.pt.<\/p>\n<p><strong>XII. Measures adopted to ensure the safety of your personal data:<\/strong><br \/>\nMicror\u00e9gio observes the best practices, adopting the technical and organizational measures appropriate to the risk, in the field of security and protection of personal data, having approved and implemented a demanding plan of compliance with the objectives, the Law and the interest of the owners of personal data, capable of protecting the data that are made available to us by anyone that in any way relates to us, in order to protect them against its diffusion, loss, misuse, alteration, treatment or unauthorized access , as well as against any other form of illicit treatment.<\/p>\n<p>Thus, the form(s) for the collection of personal digital or paper data, whether filled in the physical premises of Micror\u00e9gio, or on the website, (which require the encrypted sessions of the Browser) or by any of Micror\u00e9gio employees, are stored safely in our physical repositories and digital systems.<\/p>\n<p>All personal data you provide us about yourself, are stored in a datacenter owned by Micror\u00e9gio, or one of its subcontractors, under cover of all advanced physical and logistics security measures, which we believe are essential to the protection of your personal data.<\/p>\n<p>Despite these security measures, we alert everyone who browses the Internet that they should take additional security measures, such as ensuring the use of fully patched PC and Browser, the use of active firewall, antivirus and antispyware and to make sure of the authenticity of the websites you visit on the internet avoiding websites whose reputation you do not trust.<\/p>\n<p>Whenever, in the legitimate and lawful pursuit of objectives of its activity, Micror\u00e9gio adopts monitoring measures for its employees, especially with regard to access control, working hours, tasks and productivity, movement and transportation, not only the visas will have prior knowledge of the respective implementation &#8211; being, whenever legally necessary and lawful, requested their consent &#8211; as the tools for the purpose used will ensure the same level of security of the personal data collected and processed by them<\/p>\n<p>The safety and compliance plan includes the designation of an element of the team responsible for controlling all processes inherent in the legal obligations required by the legislation regulating the processing of personal data.<\/p>\n<p><strong>XIII. Responsible for the protection of personal data:<\/strong><br \/>\nCan be contacted directly by mail to the address &#8220;Avenida Mouzinho de Albuquerque, 15, Azurara, 4480-151 Azurara&#8221; or to the email address personaldata@microregio.pt.<\/p>\n<p><strong>XIV. Communication of data to other entities, subcontractors or third parties:<\/strong><br \/>\nMicror\u00e9gio may use subcontractors for the purpose of collecting and processing data, for the same purposes that it aims, obtaining from those entities contractually, a guarantee of reputation and an obligation to develop technical and organizational measures adequate for the protection of data and to ensure the rights of data holders. In certain circumstances determined by law, certain personal data may have to be reported to public authorities, such as tributary, courts and security forces.<br \/>\nIn this way, any of these subcontracted entities will treat the personal data of our Clients, in the name and on behalf of Micror\u00e9gio, under the obligation to adopt the appropriate technical and organizational measures to the risk in order to protect the personal data against the destruction, accidental or illicit, accidental loss, alteration, dissemination or unauthorized access and against any other form of illicit treatment.<\/p>\n<p><strong>XV. Transfer of personal data:<\/strong><br \/>\nThe pursuit of Micror\u00e9gio activity may imply the transfer of its data outside Portugal.<br \/>\nIn this event, Micror\u00e9gio will strictly comply with the applicable legal provisions, in particular as regards the determination of the reliability and suitability of the country of destination as regards the protection of personal data and the requirements applicable to such transfers.<\/p>\n<p><strong>XVI. Changes to the Privacy Policy and Treatment of Personal Data:<\/strong><br \/>\nMicror\u00e9gio expressly reserves the right to change the present privacy policy at any time, being the result of them duly publicized by the same means<\/p>\n<p>[\/vc_column_text][\/vc_column][\/vc_row]<\/p>\n<\/div>","protected":false},"excerpt":{"rendered":"<p>[vc_row css=&#8221;.vc_custom_1530538430875{margin-bottom: 100px !important;padding-right: 15px !important;padding-left: 15px !important;}&#8221;][vc_column][vc_column_text]PRIVACY POLICY AND TREATMENT OF PERSONAL DATA I. We and our commitment: Micror\u00e9gio &#8211; Solu\u00e7\u00f5es Inform\u00e1ticas, Lda is a company incorporated in the form of a commercial company by quotas, and hereinafter referred to as &#8220;Micror\u00e9gio&#8221;, which is dedicated to development, design and implementation of solutions in the&#8230;<\/p>\n","protected":false},"author":1,"featured_media":0,"parent":0,"menu_order":0,"comment_status":"closed","ping_status":"closed","template":"","meta":{"footnotes":""},"class_list":["post-1813","page","type-page","status-publish","hentry"],"yoast_head":"<!-- This site is optimized with the Yoast SEO plugin v27.5 - https:\/\/yoast.com\/product\/yoast-seo-wordpress\/ -->\n<title>Privacy Policy &#8212; Microregio<\/title>\n<meta name=\"robots\" content=\"index, follow, max-snippet:-1, max-image-preview:large, max-video-preview:-1\" \/>\n<link rel=\"canonical\" href=\"https:\/\/www.microregio.pt\/en\/privacy-policy\/\" \/>\n<meta property=\"og:locale\" content=\"en_US\" \/>\n<meta property=\"og:type\" content=\"article\" \/>\n<meta property=\"og:title\" content=\"Privacy Policy &#8212; Microregio\" \/>\n<meta property=\"og:description\" content=\"[vc_row css=&#8221;.vc_custom_1530538430875{margin-bottom: 100px !important;padding-right: 15px !important;padding-left: 15px !important;}&#8221;][vc_column][vc_column_text]PRIVACY POLICY AND TREATMENT OF PERSONAL DATA I. We and our commitment: Micror\u00e9gio &#8211; Solu\u00e7\u00f5es Inform\u00e1ticas, Lda is a company incorporated in the form of a commercial company by quotas, and hereinafter referred to as &#8220;Micror\u00e9gio&#8221;, which is dedicated to development, design and implementation of solutions in the...\" \/>\n<meta property=\"og:url\" content=\"https:\/\/www.microregio.pt\/en\/privacy-policy\/\" \/>\n<meta property=\"og:site_name\" content=\"Microregio\" \/>\n<meta property=\"article:modified_time\" content=\"2019-05-15T09:17:10+00:00\" \/>\n<meta name=\"twitter:card\" content=\"summary_large_image\" \/>\n<meta name=\"twitter:label1\" content=\"Est. reading time\" \/>\n\t<meta name=\"twitter:data1\" content=\"12 minutes\" \/>\n<script type=\"application\/ld+json\" class=\"yoast-schema-graph\">{\"@context\":\"https:\\\/\\\/schema.org\",\"@graph\":[{\"@type\":\"WebPage\",\"@id\":\"https:\\\/\\\/www.microregio.pt\\\/en\\\/privacy-policy\\\/\",\"url\":\"https:\\\/\\\/www.microregio.pt\\\/en\\\/privacy-policy\\\/\",\"name\":\"Privacy Policy &#8212; Microregio\",\"isPartOf\":{\"@id\":\"https:\\\/\\\/www.microregio.pt\\\/pt-pt\\\/#website\"},\"datePublished\":\"2018-07-02T13:26:35+00:00\",\"dateModified\":\"2019-05-15T09:17:10+00:00\",\"breadcrumb\":{\"@id\":\"https:\\\/\\\/www.microregio.pt\\\/en\\\/privacy-policy\\\/#breadcrumb\"},\"inLanguage\":\"en-US\",\"potentialAction\":[{\"@type\":\"ReadAction\",\"target\":[\"https:\\\/\\\/www.microregio.pt\\\/en\\\/privacy-policy\\\/\"]}]},{\"@type\":\"BreadcrumbList\",\"@id\":\"https:\\\/\\\/www.microregio.pt\\\/en\\\/privacy-policy\\\/#breadcrumb\",\"itemListElement\":[{\"@type\":\"ListItem\",\"position\":1,\"name\":\"Home\",\"item\":\"https:\\\/\\\/www.microregio.pt\\\/en\\\/\"},{\"@type\":\"ListItem\",\"position\":2,\"name\":\"Privacy Policy\"}]},{\"@type\":\"WebSite\",\"@id\":\"https:\\\/\\\/www.microregio.pt\\\/pt-pt\\\/#website\",\"url\":\"https:\\\/\\\/www.microregio.pt\\\/pt-pt\\\/\",\"name\":\"Microregio\",\"description\":\"Solu\u00e7\u00f5es Inform\u00e1ticas Lda\",\"potentialAction\":[{\"@type\":\"SearchAction\",\"target\":{\"@type\":\"EntryPoint\",\"urlTemplate\":\"https:\\\/\\\/www.microregio.pt\\\/pt-pt\\\/?s={search_term_string}\"},\"query-input\":{\"@type\":\"PropertyValueSpecification\",\"valueRequired\":true,\"valueName\":\"search_term_string\"}}],\"inLanguage\":\"en-US\"}]}<\/script>\n<!-- \/ Yoast SEO plugin. -->","yoast_head_json":{"title":"Privacy Policy &#8212; Microregio","robots":{"index":"index","follow":"follow","max-snippet":"max-snippet:-1","max-image-preview":"max-image-preview:large","max-video-preview":"max-video-preview:-1"},"canonical":"https:\/\/www.microregio.pt\/en\/privacy-policy\/","og_locale":"en_US","og_type":"article","og_title":"Privacy Policy &#8212; Microregio","og_description":"[vc_row css=&#8221;.vc_custom_1530538430875{margin-bottom: 100px !important;padding-right: 15px !important;padding-left: 15px !important;}&#8221;][vc_column][vc_column_text]PRIVACY POLICY AND TREATMENT OF PERSONAL DATA I. We and our commitment: Micror\u00e9gio &#8211; Solu\u00e7\u00f5es Inform\u00e1ticas, Lda is a company incorporated in the form of a commercial company by quotas, and hereinafter referred to as &#8220;Micror\u00e9gio&#8221;, which is dedicated to development, design and implementation of solutions in the...","og_url":"https:\/\/www.microregio.pt\/en\/privacy-policy\/","og_site_name":"Microregio","article_modified_time":"2019-05-15T09:17:10+00:00","twitter_card":"summary_large_image","twitter_misc":{"Est. reading time":"12 minutes"},"schema":{"@context":"https:\/\/schema.org","@graph":[{"@type":"WebPage","@id":"https:\/\/www.microregio.pt\/en\/privacy-policy\/","url":"https:\/\/www.microregio.pt\/en\/privacy-policy\/","name":"Privacy Policy &#8212; Microregio","isPartOf":{"@id":"https:\/\/www.microregio.pt\/pt-pt\/#website"},"datePublished":"2018-07-02T13:26:35+00:00","dateModified":"2019-05-15T09:17:10+00:00","breadcrumb":{"@id":"https:\/\/www.microregio.pt\/en\/privacy-policy\/#breadcrumb"},"inLanguage":"en-US","potentialAction":[{"@type":"ReadAction","target":["https:\/\/www.microregio.pt\/en\/privacy-policy\/"]}]},{"@type":"BreadcrumbList","@id":"https:\/\/www.microregio.pt\/en\/privacy-policy\/#breadcrumb","itemListElement":[{"@type":"ListItem","position":1,"name":"Home","item":"https:\/\/www.microregio.pt\/en\/"},{"@type":"ListItem","position":2,"name":"Privacy Policy"}]},{"@type":"WebSite","@id":"https:\/\/www.microregio.pt\/pt-pt\/#website","url":"https:\/\/www.microregio.pt\/pt-pt\/","name":"Microregio","description":"Solu\u00e7\u00f5es Inform\u00e1ticas Lda","potentialAction":[{"@type":"SearchAction","target":{"@type":"EntryPoint","urlTemplate":"https:\/\/www.microregio.pt\/pt-pt\/?s={search_term_string}"},"query-input":{"@type":"PropertyValueSpecification","valueRequired":true,"valueName":"search_term_string"}}],"inLanguage":"en-US"}]}},"_links":{"self":[{"href":"https:\/\/www.microregio.pt\/en\/wp-json\/wp\/v2\/pages\/1813\/"}],"collection":[{"href":"https:\/\/www.microregio.pt\/en\/wp-json\/wp\/v2\/pages\/"}],"about":[{"href":"https:\/\/www.microregio.pt\/en\/wp-json\/wp\/v2\/types\/page\/"}],"author":[{"embeddable":true,"href":"https:\/\/www.microregio.pt\/en\/wp-json\/wp\/v2\/users\/1\/"}],"replies":[{"embeddable":true,"href":"https:\/\/www.microregio.pt\/en\/wp-json\/wp\/v2\/comments\/?post=1813"}],"version-history":[{"count":3,"href":"https:\/\/www.microregio.pt\/en\/wp-json\/wp\/v2\/pages\/1813\/revisions\/"}],"predecessor-version":[{"id":1817,"href":"https:\/\/www.microregio.pt\/en\/wp-json\/wp\/v2\/pages\/1813\/revisions\/1817\/"}],"wp:attachment":[{"href":"https:\/\/www.microregio.pt\/en\/wp-json\/wp\/v2\/media\/?parent=1813"}],"curies":[{"name":"wp","href":"https:\/\/api.w.org\/{rel}","templated":true}]}}