{"id":13,"date":"2016-04-02T10:18:39","date_gmt":"2016-04-02T10:18:39","guid":{"rendered":"http:\/\/income.europadns.net\/?page_id=13"},"modified":"2023-12-27T12:45:31","modified_gmt":"2023-12-27T12:45:31","slug":"solucoes","status":"publish","type":"page","link":"https:\/\/www.microregio.pt\/pt-pt\/solucoes\/","title":{"rendered":"Solu\u00e7\u00f5es"},"content":{"rendered":"<div class=\"wpb-content-wrapper\"><p>[vc_row][vc_column][vc_column_text]<\/p>\n<h4>A sustentabilidade e o crescimento das empresas adv\u00eam das melhores pr\u00e1ticas no universo TI. Consequentemente apresentamos solu\u00e7\u00f5es que visam melhorar e potencializar as infraestruturas de TI dos nossos clientes. Junto de cada um desenvolvemos solu\u00e7\u00f5es de valor acrescentado nas diferentes \u00e1reas.<\/h4>\n<p>[\/vc_column_text][vc_empty_space height=&#8221;50&#8243;][\/vc_column][\/vc_row][vc_row][vc_column][vc_raw_html]JTNDYSUyMGNsYXNzJTNEJTIyYW5jaG9yJTIyJTIwaWQlM0QlMjJzb2Z0d2FyZS1kZS1nZXN0YW8lMjIlM0UlM0MlMkZhJTNF[\/vc_raw_html][vc_column_text el_class=&#8221;text-highlight&#8221;]<\/p>\n<h3>Software de Gest\u00e3o<\/h3>\n<p>[\/vc_column_text][vc_column_text]<\/p>\n<h4>PRIMAVERA \u2013 Business Software Solutions<\/h4>\n<p>[\/vc_column_text][vc_empty_space height=&#8221;25&#8243;][\/vc_column][\/vc_row][vc_row][vc_column width=&#8221;6\/12&#8243;][vc_column_text]Nascida em 1993, a Primavera BSS \u00e9 uma empresa de refer\u00eancia nacional e internacional no desenvolvimento de solu\u00e7\u00f5es de gest\u00e3o e plataformas para integra\u00e7\u00e3o de processos empresariais.<\/p>\n<p>\u00c9 um parceiro e fornecedor de excel\u00eancia e distingue-se pela inova\u00e7\u00e3o cont\u00ednua das suas solu\u00e7\u00f5es, difundidas pelos seus 40000 clientes, em mais de 20 pa\u00edses.<\/p>\n<p>O ERP Primavera \u00e9 uma plataforma de software desenvolvida para integrar todos os dados e processos de uma organiza\u00e7\u00e3o num sistema \u00fanico, possibilitando a\u00a0automa\u00e7\u00e3o\u00a0e armazenamento de todas as informa\u00e7\u00f5es, permitindo agilizar, num ambiente intuitivo e eficaz, todos os processos de gest\u00e3o, independentemente da dimens\u00e3o de cada neg\u00f3cio[\/vc_column_text][vc_empty_space height=&#8221;100&#8243;][\/vc_column][vc_column width=&#8221;5\/12&#8243; offset=&#8221;vc_col-lg-offset-1&#8243;][vc_tta_accordion c_position=&#8221;right&#8221; active_section=&#8221;0&#8243; el_class=&#8221;theme-accordion&#8221; collapsible_all=&#8221;true&#8221;][vc_tta_section title=&#8221;Software de Fatura\u00e7\u00e3o&#8221; tab_id=&#8221;1482249104826-3f3112bc-82aa&#8221;][vc_column_text]<a href=\"https:\/\/pt.primaverabss.com\/pt\/software\/software-faturacao\/express-faturacao\/\" target=\"_blank\" rel=\"noopener noreferrer\">Express Factura\u00e7\u00e3o <sup>FREE<\/sup><\/a><\/p>\n<p><a href=\"https:\/\/pt.primaverabss.com\/pt\/software\/software-faturacao\/express-restauracao\/\" target=\"_blank\" rel=\"noopener noreferrer\">Express Restaura\u00e7\u00e3o <sup>FREE<\/sup><\/a><\/p>\n<p><a href=\"https:\/\/pt.primaverabss.com\/pt\/software\/software-faturacao\/express-retalho\/\" target=\"_blank\" rel=\"noopener noreferrer\">Express Retalho <sup>FREE<\/sup><\/a>[\/vc_column_text][\/vc_tta_section][vc_tta_section title=&#8221;Software de Gest\u00e3o&#8221; tab_id=&#8221;1482249104867-37a32fd0-48ac&#8221;][vc_column_text]Para Micro e Pequenas Empresas<\/p>\n<p><a href=\"https:\/\/pt.primaverabss.com\/pt\/software\/software-de-gestao\/starter\/\" target=\"_blank\" rel=\"noopener noreferrer\">Starter<\/a><\/p>\n<p><a href=\"http:\/\/www.jasminsoftware.com\/\" target=\"_blank\" rel=\"noopener noreferrer\">Jasmin<\/a><\/p>\n<p>Para M\u00e9dias e Grandes Empresas<\/p>\n<p><a href=\"http:\/\/pt.primaverabss.com\/pt\/catalogo\/software-de-gestao\/professional\/professional\/\" target=\"_blank\" rel=\"noopener noreferrer\">Professional<\/a><\/p>\n<p><a href=\"http:\/\/pt.primaverabss.com\/pt\/catalogo\/software-de-gestao\/executive\/executive\/\" target=\"_blank\" rel=\"noopener noreferrer\">Executive<\/a>[\/vc_column_text][\/vc_tta_section][vc_tta_section title=&#8221;Solu\u00e7\u00f5es Especializadas&#8221; tab_id=&#8221;1482249303182-de57871f-b356&#8243;][vc_column_text]<a href=\"https:\/\/pt.primaverabss.com\/pt\/software\/solucoes-especializadas\/distribuicao-e-logistica\/\" target=\"_blank\" rel=\"noopener noreferrer\">Distribui\u00e7\u00e3o e Log\u00edstica<\/a><\/p>\n<p><a href=\"https:\/\/pt.primaverabss.com\/pt\/software\/solucoes-especializadas\/forca-de-vendas\/\" target=\"_blank\" rel=\"noopener noreferrer\">For\u00e7a de Vendas<\/a><\/p>\n<p><a href=\"https:\/\/pt.primaverabss.com\/pt\/software\/solucoes-especializadas\/omnia\/omnia-platform\/#employee-br-self-service\" target=\"_blank\" rel=\"noopener noreferrer\">Employee Self-Service<\/a><\/p>\n<p><a href=\"https:\/\/www.cegid.com\/ib\/pt\/produtos\/programa-gestao-da-manutencao\/\" target=\"_blank\" rel=\"noopener noreferrer\">Manuten\u00e7\u00e3o<\/a><\/p>\n<p><a href=\"https:\/\/pt.primaverabss.com\/pt\/software\/solucoes-especializadas\/recursos-humanos\/\" target=\"_blank\" rel=\"noopener noreferrer\">Recursos Humanos<\/a><\/p>\n<p><a href=\"https:\/\/pt.primaverabss.com\/pt\/software\/solucoes-especializadas\/reporting\/\" target=\"_blank\" rel=\"noopener noreferrer\">Reporting<\/a>[\/vc_column_text][\/vc_tta_section][vc_tta_section title=&#8221;Solu\u00e7\u00f5es Setoriais&#8221; tab_id=&#8221;1482249332325-0dac4100-d135&#8243;][vc_column_text]<a href=\"https:\/\/pt.primaverabss.com\/pt\/software\/solucoes-setoriais\/administracao-publica\/\" target=\"_blank\" rel=\"noopener noreferrer\">Administra\u00e7\u00e3o P\u00fablica<\/a><\/p>\n<p><a href=\"https:\/\/pt.primaverabss.com\/pt\/software\/solucoes-setoriais\/construcao-civil\/\" target=\"_blank\" rel=\"noopener noreferrer\">Constru\u00e7\u00e3o Civil<\/a><\/p>\n<p><a href=\"https:\/\/pt.primaverabss.com\/pt\/software\/solucoes-setoriais\/contabilidade\/\" target=\"_blank\" rel=\"noopener noreferrer\">Contabilidade<\/a><\/p>\n<p><a href=\"https:\/\/pt.primaverabss.com\/pt\/software\/solucoes-setoriais\/industria\/\" target=\"_blank\" rel=\"noopener noreferrer\">Ind\u00fastria<\/a><\/p>\n<p><a href=\"https:\/\/pt.primaverabss.com\/pt\/software\/solucoes-setoriais\/restauracao\/\" target=\"_blank\" rel=\"noopener noreferrer\">Restaura\u00e7\u00e3o<\/a><\/p>\n<p><a href=\"https:\/\/pt.primaverabss.com\/pt\/software\/solucoes-setoriais\/retalho\/\" target=\"_blank\" rel=\"noopener noreferrer\">Retalho<\/a>[\/vc_column_text][\/vc_tta_section][vc_tta_section title=&#8221;Aceleradores de Neg\u00f3cio&#8221; tab_id=&#8221;1482249374751-68a880c8-a57d&#8221;][vc_column_text]<a href=\"https:\/\/pt.primaverabss.com\/pt\/software\/aceleradores-de-negocio\/accounting-automation\/\" target=\"_blank\" rel=\"noopener noreferrer\">Accounting Automation<\/a><\/p>\n<p><a href=\"https:\/\/pt.primaverabss.com\/pt\/software\/solucoes-especializadas\/omnia\/omnia-platform\/\" target=\"_blank\" rel=\"noopener noreferrer\">Omnia Platform<\/a>[\/vc_column_text][\/vc_tta_section][\/vc_tta_accordion][vc_empty_space height=&#8221;100&#8243;][\/vc_column][\/vc_row][vc_row full_width=&#8221;stretch_row&#8221; parallax=&#8221;theme-parallax&#8221; parallax_image=&#8221;1082&#8243; income_row_font_color=&#8221;#ffffff&#8221;][vc_column][vc_empty_space height=&#8221;100&#8243;][vc_raw_html]JTNDYSUyMGNsYXNzJTNEJTIyYW5jaG9yJTIyJTIwaWQlM0QlMjJzaXN0ZW1hcyUyMiUzRSUzQyUyRmElM0U=[\/vc_raw_html][vc_column_text el_class=&#8221;text-highlight&#8221;]<\/p>\n<h3>Sistemas<\/h3>\n<p>[\/vc_column_text][vc_row_inner][vc_column_inner width=&#8221;6\/12&#8243;][vc_column_text]Concretizamos sistemas de elevada complexidade e focamo-nos nas necessidades do consumidor e das funcionalidades requeridas. Utilizamos gamas distintas de ferramentas para lidar com a multiplicidade de solu\u00e7\u00f5es aplic\u00e1veis a cada contexto.[\/vc_column_text][\/vc_column_inner][\/vc_row_inner][vc_empty_space height=&#8221;100&#8243;][\/vc_column][\/vc_row][vc_row][vc_column][vc_empty_space height=&#8221;100&#8243;][vc_raw_html]JTNDYSUyMGNsYXNzJTNEJTIyYW5jaG9yJTIyJTIwaWQlM0QlMjJzb2Z0d2FyZSUyMiUzRSUzQyUyRmElM0U=[\/vc_raw_html][vc_column_text el_class=&#8221;text-highlight&#8221;]<\/p>\n<h3>Desenvolvimento de Software<\/h3>\n<p>[\/vc_column_text][vc_row_inner][vc_column_inner width=&#8221;6\/12&#8243;][vc_empty_space height=&#8221;5&#8243;][vc_column_text]Criamos solu\u00e7\u00f5es \u00e0 medida para cada Empresa, com um vasto leque de conhecimento em diferentes setores do mercado.<\/p>\n<p>Temos sempre presente a melhor op\u00e7\u00e3o para o nosso Cliente, tendo em conta a situa\u00e7\u00e3o exposta e os requisitos levantados\/analisados.<\/p>\n<p>Na vanguarda da evolu\u00e7\u00e3o tecnol\u00f3gica as nossas solu\u00e7\u00f5es de desenvolvimento de software passam pelo dinamismo apresentado na sua interface com utiliza\u00e7\u00e3o da mais moderna linguagem de programa\u00e7\u00e3o.[\/vc_column_text][\/vc_column_inner][vc_column_inner width=&#8221;5\/12&#8243; offset=&#8221;vc_col-lg-offset-1&#8243;][vc_column_text]<\/p>\n<h4><strong>Add-ons ERP Primavera<\/strong><\/h4>\n<ul>\n<li><a href=\"\/mapa-de-ferias\/\">Mapa de F\u00e9rias Gr\u00e1fico (Recursos Humanos)<\/a><\/li>\n<li>Apvenda (Log\u00edstica \u2014 apoio \u00e0 venda)<\/li>\n<li>Impress\u00e3o de Etiquetas (Log\u00edstica)<\/li>\n<\/ul>\n<h4><strong>Outros<\/strong><\/h4>\n<ul>\n<li>Gest\u00e3o de Contactos e Listas Eventos<\/li>\n<\/ul>\n<p>[\/vc_column_text][\/vc_column_inner][\/vc_row_inner][vc_empty_space height=&#8221;100&#8243;][\/vc_column][\/vc_row][vc_row full_width=&#8221;stretch_row&#8221; parallax=&#8221;theme-parallax&#8221; parallax_image=&#8221;1152&#8243;][vc_column][vc_empty_space height=&#8221;100&#8243;][vc_raw_html]JTNDYSUyMGNsYXNzJTNEJTIyYW5jaG9yJTIyJTIwaWQlM0QlMjJtb2JpbGlkYWRlJTIyJTNFJTNDJTJGYSUzRQ==[\/vc_raw_html][vc_column_text el_class=&#8221;text-highlight&#8221;]<\/p>\n<h3>Mobilidade<\/h3>\n<p>[\/vc_column_text][vc_column_text]<\/p>\n<h4>Alcance novas fronteiras de\u00a0produtividade!<\/h4>\n<p>[\/vc_column_text][vc_empty_space height=&#8221;25&#8243;][\/vc_column][vc_column width=&#8221;1\/2&#8243;][vc_column_text]A mobilidade da sua empresa e dos seus colaboradores e o acesso, em qualquer ponto, a toda a informa\u00e7\u00e3o, tornou-se fulcral na vantagem competitiva e na produtividade do trabalho das organiza\u00e7\u00f5es. Permita que os seus funcion\u00e1rios trabalhem a qualquer hora em qualquer lugar, permanecendo \u00e0 frente da concorr\u00eancia.<\/p>\n<p>Solu\u00e7\u00f5es como Auto-Venda, Pr\u00e9-Venda e CRM s\u00e3o recursos compat\u00edveis e adapt\u00e1veis a cada atividade e s\u00e3o a melhor solu\u00e7\u00e3o para quem procura melhorar a qualidade dos seus servi\u00e7os, tornando-os mais eficientes, e consequentemente reduzindo os seus custos.[\/vc_column_text][vc_empty_space height=&#8221;100&#8243;][\/vc_column][vc_column width=&#8221;5\/12&#8243; offset=&#8221;vc_col-lg-offset-1&#8243;][vc_tta_accordion c_position=&#8221;right&#8221; active_section=&#8221;0&#8243; el_class=&#8221;theme-accordion&#8221; collapsible_all=&#8221;true&#8221;][vc_tta_section title=&#8221;Pr\u00e9-venda&#8221; tab_id=&#8221;1482338329868-372b636d-db56&#8243;][vc_column_text]AS SOLU\u00c7\u00d5ES MAIS AVAN\u00c7ADAS<\/p>\n<p>Agilize as opera\u00e7\u00f5es dos seus colaboradores utilizando apenas um dispositivo m\u00f3vel. Sincronize de forma r\u00e1pida informa\u00e7\u00f5es, dados, vendas, produtos, or\u00e7amentos, e muito mais, entre o utilizador m\u00f3vel e o servidor da sua empresa, onde quer que esteja, em tempo real. Equipas de venda e comerciais podem agora efetuar as suas encomendas no terreno, acedendo \u00e0 informa\u00e7\u00e3o relevante de cada cliente.[\/vc_column_text][\/vc_tta_section][vc_tta_section title=&#8221;CRM&#8221; tab_id=&#8221;1482338329957-e172fcd5-4ae7&#8243;][vc_column_text]A MELHOR FORMA DE CONHECER OS SEUS CLIENTES E FAZER O SEU NEG\u00d3CIO CRESCER.<\/p>\n<p>O CRM &#8211; Customer Relationship Management \u2013 \u00e9 uma ferramenta em que o cliente \u00e9 o foco do neg\u00f3cio e que permite \u00e0s equipas comerciais, de vendas e de marketing monitorizar o ciclo de vida de cada um, percebendo a sua rentabilidade e, acima de tudo, antecipar as suas necessidades e potenciais.<\/p>\n<p>Este software ir\u00e1 ajud\u00e1-lo a atender melhor o cliente e, acima de tudo, fideliz\u00e1-lo.[\/vc_column_text][\/vc_tta_section][vc_tta_section title=&#8221;Auto-venda&#8221; tab_id=&#8221;1482338330045-39057ec8-5c9a&#8221;][vc_column_text]POTENCIE O SEU NEG\u00d3CIO<\/p>\n<p>Se a sua entidade tem equipas de trabalho no terreno esta \u00e9 a solu\u00e7\u00e3o que permitir\u00e1, a partir de um simples terminal m\u00f3vel, aceder a fun\u00e7\u00f5es de gest\u00e3o de stocks, quer das viaturas quer do armaz\u00e9m, e que \u00e9 atualizado consoante as entregas efetuadas. Esta solu\u00e7\u00e3o possibilita ainda a cobran\u00e7a imediata e a emiss\u00e3o dos respetivos documentos.[\/vc_column_text][\/vc_tta_section][vc_tta_section title=&#8221;Log\u00edstica e gest\u00e3o de armaz\u00e9ns&#8221; tab_id=&#8221;1482338330222-2e3e47a7-d046&#8243;][vc_column_text]A SUA EMPRESA VAI FAZER A DIFEREN\u00c7A<\/p>\n<p>As aplica\u00e7\u00f5es de log\u00edstica e gest\u00e3o de armaz\u00e9m permitem assegurar o registo atualizado e detalhado dos produtos que se encontram armazenados, e conferem, sem margem de erro, as entradas e sa\u00eddas de mercadoria. Desta forma, ter\u00e1 acesso pormenorizado a relat\u00f3rios e informa\u00e7\u00f5es que trar\u00e3o nova din\u00e2mica aos processos de contagens de stocks e de pedidos de encomenda.[\/vc_column_text][\/vc_tta_section][\/vc_tta_accordion][vc_empty_space height=&#8221;100&#8243;][\/vc_column][\/vc_row][vc_row full_width=&#8221;stretch_row&#8221;][vc_column][vc_empty_space height=&#8221;50&#8243;][vc_raw_html]JTNDYSUyMGNsYXNzJTNEJTIyYW5jaG9yJTIyJTIwaWQlM0QlMjJjbG91ZCUyMiUzRSUzQyUyRmElM0U=[\/vc_raw_html][vc_column_text el_class=&#8221;text-highlight&#8221;]<\/p>\n<h3>Cloud<\/h3>\n<p>[\/vc_column_text][vc_column_text]<\/p>\n<h4>Disponibilizamos uma grande sele\u00e7\u00e3o de arquiteturas de armazenamento, vitais para o sucesso e sa\u00fade financeira dos nossos clientes.<\/h4>\n<p>[\/vc_column_text][vc_empty_space height=&#8221;50&#8243;][vc_row_inner][vc_column_inner width=&#8221;6\/12&#8243;][vc_column_text]Office 365<br \/>\nO OFFICE MAIS SEGURO PARA A SUA EMPRESA<\/p>\n<p>Trabalhe de forma segura e comunique em tempo real. Esteja na empresa ou fora dela, aceda \u00e0s ferramentas do Office atrav\u00e9s de dispositivos m\u00f3veis em qualquer localiza\u00e7\u00e3o. Permite o acesso ao e-mail e a todos os documentos que o manter\u00e3o em contacto com os seus parceiros e clientes.[\/vc_column_text][\/vc_column_inner][vc_column_inner width=&#8221;5\/12&#8243; offset=&#8221;vc_col-lg-offset-1&#8243;][vc_column_text]Backup on-line<br \/>\nAGILIDADE E POUPAN\u00c7A<\/p>\n<p>Mantenha os seus documentos a salvo com os nossos sistema de back up online. Se por alguma raz\u00e3o houver alguma perda dos seus arquivos originais, a c\u00f3pia de seguran\u00e7a permitir\u00e1 restaurar e\u00a0repor os dados perdidos. O backup online traz a vantagem de poder aceder aos seus dados guardados a partir de qualquer dispositivo com acesso \u00e0 internet.[\/vc_column_text][\/vc_column_inner][\/vc_row_inner][vc_empty_space height=&#8221;50&#8243;][vc_row_inner][vc_column_inner width=&#8221;1\/2&#8243; offset=&#8221;vc_col-lg-5&#8243;][vc_column_text]Servidores virtuais<br \/>\nFLEXIBILIDADE E ESCALABILIDADE<\/p>\n<p>A Micror\u00e9gio desenvolve parcerias com fabricantes credenciados de modo a proporcionar as melhores solu\u00e7\u00f5es de virtualiza\u00e7\u00e3o.[\/vc_column_text][\/vc_column_inner][\/vc_row_inner][vc_empty_space height=&#8221;100&#8243;][\/vc_column][\/vc_row]<\/p>\n<\/div>","protected":false},"excerpt":{"rendered":"<p>[vc_row][vc_column][vc_column_text] A sustentabilidade e o crescimento das empresas adv\u00eam das melhores pr\u00e1ticas no universo TI. Consequentemente apresentamos solu\u00e7\u00f5es que visam melhorar e potencializar as infraestruturas de TI dos nossos clientes. Junto de cada um desenvolvemos solu\u00e7\u00f5es de valor acrescentado nas diferentes \u00e1reas. [\/vc_column_text][vc_empty_space height=&#8221;50&#8243;][\/vc_column][\/vc_row][vc_row][vc_column][vc_raw_html]JTNDYSUyMGNsYXNzJTNEJTIyYW5jaG9yJTIyJTIwaWQlM0QlMjJzb2Z0d2FyZS1kZS1nZXN0YW8lMjIlM0UlM0MlMkZhJTNF[\/vc_raw_html][vc_column_text el_class=&#8221;text-highlight&#8221;] Software de Gest\u00e3o [\/vc_column_text][vc_column_text] PRIMAVERA \u2013 Business Software Solutions [\/vc_column_text][vc_empty_space&#8230;<\/p>\n","protected":false},"author":1,"featured_media":0,"parent":0,"menu_order":4,"comment_status":"closed","ping_status":"closed","template":"","meta":{"footnotes":""},"class_list":["post-13","page","type-page","status-publish","hentry"],"yoast_head":"<!-- This site is optimized with the Yoast SEO plugin v27.5 - https:\/\/yoast.com\/product\/yoast-seo-wordpress\/ -->\n<title>Solu\u00e7\u00f5es &#8212; Microregio<\/title>\n<meta name=\"robots\" content=\"index, follow, max-snippet:-1, max-image-preview:large, max-video-preview:-1\" \/>\n<link rel=\"canonical\" href=\"https:\/\/www.microregio.pt\/pt-pt\/solucoes\/\" \/>\n<meta property=\"og:locale\" content=\"pt_PT\" \/>\n<meta property=\"og:type\" content=\"article\" \/>\n<meta property=\"og:title\" content=\"Solu\u00e7\u00f5es &#8212; Microregio\" \/>\n<meta property=\"og:description\" content=\"[vc_row][vc_column][vc_column_text] A sustentabilidade e o crescimento das empresas adv\u00eam das melhores pr\u00e1ticas no universo TI. Consequentemente apresentamos solu\u00e7\u00f5es que visam melhorar e potencializar as infraestruturas de TI dos nossos clientes. Junto de cada um desenvolvemos solu\u00e7\u00f5es de valor acrescentado nas diferentes \u00e1reas. [\/vc_column_text][vc_empty_space height=&#8221;50&#8243;][\/vc_column][\/vc_row][vc_row][vc_column][vc_raw_html]JTNDYSUyMGNsYXNzJTNEJTIyYW5jaG9yJTIyJTIwaWQlM0QlMjJzb2Z0d2FyZS1kZS1nZXN0YW8lMjIlM0UlM0MlMkZhJTNF[\/vc_raw_html][vc_column_text el_class=&#8221;text-highlight&#8221;] Software de Gest\u00e3o [\/vc_column_text][vc_column_text] PRIMAVERA \u2013 Business Software Solutions [\/vc_column_text][vc_empty_space...\" \/>\n<meta property=\"og:url\" content=\"https:\/\/www.microregio.pt\/pt-pt\/solucoes\/\" \/>\n<meta property=\"og:site_name\" content=\"Microregio\" \/>\n<meta property=\"article:modified_time\" content=\"2023-12-27T12:45:31+00:00\" \/>\n<meta name=\"twitter:card\" content=\"summary_large_image\" \/>\n<meta name=\"twitter:label1\" content=\"Tempo estimado de leitura\" \/>\n\t<meta name=\"twitter:data1\" content=\"8 minutos\" \/>\n<script type=\"application\/ld+json\" class=\"yoast-schema-graph\">{\"@context\":\"https:\\\/\\\/schema.org\",\"@graph\":[{\"@type\":\"WebPage\",\"@id\":\"https:\\\/\\\/www.microregio.pt\\\/pt-pt\\\/solucoes\\\/\",\"url\":\"https:\\\/\\\/www.microregio.pt\\\/pt-pt\\\/solucoes\\\/\",\"name\":\"Solu\u00e7\u00f5es &#8212; Microregio\",\"isPartOf\":{\"@id\":\"https:\\\/\\\/www.microregio.pt\\\/pt-pt\\\/#website\"},\"datePublished\":\"2016-04-02T10:18:39+00:00\",\"dateModified\":\"2023-12-27T12:45:31+00:00\",\"breadcrumb\":{\"@id\":\"https:\\\/\\\/www.microregio.pt\\\/pt-pt\\\/solucoes\\\/#breadcrumb\"},\"inLanguage\":\"pt-PT\",\"potentialAction\":[{\"@type\":\"ReadAction\",\"target\":[\"https:\\\/\\\/www.microregio.pt\\\/pt-pt\\\/solucoes\\\/\"]}]},{\"@type\":\"BreadcrumbList\",\"@id\":\"https:\\\/\\\/www.microregio.pt\\\/pt-pt\\\/solucoes\\\/#breadcrumb\",\"itemListElement\":[{\"@type\":\"ListItem\",\"position\":1,\"name\":\"Home\",\"item\":\"https:\\\/\\\/www.microregio.pt\\\/pt-pt\\\/\"},{\"@type\":\"ListItem\",\"position\":2,\"name\":\"Solu\u00e7\u00f5es\"}]},{\"@type\":\"WebSite\",\"@id\":\"https:\\\/\\\/www.microregio.pt\\\/pt-pt\\\/#website\",\"url\":\"https:\\\/\\\/www.microregio.pt\\\/pt-pt\\\/\",\"name\":\"Microregio\",\"description\":\"Solu\u00e7\u00f5es Inform\u00e1ticas Lda\",\"potentialAction\":[{\"@type\":\"SearchAction\",\"target\":{\"@type\":\"EntryPoint\",\"urlTemplate\":\"https:\\\/\\\/www.microregio.pt\\\/pt-pt\\\/?s={search_term_string}\"},\"query-input\":{\"@type\":\"PropertyValueSpecification\",\"valueRequired\":true,\"valueName\":\"search_term_string\"}}],\"inLanguage\":\"pt-PT\"}]}<\/script>\n<!-- \/ Yoast SEO plugin. -->","yoast_head_json":{"title":"Solu\u00e7\u00f5es &#8212; Microregio","robots":{"index":"index","follow":"follow","max-snippet":"max-snippet:-1","max-image-preview":"max-image-preview:large","max-video-preview":"max-video-preview:-1"},"canonical":"https:\/\/www.microregio.pt\/pt-pt\/solucoes\/","og_locale":"pt_PT","og_type":"article","og_title":"Solu\u00e7\u00f5es &#8212; Microregio","og_description":"[vc_row][vc_column][vc_column_text] A sustentabilidade e o crescimento das empresas adv\u00eam das melhores pr\u00e1ticas no universo TI. Consequentemente apresentamos solu\u00e7\u00f5es que visam melhorar e potencializar as infraestruturas de TI dos nossos clientes. Junto de cada um desenvolvemos solu\u00e7\u00f5es de valor acrescentado nas diferentes \u00e1reas. [\/vc_column_text][vc_empty_space height=&#8221;50&#8243;][\/vc_column][\/vc_row][vc_row][vc_column][vc_raw_html]JTNDYSUyMGNsYXNzJTNEJTIyYW5jaG9yJTIyJTIwaWQlM0QlMjJzb2Z0d2FyZS1kZS1nZXN0YW8lMjIlM0UlM0MlMkZhJTNF[\/vc_raw_html][vc_column_text el_class=&#8221;text-highlight&#8221;] Software de Gest\u00e3o [\/vc_column_text][vc_column_text] PRIMAVERA \u2013 Business Software Solutions [\/vc_column_text][vc_empty_space...","og_url":"https:\/\/www.microregio.pt\/pt-pt\/solucoes\/","og_site_name":"Microregio","article_modified_time":"2023-12-27T12:45:31+00:00","twitter_card":"summary_large_image","twitter_misc":{"Tempo estimado de leitura":"8 minutos"},"schema":{"@context":"https:\/\/schema.org","@graph":[{"@type":"WebPage","@id":"https:\/\/www.microregio.pt\/pt-pt\/solucoes\/","url":"https:\/\/www.microregio.pt\/pt-pt\/solucoes\/","name":"Solu\u00e7\u00f5es &#8212; Microregio","isPartOf":{"@id":"https:\/\/www.microregio.pt\/pt-pt\/#website"},"datePublished":"2016-04-02T10:18:39+00:00","dateModified":"2023-12-27T12:45:31+00:00","breadcrumb":{"@id":"https:\/\/www.microregio.pt\/pt-pt\/solucoes\/#breadcrumb"},"inLanguage":"pt-PT","potentialAction":[{"@type":"ReadAction","target":["https:\/\/www.microregio.pt\/pt-pt\/solucoes\/"]}]},{"@type":"BreadcrumbList","@id":"https:\/\/www.microregio.pt\/pt-pt\/solucoes\/#breadcrumb","itemListElement":[{"@type":"ListItem","position":1,"name":"Home","item":"https:\/\/www.microregio.pt\/pt-pt\/"},{"@type":"ListItem","position":2,"name":"Solu\u00e7\u00f5es"}]},{"@type":"WebSite","@id":"https:\/\/www.microregio.pt\/pt-pt\/#website","url":"https:\/\/www.microregio.pt\/pt-pt\/","name":"Microregio","description":"Solu\u00e7\u00f5es Inform\u00e1ticas Lda","potentialAction":[{"@type":"SearchAction","target":{"@type":"EntryPoint","urlTemplate":"https:\/\/www.microregio.pt\/pt-pt\/?s={search_term_string}"},"query-input":{"@type":"PropertyValueSpecification","valueRequired":true,"valueName":"search_term_string"}}],"inLanguage":"pt-PT"}]}},"_links":{"self":[{"href":"https:\/\/www.microregio.pt\/pt-pt\/wp-json\/wp\/v2\/pages\/13\/"}],"collection":[{"href":"https:\/\/www.microregio.pt\/pt-pt\/wp-json\/wp\/v2\/pages\/"}],"about":[{"href":"https:\/\/www.microregio.pt\/pt-pt\/wp-json\/wp\/v2\/types\/page\/"}],"author":[{"embeddable":true,"href":"https:\/\/www.microregio.pt\/pt-pt\/wp-json\/wp\/v2\/users\/1\/"}],"replies":[{"embeddable":true,"href":"https:\/\/www.microregio.pt\/pt-pt\/wp-json\/wp\/v2\/comments\/?post=13"}],"version-history":[{"count":130,"href":"https:\/\/www.microregio.pt\/pt-pt\/wp-json\/wp\/v2\/pages\/13\/revisions\/"}],"predecessor-version":[{"id":2770,"href":"https:\/\/www.microregio.pt\/pt-pt\/wp-json\/wp\/v2\/pages\/13\/revisions\/2770\/"}],"wp:attachment":[{"href":"https:\/\/www.microregio.pt\/pt-pt\/wp-json\/wp\/v2\/media\/?parent=13"}],"curies":[{"name":"wp","href":"https:\/\/api.w.org\/{rel}","templated":true}]}}