{"id":170,"date":"2016-04-04T19:59:04","date_gmt":"2016-04-04T19:59:04","guid":{"rendered":"http:\/\/income.europadns.net\/?page_id=170"},"modified":"2019-05-15T09:17:13","modified_gmt":"2019-05-15T09:17:13","slug":"sobre-nos","status":"publish","type":"page","link":"https:\/\/www.microregio.pt\/pt-pt\/sobre-nos\/","title":{"rendered":"Sobre n\u00f3s"},"content":{"rendered":"<div class=\"wpb-content-wrapper\"><p>[vc_row][vc_column width=&#8221;1\/3&#8243;][vc_column_text]<\/p>\n<h2 style=\"font-size: 30px; line-height: 40px;\"><strong><span class=\"text-highlight\">Compet\u00eancia,<br \/>\nDisponibilidade<br \/>\ne Acompanhamento<\/span><\/strong><\/h2>\n<p>[\/vc_column_text][vc_empty_space height=&#8221;50&#8243;][\/vc_column][vc_column width=&#8221;2\/3&#8243;][vc_column_text]Fundada em 1997, a Micror\u00e9gio \u00e9 uma empresa especializada no desenvolvimento, conce\u00e7\u00e3o e implementa\u00e7\u00e3o de solu\u00e7\u00f5es no setor dos Sistemas e Tecnologias da Informa\u00e7\u00e3o.<\/p>\n<p>Disponibilizamos servi\u00e7os e solu\u00e7\u00f5es de hardware e software, prestando assist\u00eancia t\u00e9cnica, forma\u00e7\u00e3o e consultoria, adaptando as diferentes solu\u00e7\u00f5es \u00e0s necessidades reais e espec\u00edficas de cada cliente.[\/vc_column_text][vc_empty_space height=&#8221;50&#8243;][\/vc_column][\/vc_row][vc_row full_width=&#8221;stretch_row&#8221;][vc_column]<div class='divider thick-line '><\/div>[vc_custom_heading text=&#8221;Excelentes raz\u00f5es para trabalhar connosco:&#8221; font_container=&#8221;tag:h3|text_align:left|color:%2300c5e9&#8243; google_fonts=&#8221;font_family:Raleway%3A100%2C200%2C300%2Cregular%2C500%2C600%2C700%2C800%2C900|font_style:400%20regular%3A400%3Anormal&#8221;][\/vc_column][\/vc_row][vc_row][vc_column][vc_empty_space height=&#8221;50&#8243;]<ul class='timeline  '><li><div class='left-side'><h3>Tra\u00e7amos o perfil de hardware e software mais adequado \u00e0 sua realidade<\/h3><br><\/div><div class='right-side'><\/div><\/li><li><div class='left-side'><\/div><div class='right-side'><h3>Propomos solu\u00e7\u00f5es flex\u00edveis e transparentes<\/h3><br><\/div><\/li><li><div class='left-side'><h3>Levantamento exaustivo de necessidades para encontrar as melhores solu\u00e7\u00f5es para o seu neg\u00f3cio<\/h3><br><\/div><div class='right-side'><\/div><\/li><li><div class='left-side'><\/div><div class='right-side'><h3>Custos totalmente controlados da sua estrutura TI<\/h3><br><\/div><\/li><li><div class='left-side'><h3>Seguimos pol\u00edticas de compet\u00eancia e inova\u00e7\u00e3o<\/h3><br><\/div><div class='right-side'><\/div><\/li><li><div class='left-side'><\/div><div class='right-side'><h3>Acompanhamento constante e continuado<\/h3><br><\/div><\/li><li><div class='left-side'><h3>Temos parcerias com os principais fabricantes mundiais<\/h3><br><\/div><div class='right-side'><\/div><\/li><\/ul>[vc_empty_space height=&#8221;50&#8243;][\/vc_column][\/vc_row][vc_row full_width=&#8221;stretch_row&#8221; parallax=&#8221;theme-parallax&#8221; parallax_image=&#8221;1374&#8243; css=&#8221;.vc_custom_1486990325010{background-color: #bcbcbc !important;}&#8221;][vc_column][vc_empty_space height=&#8221;50&#8243;][vc_single_image image=&#8221;1436&#8243; img_size=&#8221;full&#8221; alignment=&#8221;center&#8221;][vc_empty_space height=&#8221;50&#8243;][\/vc_column][\/vc_row][vc_row full_width=&#8221;stretch_row_content_no_spaces&#8221; equal_height=&#8221;yes&#8221; content_placement=&#8221;middle&#8221;][vc_column width=&#8221;6\/12&#8243;][vc_single_image image=&#8221;1429&#8243; img_size=&#8221;full&#8221; alignment=&#8221;center&#8221;][\/vc_column][vc_column width=&#8221;1\/2&#8243; offset=&#8221;vc_col-lg-offset-0 vc_col-md-offset-0&#8243; css=&#8221;.vc_custom_1484918880324{background-color: rgba(244,244,244,0.4) !important;*background-color: rgb(244,244,244) !important;}&#8221; el_class=&#8221;vc_custom_1483009603262&#8243;][vc_row_inner][vc_column_inner width=&#8221;5\/6&#8243;][vc_column_text]<\/p>\n<h2>Recrutamento<\/h2>\n<p>Na Micror\u00e9gio trabalhamos para ter uma equipa din\u00e2mica, sempre dispon\u00edvel e motivada.<br \/>\nAcreditamos que um factor de sucesso para as organiza\u00e7\u00f5es passa pela constru\u00e7\u00e3o de equipas de forma sustentada e continuada. Valorizamos assim o trabalho em equipa, investindo na forma\u00e7\u00e3o cont\u00ednua e no desenvolvimento profissional e pessoal de cada um dos nossos colaboradores.<br \/>\nSe pretende juntar-se \u00e0 nossa equipa, envie o seu Curriculum Vitae, devidamente detalhado, para <a href=\"mailto:recrutamento@microregio.pt\">recrutamento@microregio.pt<\/a>[\/vc_column_text][\/vc_column_inner][\/vc_row_inner][\/vc_column][\/vc_row][vc_row full_width=&#8221;stretch_row&#8221; parallax=&#8221;theme-parallax&#8221; parallax_image=&#8221;1405&#8243;][vc_column width=&#8221;1\/2&#8243;][vc_empty_space height=&#8221;100&#8243;][vc_custom_heading text=&#8221;Responsabilidade Social&#8221; font_container=&#8221;tag:h3|text_align:left|color:%2300c5e9&#8243; google_fonts=&#8221;font_family:Raleway%3A100%2C200%2C300%2Cregular%2C500%2C600%2C700%2C800%2C900|font_style:400%20regular%3A400%3Anormal&#8221;][vc_column_text]A Micror\u00e9gio, contribui para a sociedade de forma positiva, respeitando todas as pessoas com quem convive diariamente, apoiando v\u00e1rias causas sociais, protegendo o ambiente e contribuindo\u00a0para o melhoramento das condi\u00e7\u00f5es sociais de entidades e indiv\u00edduos.<\/p>\n<p>Toda a equipa se envolve empenhadamente nas diferentes iniciativas da empresa, desde a separa\u00e7\u00e3o dos lixos que produzimos, at\u00e9 ao apoio a diversas institui\u00e7\u00f5es e participa\u00e7\u00e3o em campanhas de\u00a0solidariedade.[\/vc_column_text][vc_empty_space height=&#8221;100&#8243;][\/vc_column][vc_column width=&#8221;1\/2&#8243;][\/vc_column][\/vc_row]<\/p>\n<\/div>","protected":false},"excerpt":{"rendered":"<p>[vc_row][vc_column width=&#8221;1\/3&#8243;][vc_column_text] Compet\u00eancia, Disponibilidade e Acompanhamento [\/vc_column_text][vc_empty_space height=&#8221;50&#8243;][\/vc_column][vc_column width=&#8221;2\/3&#8243;][vc_column_text]Fundada em 1997, a Micror\u00e9gio \u00e9 uma empresa especializada no desenvolvimento, conce\u00e7\u00e3o e implementa\u00e7\u00e3o de solu\u00e7\u00f5es no setor dos Sistemas e Tecnologias da Informa\u00e7\u00e3o. Disponibilizamos servi\u00e7os e solu\u00e7\u00f5es de hardware e software, prestando assist\u00eancia t\u00e9cnica, forma\u00e7\u00e3o e consultoria, adaptando as diferentes solu\u00e7\u00f5es \u00e0s necessidades reais e espec\u00edficas&#8230;<\/p>\n","protected":false},"author":1,"featured_media":0,"parent":0,"menu_order":0,"comment_status":"closed","ping_status":"closed","template":"","meta":{"footnotes":""},"class_list":["post-170","page","type-page","status-publish","hentry"],"yoast_head":"<!-- This site is optimized with the Yoast SEO plugin v27.5 - https:\/\/yoast.com\/product\/yoast-seo-wordpress\/ -->\n<title>Sobre n\u00f3s &#8212; Microregio<\/title>\n<meta name=\"robots\" content=\"index, follow, max-snippet:-1, max-image-preview:large, max-video-preview:-1\" \/>\n<link rel=\"canonical\" href=\"https:\/\/www.microregio.pt\/pt-pt\/sobre-nos\/\" \/>\n<meta property=\"og:locale\" content=\"pt_PT\" \/>\n<meta property=\"og:type\" content=\"article\" \/>\n<meta property=\"og:title\" content=\"Sobre n\u00f3s &#8212; Microregio\" \/>\n<meta property=\"og:description\" content=\"[vc_row][vc_column width=&#8221;1\/3&#8243;][vc_column_text] Compet\u00eancia, Disponibilidade e Acompanhamento [\/vc_column_text][vc_empty_space height=&#8221;50&#8243;][\/vc_column][vc_column width=&#8221;2\/3&#8243;][vc_column_text]Fundada em 1997, a Micror\u00e9gio \u00e9 uma empresa especializada no desenvolvimento, conce\u00e7\u00e3o e implementa\u00e7\u00e3o de solu\u00e7\u00f5es no setor dos Sistemas e Tecnologias da Informa\u00e7\u00e3o. Disponibilizamos servi\u00e7os e solu\u00e7\u00f5es de hardware e software, prestando assist\u00eancia t\u00e9cnica, forma\u00e7\u00e3o e consultoria, adaptando as diferentes solu\u00e7\u00f5es \u00e0s necessidades reais e espec\u00edficas...\" \/>\n<meta property=\"og:url\" content=\"https:\/\/www.microregio.pt\/pt-pt\/sobre-nos\/\" \/>\n<meta property=\"og:site_name\" content=\"Microregio\" \/>\n<meta property=\"article:modified_time\" content=\"2019-05-15T09:17:13+00:00\" \/>\n<meta name=\"twitter:card\" content=\"summary_large_image\" \/>\n<meta name=\"twitter:label1\" content=\"Tempo estimado de leitura\" \/>\n\t<meta name=\"twitter:data1\" content=\"3 minutos\" \/>\n<script type=\"application\/ld+json\" class=\"yoast-schema-graph\">{\"@context\":\"https:\\\/\\\/schema.org\",\"@graph\":[{\"@type\":\"WebPage\",\"@id\":\"https:\\\/\\\/www.microregio.pt\\\/pt-pt\\\/sobre-nos\\\/\",\"url\":\"https:\\\/\\\/www.microregio.pt\\\/pt-pt\\\/sobre-nos\\\/\",\"name\":\"Sobre n\u00f3s &#8212; Microregio\",\"isPartOf\":{\"@id\":\"https:\\\/\\\/www.microregio.pt\\\/pt-pt\\\/#website\"},\"datePublished\":\"2016-04-04T19:59:04+00:00\",\"dateModified\":\"2019-05-15T09:17:13+00:00\",\"breadcrumb\":{\"@id\":\"https:\\\/\\\/www.microregio.pt\\\/pt-pt\\\/sobre-nos\\\/#breadcrumb\"},\"inLanguage\":\"pt-PT\",\"potentialAction\":[{\"@type\":\"ReadAction\",\"target\":[\"https:\\\/\\\/www.microregio.pt\\\/pt-pt\\\/sobre-nos\\\/\"]}]},{\"@type\":\"BreadcrumbList\",\"@id\":\"https:\\\/\\\/www.microregio.pt\\\/pt-pt\\\/sobre-nos\\\/#breadcrumb\",\"itemListElement\":[{\"@type\":\"ListItem\",\"position\":1,\"name\":\"Home\",\"item\":\"https:\\\/\\\/www.microregio.pt\\\/pt-pt\\\/\"},{\"@type\":\"ListItem\",\"position\":2,\"name\":\"Sobre n\u00f3s\"}]},{\"@type\":\"WebSite\",\"@id\":\"https:\\\/\\\/www.microregio.pt\\\/pt-pt\\\/#website\",\"url\":\"https:\\\/\\\/www.microregio.pt\\\/pt-pt\\\/\",\"name\":\"Microregio\",\"description\":\"Solu\u00e7\u00f5es Inform\u00e1ticas Lda\",\"potentialAction\":[{\"@type\":\"SearchAction\",\"target\":{\"@type\":\"EntryPoint\",\"urlTemplate\":\"https:\\\/\\\/www.microregio.pt\\\/pt-pt\\\/?s={search_term_string}\"},\"query-input\":{\"@type\":\"PropertyValueSpecification\",\"valueRequired\":true,\"valueName\":\"search_term_string\"}}],\"inLanguage\":\"pt-PT\"}]}<\/script>\n<!-- \/ Yoast SEO plugin. -->","yoast_head_json":{"title":"Sobre n\u00f3s &#8212; Microregio","robots":{"index":"index","follow":"follow","max-snippet":"max-snippet:-1","max-image-preview":"max-image-preview:large","max-video-preview":"max-video-preview:-1"},"canonical":"https:\/\/www.microregio.pt\/pt-pt\/sobre-nos\/","og_locale":"pt_PT","og_type":"article","og_title":"Sobre n\u00f3s &#8212; Microregio","og_description":"[vc_row][vc_column width=&#8221;1\/3&#8243;][vc_column_text] Compet\u00eancia, Disponibilidade e Acompanhamento [\/vc_column_text][vc_empty_space height=&#8221;50&#8243;][\/vc_column][vc_column width=&#8221;2\/3&#8243;][vc_column_text]Fundada em 1997, a Micror\u00e9gio \u00e9 uma empresa especializada no desenvolvimento, conce\u00e7\u00e3o e implementa\u00e7\u00e3o de solu\u00e7\u00f5es no setor dos Sistemas e Tecnologias da Informa\u00e7\u00e3o. Disponibilizamos servi\u00e7os e solu\u00e7\u00f5es de hardware e software, prestando assist\u00eancia t\u00e9cnica, forma\u00e7\u00e3o e consultoria, adaptando as diferentes solu\u00e7\u00f5es \u00e0s necessidades reais e espec\u00edficas...","og_url":"https:\/\/www.microregio.pt\/pt-pt\/sobre-nos\/","og_site_name":"Microregio","article_modified_time":"2019-05-15T09:17:13+00:00","twitter_card":"summary_large_image","twitter_misc":{"Tempo estimado de leitura":"3 minutos"},"schema":{"@context":"https:\/\/schema.org","@graph":[{"@type":"WebPage","@id":"https:\/\/www.microregio.pt\/pt-pt\/sobre-nos\/","url":"https:\/\/www.microregio.pt\/pt-pt\/sobre-nos\/","name":"Sobre n\u00f3s &#8212; Microregio","isPartOf":{"@id":"https:\/\/www.microregio.pt\/pt-pt\/#website"},"datePublished":"2016-04-04T19:59:04+00:00","dateModified":"2019-05-15T09:17:13+00:00","breadcrumb":{"@id":"https:\/\/www.microregio.pt\/pt-pt\/sobre-nos\/#breadcrumb"},"inLanguage":"pt-PT","potentialAction":[{"@type":"ReadAction","target":["https:\/\/www.microregio.pt\/pt-pt\/sobre-nos\/"]}]},{"@type":"BreadcrumbList","@id":"https:\/\/www.microregio.pt\/pt-pt\/sobre-nos\/#breadcrumb","itemListElement":[{"@type":"ListItem","position":1,"name":"Home","item":"https:\/\/www.microregio.pt\/pt-pt\/"},{"@type":"ListItem","position":2,"name":"Sobre n\u00f3s"}]},{"@type":"WebSite","@id":"https:\/\/www.microregio.pt\/pt-pt\/#website","url":"https:\/\/www.microregio.pt\/pt-pt\/","name":"Microregio","description":"Solu\u00e7\u00f5es Inform\u00e1ticas Lda","potentialAction":[{"@type":"SearchAction","target":{"@type":"EntryPoint","urlTemplate":"https:\/\/www.microregio.pt\/pt-pt\/?s={search_term_string}"},"query-input":{"@type":"PropertyValueSpecification","valueRequired":true,"valueName":"search_term_string"}}],"inLanguage":"pt-PT"}]}},"_links":{"self":[{"href":"https:\/\/www.microregio.pt\/pt-pt\/wp-json\/wp\/v2\/pages\/170\/"}],"collection":[{"href":"https:\/\/www.microregio.pt\/pt-pt\/wp-json\/wp\/v2\/pages\/"}],"about":[{"href":"https:\/\/www.microregio.pt\/pt-pt\/wp-json\/wp\/v2\/types\/page\/"}],"author":[{"embeddable":true,"href":"https:\/\/www.microregio.pt\/pt-pt\/wp-json\/wp\/v2\/users\/1\/"}],"replies":[{"embeddable":true,"href":"https:\/\/www.microregio.pt\/pt-pt\/wp-json\/wp\/v2\/comments\/?post=170"}],"version-history":[{"count":113,"href":"https:\/\/www.microregio.pt\/pt-pt\/wp-json\/wp\/v2\/pages\/170\/revisions\/"}],"predecessor-version":[{"id":1506,"href":"https:\/\/www.microregio.pt\/pt-pt\/wp-json\/wp\/v2\/pages\/170\/revisions\/1506\/"}],"wp:attachment":[{"href":"https:\/\/www.microregio.pt\/pt-pt\/wp-json\/wp\/v2\/media\/?parent=170"}],"curies":[{"name":"wp","href":"https:\/\/api.w.org\/{rel}","templated":true}]}}