{"id":2158,"date":"2019-07-01T15:08:06","date_gmt":"2019-07-01T15:08:06","guid":{"rendered":"https:\/\/www.microregio.pt\/?page_id=2158"},"modified":"2019-07-25T14:32:18","modified_gmt":"2019-07-25T14:32:18","slug":"mapa-de-ferias","status":"publish","type":"page","link":"https:\/\/www.microregio.pt\/pt-pt\/mapa-de-ferias\/","title":{"rendered":"Mapa de F\u00e9rias Gr\u00e1fico"},"content":{"rendered":"<div class=\"wpb-content-wrapper\"><p>[vc_row][vc_column][vc_row_inner][vc_column_inner][vc_column_text]<\/p>\n<h4>Esta aplica\u00e7\u00e3o permite a an\u00e1lise da marca\u00e7\u00e3o das f\u00e9rias dos Recursos Humanos do ERP Primavera, de uma forma totalmente gr\u00e1fica, on-line, pr\u00e1tica e de f\u00e1cil utiliza\u00e7\u00e3o.<\/h4>\n<p>[\/vc_column_text][vc_empty_space height=&#8221;50&#8243;][vc_column_text el_class=&#8221;text-highlight&#8221;]<\/p>\n<h3>Mapa de F\u00e9rias Gr\u00e1fico<\/h3>\n<p>[\/vc_column_text][vc_column_text]<\/p>\n<h4>Add-on desenvolvido para RH Primavera<\/h4>\n<p>[\/vc_column_text][vc_empty_space height=&#8221;25&#8243;][vc_column_text]Na \u00e1rea dos par\u00e2metros, define-se a cor por funcion\u00e1rio e na op\u00e7\u00e3o \u201cAn\u00e1lise de Marca\u00e7\u00f5es de F\u00e9rias\u201d, visualiza-se o mapa de f\u00e9rias dos funcion\u00e1rios por diferentes crit\u00e9rios: por empresa, por estabelecimento e por departamento, por funcion\u00e1rio e no caso de multi-empresa por departamentos comuns para as empresas selecionadas.<\/p>\n<p>Caso n\u00e3o se defina a cor para um determinado funcion\u00e1rio, o programa coloca automaticamente a cor amarela e identifica o n\u00famero do funcion\u00e1rio nas c\u00e9lulas respetivas.<\/p>\n<p>Este add-on, funciona totalmente integrado e on-line com os Recursos Humanos Primavera. \u00c9 ainda poss\u00edvel visualizar outros dados: total de dias de f\u00e9rias, dias de f\u00e9rias marcados e dias de f\u00e9rias por marcar.<\/p>\n<p>Permite a exporta\u00e7\u00e3o para Excel do Mapa de F\u00e9rias Gr\u00e1fico.<\/p>\n<p>Considera os feriados que estejam definidos no calend\u00e1rio quer da empresa quer dos estabelecimentos.[\/vc_column_text][\/vc_column_inner][\/vc_row_inner][vc_empty_space height=&#8221;100&#8243;][\/vc_column][\/vc_row][vc_row full_width=&#8221;stretch_row&#8221; parallax=&#8221;theme-parallax&#8221; parallax_image=&#8221;1082&#8243; income_row_font_color=&#8221;#ffffff&#8221;][vc_column][vc_empty_space height=&#8221;100&#8243;][vc_row_inner][vc_column_inner][vc_column_text el_class=&#8221;text-highlight&#8221;]<\/p>\n<h3>Produzido por<\/h3>\n<p>[\/vc_column_text][vc_empty_space height=&#8221;25&#8243;][\/vc_column_inner][\/vc_row_inner][vc_row_inner][vc_column_inner width=&#8221;1\/6&#8243;][vc_single_image image=&#8221;2172&#8243; img_size=&#8221;full&#8221; el_class=&#8221;micro-logo&#8221;][\/vc_column_inner][vc_column_inner width=&#8221;2\/6&#8243;][vc_column_text]Micror\u00e9gio \u2013 Solu\u00e7\u00f5es Inform\u00e1ticas, Lda<br \/>\nAv. Mouzinho de Albuquerque 15<br \/>\n4480-151 Azurara, Vila do Conde, Portugal[\/vc_column_text][\/vc_column_inner][vc_column_inner width=&#8221;1\/4&#8243;][vc_column_text]<strong>CONTACTO COMERCIAL<\/strong><br \/>\nT\/ +351252638330<br \/>\n<a href=\"mailto:geral@micror\u00e9gio.pt\">geral@micror\u00e9gio.pt<\/a>[\/vc_column_text][\/vc_column_inner][vc_column_inner width=&#8221;1\/4&#8243;][vc_column_text]<strong>SUPORTE T\u00c9CNICO<\/strong><br \/>\nT\/ +351252638330<br \/>\n<a href=\"mailto:suporte@micror\u00e9gio.pt\">suporte@micror\u00e9gio.pt<\/a>[\/vc_column_text][\/vc_column_inner][\/vc_row_inner][vc_empty_space height=&#8221;100&#8243;][\/vc_column][\/vc_row][vc_row][vc_column][vc_empty_space height=&#8221;100&#8243;][vc_row_inner][vc_column_inner][vc_column_text el_class=&#8221;text-highlight&#8221;]<\/p>\n<h3>Principais funcionalidades<\/h3>\n<p>[\/vc_column_text][vc_empty_space height=&#8221;25&#8243;][\/vc_column_inner][\/vc_row_inner][vc_row_inner][vc_column_inner width=&#8221;1\/3&#8243;][vc_column_text]\u2022 Integra\u00e7\u00e3o on-line com os Recursos Humanos do ERP Primavera;<br \/>\n\u2022 Tratamento de meios dias de f\u00e9rias;<br \/>\n\u2022 Resumo de f\u00e9rias total, marcados e por marcar;<br \/>\n\u2022 Visualiza\u00e7\u00e3o por estabelecimento, departamento e funcion\u00e1rio;[\/vc_column_text][\/vc_column_inner][vc_column_inner width=&#8221;1\/3&#8243;][vc_column_text]\u2022 Identifica\u00e7\u00e3o dos feriados, a partir do calend\u00e1rio da empresa nos RH;<br \/>\n\u2022 An\u00e1lise gr\u00e1fica din\u00e2mica do Mapa de F\u00e9rias;<br \/>\n\u2022 Impress\u00e3o;<br \/>\n\u2022 Exporta\u00e7\u00e3o para Excel;[\/vc_column_text][\/vc_column_inner][vc_column_inner width=&#8221;1\/3&#8243;][vc_column_text]\u2022 Impress\u00e3o da informa\u00e7\u00e3o de f\u00e9rias por funcion\u00e1rio;<br \/>\n\u2022 Licenciamento multi-empresa e por posto;<br \/>\n\u2022 Num cen\u00e1rio multi-empresa, visualiza\u00e7\u00e3o global entre as empresas atrav\u00e9s de departamentos comuns;[\/vc_column_text][\/vc_column_inner][\/vc_row_inner][vc_empty_space height=&#8221;100&#8243;][\/vc_column][\/vc_row][vc_row full_width=&#8221;stretch_row&#8221; parallax=&#8221;theme-parallax&#8221; parallax_image=&#8221;1152&#8243;][vc_column][vc_empty_space height=&#8221;100&#8243;][vc_row_inner][vc_column_inner][vc_column_text el_class=&#8221;text-highlight&#8221;]<\/p>\n<h3>Caracter\u00edsticas<\/h3>\n<p>[\/vc_column_text][vc_empty_space height=&#8221;25&#8243;][\/vc_column_inner][\/vc_row_inner][vc_row_inner][vc_column_inner width=&#8221;1\/3&#8243;][vc_custom_heading text=&#8221;Pre\u00e7o&#8221; font_container=&#8221;tag:h5|text_align:left&#8221; use_theme_fonts=&#8221;yes&#8221;][vc_column_text]Sob consulta[\/vc_column_text][\/vc_column_inner][vc_column_inner width=&#8221;1\/3&#8243;][vc_custom_heading text=&#8221;Mercados&#8221; font_container=&#8221;tag:h5|text_align:left&#8221; use_theme_fonts=&#8221;yes&#8221;][vc_column_text]Portugal, Mo\u00e7ambique, Espanha, Brasil, Angola, Cabo Verde[\/vc_column_text][\/vc_column_inner][vc_column_inner width=&#8221;1\/3&#8243;][vc_custom_heading text=&#8221;Idiomas suportados&#8221; font_container=&#8221;tag:h5|text_align:left&#8221; use_theme_fonts=&#8221;yes&#8221;][vc_column_text]Portugu\u00eas[\/vc_column_text][\/vc_column_inner][\/vc_row_inner][vc_row_inner css=&#8221;.vc_custom_1562060427834{margin-top: 20px !important;}&#8221;][vc_column_inner width=&#8221;1\/3&#8243;][vc_custom_heading text=&#8221;Integra\u00e7\u00e3o com Primavera&#8221; font_container=&#8221;tag:h5|text_align:left&#8221; use_theme_fonts=&#8221;yes&#8221;][vc_column_text]Recursos Humanos[\/vc_column_text][\/vc_column_inner][vc_column_inner width=&#8221;1\/3&#8243;][vc_custom_heading text=&#8221;Vers\u00f5es suportadas&#8221; font_container=&#8221;tag:h5|text_align:left&#8221; use_theme_fonts=&#8221;yes&#8221;][vc_column_text]v10.xx<br \/>\nv9.xx<br \/>\nv8.xx[\/vc_column_text][\/vc_column_inner][vc_column_inner width=&#8221;1\/3&#8243;][vc_custom_heading text=&#8221;N\u00ba de implementa\u00e7\u00f5es no \u00faltimo ano&#8221; font_container=&#8221;tag:h5|text_align:left&#8221; use_theme_fonts=&#8221;yes&#8221;][vc_column_text][10..25] Implementa\u00e7\u00f5es[\/vc_column_text][\/vc_column_inner][\/vc_row_inner][vc_empty_space height=&#8221;25&#8243;][vc_row_inner][vc_column_inner width=&#8221;1\/3&#8243;][vc_column_text el_class=&#8221;text-highlight&#8221;]<\/p>\n<h3>Documenta\u00e7\u00e3o:<\/h3>\n<p>[\/vc_column_text][vc_column_text]<a href=\"https:\/\/www.microregio.pt\/wp-content\/uploads\/2019\/07\/mapa-grafico-ferias.pdf\">Download Brochura.pdf<\/a>[\/vc_column_text][\/vc_column_inner][\/vc_row_inner][vc_empty_space height=&#8221;100&#8243;][\/vc_column][\/vc_row]<\/p>\n<\/div>","protected":false},"excerpt":{"rendered":"<p>[vc_row][vc_column][vc_row_inner][vc_column_inner][vc_column_text] Esta aplica\u00e7\u00e3o permite a an\u00e1lise da marca\u00e7\u00e3o das f\u00e9rias dos Recursos Humanos do ERP Primavera, de uma forma totalmente gr\u00e1fica, on-line, pr\u00e1tica e de f\u00e1cil utiliza\u00e7\u00e3o. [\/vc_column_text][vc_empty_space height=&#8221;50&#8243;][vc_column_text el_class=&#8221;text-highlight&#8221;] Mapa de F\u00e9rias Gr\u00e1fico [\/vc_column_text][vc_column_text] Add-on desenvolvido para RH Primavera [\/vc_column_text][vc_empty_space height=&#8221;25&#8243;][vc_column_text]Na \u00e1rea dos par\u00e2metros, define-se a cor por funcion\u00e1rio e na op\u00e7\u00e3o \u201cAn\u00e1lise de&#8230;<\/p>\n","protected":false},"author":1,"featured_media":0,"parent":0,"menu_order":4,"comment_status":"closed","ping_status":"closed","template":"","meta":{"footnotes":""},"class_list":["post-2158","page","type-page","status-publish","hentry"],"yoast_head":"<!-- This site is optimized with the Yoast SEO plugin v27.5 - https:\/\/yoast.com\/product\/yoast-seo-wordpress\/ -->\n<title>Mapa de F\u00e9rias Gr\u00e1fico &#8212; Microregio<\/title>\n<meta name=\"robots\" content=\"index, follow, max-snippet:-1, max-image-preview:large, max-video-preview:-1\" \/>\n<link rel=\"canonical\" href=\"https:\/\/www.microregio.pt\/pt-pt\/mapa-de-ferias\/\" \/>\n<meta property=\"og:locale\" content=\"pt_PT\" \/>\n<meta property=\"og:type\" content=\"article\" \/>\n<meta property=\"og:title\" content=\"Mapa de F\u00e9rias Gr\u00e1fico &#8212; Microregio\" \/>\n<meta property=\"og:description\" content=\"[vc_row][vc_column][vc_row_inner][vc_column_inner][vc_column_text] Esta aplica\u00e7\u00e3o permite a an\u00e1lise da marca\u00e7\u00e3o das f\u00e9rias dos Recursos Humanos do ERP Primavera, de uma forma totalmente gr\u00e1fica, on-line, pr\u00e1tica e de f\u00e1cil utiliza\u00e7\u00e3o. [\/vc_column_text][vc_empty_space height=&#8221;50&#8243;][vc_column_text el_class=&#8221;text-highlight&#8221;] Mapa de F\u00e9rias Gr\u00e1fico [\/vc_column_text][vc_column_text] Add-on desenvolvido para RH Primavera [\/vc_column_text][vc_empty_space height=&#8221;25&#8243;][vc_column_text]Na \u00e1rea dos par\u00e2metros, define-se a cor por funcion\u00e1rio e na op\u00e7\u00e3o \u201cAn\u00e1lise de...\" \/>\n<meta property=\"og:url\" content=\"https:\/\/www.microregio.pt\/pt-pt\/mapa-de-ferias\/\" \/>\n<meta property=\"og:site_name\" content=\"Microregio\" \/>\n<meta property=\"article:modified_time\" content=\"2019-07-25T14:32:18+00:00\" \/>\n<meta name=\"twitter:card\" content=\"summary_large_image\" \/>\n<meta name=\"twitter:label1\" content=\"Tempo estimado de leitura\" \/>\n\t<meta name=\"twitter:data1\" content=\"5 minutos\" \/>\n<script type=\"application\/ld+json\" class=\"yoast-schema-graph\">{\"@context\":\"https:\\\/\\\/schema.org\",\"@graph\":[{\"@type\":\"WebPage\",\"@id\":\"https:\\\/\\\/www.microregio.pt\\\/pt-pt\\\/mapa-de-ferias\\\/\",\"url\":\"https:\\\/\\\/www.microregio.pt\\\/pt-pt\\\/mapa-de-ferias\\\/\",\"name\":\"Mapa de F\u00e9rias Gr\u00e1fico &#8212; Microregio\",\"isPartOf\":{\"@id\":\"https:\\\/\\\/www.microregio.pt\\\/pt-pt\\\/#website\"},\"datePublished\":\"2019-07-01T15:08:06+00:00\",\"dateModified\":\"2019-07-25T14:32:18+00:00\",\"breadcrumb\":{\"@id\":\"https:\\\/\\\/www.microregio.pt\\\/pt-pt\\\/mapa-de-ferias\\\/#breadcrumb\"},\"inLanguage\":\"pt-PT\",\"potentialAction\":[{\"@type\":\"ReadAction\",\"target\":[\"https:\\\/\\\/www.microregio.pt\\\/pt-pt\\\/mapa-de-ferias\\\/\"]}]},{\"@type\":\"BreadcrumbList\",\"@id\":\"https:\\\/\\\/www.microregio.pt\\\/pt-pt\\\/mapa-de-ferias\\\/#breadcrumb\",\"itemListElement\":[{\"@type\":\"ListItem\",\"position\":1,\"name\":\"Home\",\"item\":\"https:\\\/\\\/www.microregio.pt\\\/pt-pt\\\/\"},{\"@type\":\"ListItem\",\"position\":2,\"name\":\"Mapa de F\u00e9rias Gr\u00e1fico\"}]},{\"@type\":\"WebSite\",\"@id\":\"https:\\\/\\\/www.microregio.pt\\\/pt-pt\\\/#website\",\"url\":\"https:\\\/\\\/www.microregio.pt\\\/pt-pt\\\/\",\"name\":\"Microregio\",\"description\":\"Solu\u00e7\u00f5es Inform\u00e1ticas Lda\",\"potentialAction\":[{\"@type\":\"SearchAction\",\"target\":{\"@type\":\"EntryPoint\",\"urlTemplate\":\"https:\\\/\\\/www.microregio.pt\\\/pt-pt\\\/?s={search_term_string}\"},\"query-input\":{\"@type\":\"PropertyValueSpecification\",\"valueRequired\":true,\"valueName\":\"search_term_string\"}}],\"inLanguage\":\"pt-PT\"}]}<\/script>\n<!-- \/ Yoast SEO plugin. -->","yoast_head_json":{"title":"Mapa de F\u00e9rias Gr\u00e1fico &#8212; Microregio","robots":{"index":"index","follow":"follow","max-snippet":"max-snippet:-1","max-image-preview":"max-image-preview:large","max-video-preview":"max-video-preview:-1"},"canonical":"https:\/\/www.microregio.pt\/pt-pt\/mapa-de-ferias\/","og_locale":"pt_PT","og_type":"article","og_title":"Mapa de F\u00e9rias Gr\u00e1fico &#8212; Microregio","og_description":"[vc_row][vc_column][vc_row_inner][vc_column_inner][vc_column_text] Esta aplica\u00e7\u00e3o permite a an\u00e1lise da marca\u00e7\u00e3o das f\u00e9rias dos Recursos Humanos do ERP Primavera, de uma forma totalmente gr\u00e1fica, on-line, pr\u00e1tica e de f\u00e1cil utiliza\u00e7\u00e3o. [\/vc_column_text][vc_empty_space height=&#8221;50&#8243;][vc_column_text el_class=&#8221;text-highlight&#8221;] Mapa de F\u00e9rias Gr\u00e1fico [\/vc_column_text][vc_column_text] Add-on desenvolvido para RH Primavera [\/vc_column_text][vc_empty_space height=&#8221;25&#8243;][vc_column_text]Na \u00e1rea dos par\u00e2metros, define-se a cor por funcion\u00e1rio e na op\u00e7\u00e3o \u201cAn\u00e1lise de...","og_url":"https:\/\/www.microregio.pt\/pt-pt\/mapa-de-ferias\/","og_site_name":"Microregio","article_modified_time":"2019-07-25T14:32:18+00:00","twitter_card":"summary_large_image","twitter_misc":{"Tempo estimado de leitura":"5 minutos"},"schema":{"@context":"https:\/\/schema.org","@graph":[{"@type":"WebPage","@id":"https:\/\/www.microregio.pt\/pt-pt\/mapa-de-ferias\/","url":"https:\/\/www.microregio.pt\/pt-pt\/mapa-de-ferias\/","name":"Mapa de F\u00e9rias Gr\u00e1fico &#8212; Microregio","isPartOf":{"@id":"https:\/\/www.microregio.pt\/pt-pt\/#website"},"datePublished":"2019-07-01T15:08:06+00:00","dateModified":"2019-07-25T14:32:18+00:00","breadcrumb":{"@id":"https:\/\/www.microregio.pt\/pt-pt\/mapa-de-ferias\/#breadcrumb"},"inLanguage":"pt-PT","potentialAction":[{"@type":"ReadAction","target":["https:\/\/www.microregio.pt\/pt-pt\/mapa-de-ferias\/"]}]},{"@type":"BreadcrumbList","@id":"https:\/\/www.microregio.pt\/pt-pt\/mapa-de-ferias\/#breadcrumb","itemListElement":[{"@type":"ListItem","position":1,"name":"Home","item":"https:\/\/www.microregio.pt\/pt-pt\/"},{"@type":"ListItem","position":2,"name":"Mapa de F\u00e9rias Gr\u00e1fico"}]},{"@type":"WebSite","@id":"https:\/\/www.microregio.pt\/pt-pt\/#website","url":"https:\/\/www.microregio.pt\/pt-pt\/","name":"Microregio","description":"Solu\u00e7\u00f5es Inform\u00e1ticas Lda","potentialAction":[{"@type":"SearchAction","target":{"@type":"EntryPoint","urlTemplate":"https:\/\/www.microregio.pt\/pt-pt\/?s={search_term_string}"},"query-input":{"@type":"PropertyValueSpecification","valueRequired":true,"valueName":"search_term_string"}}],"inLanguage":"pt-PT"}]}},"_links":{"self":[{"href":"https:\/\/www.microregio.pt\/pt-pt\/wp-json\/wp\/v2\/pages\/2158\/"}],"collection":[{"href":"https:\/\/www.microregio.pt\/pt-pt\/wp-json\/wp\/v2\/pages\/"}],"about":[{"href":"https:\/\/www.microregio.pt\/pt-pt\/wp-json\/wp\/v2\/types\/page\/"}],"author":[{"embeddable":true,"href":"https:\/\/www.microregio.pt\/pt-pt\/wp-json\/wp\/v2\/users\/1\/"}],"replies":[{"embeddable":true,"href":"https:\/\/www.microregio.pt\/pt-pt\/wp-json\/wp\/v2\/comments\/?post=2158"}],"version-history":[{"count":57,"href":"https:\/\/www.microregio.pt\/pt-pt\/wp-json\/wp\/v2\/pages\/2158\/revisions\/"}],"predecessor-version":[{"id":2227,"href":"https:\/\/www.microregio.pt\/pt-pt\/wp-json\/wp\/v2\/pages\/2158\/revisions\/2227\/"}],"wp:attachment":[{"href":"https:\/\/www.microregio.pt\/pt-pt\/wp-json\/wp\/v2\/media\/?parent=2158"}],"curies":[{"name":"wp","href":"https:\/\/api.w.org\/{rel}","templated":true}]}}