{"id":3204,"date":"2026-02-13T11:25:05","date_gmt":"2026-02-13T11:25:05","guid":{"rendered":"https:\/\/www.microregio.pt\/?page_id=3204"},"modified":"2026-02-23T15:17:54","modified_gmt":"2026-02-23T15:17:54","slug":"nova-pagina-servicos","status":"publish","type":"page","link":"https:\/\/www.microregio.pt\/pt-pt\/nova-pagina-servicos\/","title":{"rendered":"Nova P\u00e1gina Servi\u00e7os"},"content":{"rendered":"<div class=\"wpb-content-wrapper\"><p>[vc_row full_width=&#8221;stretch_row&#8221; css_animation=&#8221;none&#8221;][vc_column width=&#8221;1\/2&#8243; offset=&#8221;vc_col-lg-5 vc_col-md-5 vc_col-xs-12&#8243;][vc_column_text css=&#8221;&#8221; el_class=&#8221;text-highlight&#8221;]<\/p>\n<h2>Servi\u00e7os Personalizados para<br \/>\nTransformar o seu Neg\u00f3cio<\/h2>\n<p>[\/vc_column_text][vc_empty_space height=&#8221;50&#8243;][\/vc_column][vc_column width=&#8221;5\/12&#8243; offset=&#8221;vc_col-lg-offset-2 vc_col-lg-5 vc_col-md-offset-1 vc_col-md-6 vc_col-sm-offset-1 vc_col-xs-12&#8243;][vc_column_text css=&#8221;&#8221;]<strong>Na Micror\u00e9gio, reconhecemos que a tecnologia \u00e9 um pilar fundamental para o sucesso das organiza\u00e7\u00f5es modernas.<\/strong> Por isso, disponibilizamos uma gama abrangente de servi\u00e7os especializados, concebidos para assegurar a efici\u00eancia, seguran\u00e7a e evolu\u00e7\u00e3o cont\u00ednua dos sistemas inform\u00e1ticos dos nossos clientes.[\/vc_column_text][vc_empty_space height=&#8221;50&#8243;][\/vc_column][\/vc_row][vc_row][vc_column][vc_empty_space height=&#8221;50&#8243;][vc_raw_html css=&#8221;&#8221;]JTNDYSUyMGNsYXNzJTNEJTIyYW5jaG9yJTIyJTIwaWQlM0QlMjJzdXBvcnRlLXRlY25pY28lMjIlM0UlM0MlMkZhJTNF[\/vc_raw_html][\/vc_column][\/vc_row][vc_row css_animation=&#8221;none&#8221; css=&#8221;.vc_custom_1770897789579{background-color: #FAFAFA !important;border-radius: 20px !important;}&#8221;][vc_column width=&#8221;1\/2&#8243; offset=&#8221;vc_col-lg-5 vc_col-md-5 vc_col-xs-12&#8243;][vc_single_image image=&#8221;3104&#8243; img_size=&#8221;full&#8221; css=&#8221;&#8221; el_class=&#8221;brd-rd-20 img-title&#8221; title=&#8221;Suporte t\u00e9cnico de HW e SW&#8221;][\/vc_column][vc_column width=&#8221;5\/12&#8243; offset=&#8221;vc_col-lg-offset-2 vc_col-lg-4 vc_col-md-offset-1 vc_col-md-5 vc_col-sm-offset-1 vc_col-xs-12&#8243;][vc_empty_space height=&#8221;50&#8243;][vc_column_text css=&#8221;&#8221; el_class=&#8221;fsize18 padd-L-R-30&#8243;]Compreendemos que qualquer interrup\u00e7\u00e3o nos sistemas pode ter um impacto significativo nas opera\u00e7\u00f5es di\u00e1rias.<\/p>\n<p>A nossa equipa de suporte t\u00e9cnico est\u00e1 preparada para responder de forma c\u00e9lere e eficaz a uma variedade de desafios, desde avarias de hardware e problemas com sistemas operativos at\u00e9 quest\u00f5es de rede e ataques de malware.<\/p>\n<p>Investimos continuamente na forma\u00e7\u00e3o dos nossos profissionais para acompanhar as evolu\u00e7\u00f5es tecnol\u00f3gicas e oferecer solu\u00e7\u00f5es adaptadas \u00e0s necessidades espec\u00edficas de cada empresa, garantindo a continuidade operacional dos seus sistemas.[\/vc_column_text][vc_empty_space height=&#8221;50&#8243;][\/vc_column][\/vc_row][vc_row full_width=&#8221;stretch_row&#8221; income_row_font_color=&#8221;#ffffff&#8221;][vc_column][vc_empty_space height=&#8221;100&#8243;][vc_raw_html css=&#8221;&#8221;]JTNDYSUyMGNsYXNzJTNEJTIyYW5jaG9yJTIyJTIwaWQlM0QlMjJzaXN0ZW1hcyUyMiUzRSUzQyUyRmElM0U=[\/vc_raw_html][\/vc_column][\/vc_row][vc_row css=&#8221;.vc_custom_1770894885762{background-color: #FAFAFA !important;border-radius: 20px !important;}&#8221;][vc_column width=&#8221;5\/12&#8243; offset=&#8221;vc_col-lg-offset-1 vc_col-lg-4 vc_col-md-offset-0 vc_col-md-5 vc_col-sm-offset-0 vc_col-xs-12&#8243;][vc_empty_space height=&#8221;50&#8243;][vc_column_text css=&#8221;&#8221; el_class=&#8221;fsize18 padd-L-R-30&#8243;]A implementa\u00e7\u00e3o de uma solu\u00e7\u00e3o tecnol\u00f3gica \u00e9 apenas o in\u00edcio do nosso compromisso.<\/p>\n<p>Oferecemos servi\u00e7os de manuten\u00e7\u00e3o cont\u00ednua para assegurar que os sistemas permanecem atualizados, seguros e alinhados com os objetivos do neg\u00f3cio.<\/p>\n<p>A nossa abordagem proativa permite identificar e resolver potenciais problemas antes que estes afetem as opera\u00e7\u00f5es, garantindo a longevidade e efici\u00eancia dos investimentos tecnol\u00f3gicos dos nossos clientes.[\/vc_column_text][vc_empty_space height=&#8221;50&#8243;][\/vc_column][vc_column width=&#8221;1\/2&#8243; offset=&#8221;vc_col-lg-offset-2 vc_col-lg-5 vc_col-md-offset-1 vc_col-md-6 vc_col-sm-offset-1 vc_col-xs-12&#8243;][vc_single_image image=&#8221;3090&#8243; img_size=&#8221;full&#8221; css=&#8221;&#8221; el_class=&#8221;brd-rd-20 img-title&#8221; title=&#8221;Manuten\u00e7\u00e3o de Sistemas&#8221;][\/vc_column][\/vc_row][vc_row][vc_column][vc_empty_space height=&#8221;100&#8243;][vc_raw_html css=&#8221;&#8221;]JTNDYSUyMGNsYXNzJTNEJTIyYW5jaG9yJTIyJTIwaWQlM0QlMjJuZWdvY2lvJTIyJTNFJTNDJTJGYSUzRQ==[\/vc_raw_html][\/vc_column][\/vc_row][vc_row css=&#8221;.vc_custom_1770892754468{background-color: #FAFAFA !important;border-radius: 20px !important;}&#8221;][vc_column width=&#8221;1\/2&#8243; offset=&#8221;vc_col-lg-5 vc_col-md-5 vc_col-xs-12&#8243;][vc_single_image image=&#8221;3092&#8243; img_size=&#8221;full&#8221; css=&#8221;&#8221; el_class=&#8221;brd-rd-20 img-title&#8221; title=&#8221;Consultoria em Processos de Neg\u00f3cio&#8221;][\/vc_column][vc_column width=&#8221;5\/12&#8243; offset=&#8221;vc_col-lg-offset-2 vc_col-lg-4 vc_col-md-offset-1 vc_col-md-5 vc_col-sm-offset-1 vc_col-xs-12&#8243;][vc_empty_space height=&#8221;50&#8243;][vc_column_text css=&#8221;&#8221; el_class=&#8221;fsize18 padd-L-R-30&#8243;]Alinhamos a tecnologia com os processos de trabalho para potenciar os resultados da sua empresa.<\/p>\n<p>Os nossos servi\u00e7os de consultoria visam compreender os objetivos estrat\u00e9gicos da organiza\u00e7\u00e3o e implementar solu\u00e7\u00f5es tecnol\u00f3gicas que otimizem os processos internos, aumentem a produtividade e promovam a inova\u00e7\u00e3o.<\/p>\n<p>Trabalhamos em estreita colabora\u00e7\u00e3o com os nossos clientes para identificar oportunidades de melhoria e desenvolver estrat\u00e9gias eficazes que respondam \u00e0s exig\u00eancias do mercado.[\/vc_column_text][vc_empty_space height=&#8221;50&#8243;][\/vc_column][\/vc_row][vc_row full_width=&#8221;stretch_row&#8221; income_row_font_color=&#8221;#ffffff&#8221;][vc_column][vc_empty_space height=&#8221;100&#8243;][vc_raw_html css=&#8221;&#8221;]JTNDYSUyMGNsYXNzJTNEJTIyYW5jaG9yJTIyJTIwaWQlM0QlMjJpbmZvcm1hY2FvJTIyJTNFJTNDJTJGYSUzRQ==[\/vc_raw_html][\/vc_column][\/vc_row][vc_row css=&#8221;.vc_custom_1770894885762{background-color: #FAFAFA !important;border-radius: 20px !important;}&#8221;][vc_column width=&#8221;5\/12&#8243; offset=&#8221;vc_col-lg-offset-1 vc_col-lg-4 vc_col-md-offset-0 vc_col-md-5 vc_col-sm-offset-0 vc_col-xs-12&#8243;][vc_empty_space height=&#8221;50&#8243;][vc_column_text css=&#8221;&#8221; el_class=&#8221;fsize18 padd-L-R-30&#8243;]A tomada de decis\u00f5es informadas em TI \u00e9 crucial para o sucesso empresarial.<\/p>\n<p>A nossa consultoria em sistemas de informa\u00e7\u00e3o foca-se no planeamento e prioriza\u00e7\u00e3o das iniciativas tecnol\u00f3gicas, assegurando que estas est\u00e3o alinhadas com os processos chave da organiza\u00e7\u00e3o.<\/p>\n<p>Disponibilizamos consultores experientes que avaliam o ambiente tecnol\u00f3gico atual da empresa, identificam \u00e1reas de melhoria e prop\u00f5em solu\u00e7\u00f5es inovadoras que garantem efici\u00eancia operacional e vantagem competitiva.[\/vc_column_text][vc_empty_space height=&#8221;50&#8243;][\/vc_column][vc_column width=&#8221;1\/2&#8243; offset=&#8221;vc_col-lg-offset-2 vc_col-lg-5 vc_col-md-offset-1 vc_col-md-6 vc_col-sm-offset-1 vc_col-xs-12&#8243;][vc_single_image image=&#8221;3106&#8243; img_size=&#8221;full&#8221; css=&#8221;&#8221; el_class=&#8221;brd-rd-20 img-title&#8221; title=&#8221;Consultoria em Sistemas de Informa\u00e7\u00e3o&#8221;][\/vc_column][\/vc_row][vc_row][vc_column][vc_empty_space height=&#8221;100&#8243;][vc_raw_html css=&#8221;&#8221;]JTNDYSUyMGNsYXNzJTNEJTIyYW5jaG9yJTIyJTIwaWQlM0QlMjJmb3JtYWNhbyUyMiUzRSUzQyUyRmElM0U=[\/vc_raw_html][\/vc_column][\/vc_row][vc_row css=&#8221;.vc_custom_1770892754468{background-color: #FAFAFA !important;border-radius: 20px !important;}&#8221;][vc_column width=&#8221;1\/2&#8243; offset=&#8221;vc_col-lg-5 vc_col-md-5 vc_col-xs-12&#8243;][vc_single_image image=&#8221;3088&#8243; img_size=&#8221;full&#8221; css=&#8221;&#8221; el_class=&#8221;brd-rd-20 img-title&#8221; title=&#8221;Forma\u00e7\u00e3o&#8221;][\/vc_column][vc_column width=&#8221;5\/12&#8243; offset=&#8221;vc_col-lg-offset-2 vc_col-lg-4 vc_col-md-offset-1 vc_col-md-5 vc_col-sm-offset-1 vc_col-xs-12&#8243;][vc_empty_space height=&#8221;50&#8243;][vc_column_text css=&#8221;&#8221; el_class=&#8221;fsize18 padd-L-R-30&#8243;]Desenvolvemos a\u00e7\u00f5es de forma\u00e7\u00e3o especializadas, adaptadas \u00e0s necessidades espec\u00edficas de cada cliente, abrangendo \u00e1reas como software de gest\u00e3o Primavera, Microsoft Office, Internet e Email, Redes e Servidores.<\/p>\n<p>As nossas forma\u00e7\u00f5es podem ser realizadas em contexto real de trabalho, em sala ou atrav\u00e9s de workshops, nas instala\u00e7\u00f5es da Micror\u00e9gio ou nas do cliente, conforme a conveni\u00eancia.<\/p>\n<p>O nosso objetivo \u00e9 capacitar as equipas para utilizarem eficazmente as ferramentas tecnol\u00f3gicas, maximizando o retorno sobre o investimento em TI.[\/vc_column_text][vc_empty_space height=&#8221;50&#8243;][\/vc_column][\/vc_row][vc_row][vc_column][vc_empty_space height=&#8221;100&#8243;][vc_raw_html css=&#8221;&#8221;]JTNDYSUyMGNsYXNzJTNEJTIyYW5jaG9yJTIyJTIwaWQlM0QlMjJzb2Z0d2FyZSUyMiUzRSUzQyUyRmElM0U=[\/vc_raw_html][\/vc_column][\/vc_row][vc_row css=&#8221;.vc_custom_1770894885762{background-color: #FAFAFA !important;border-radius: 20px !important;}&#8221;][vc_column width=&#8221;5\/12&#8243; offset=&#8221;vc_col-lg-offset-1 vc_col-lg-4 vc_col-md-offset-0 vc_col-md-5 vc_col-sm-offset-0 vc_col-xs-12&#8243;][vc_empty_space height=&#8221;50&#8243;][vc_column_text css=&#8221;&#8221; el_class=&#8221;fsize18 padd-L-R-30&#8243;]Cada neg\u00f3cio \u00e9 \u00fanico e, por vezes, as solu\u00e7\u00f5es dispon\u00edveis no mercado n\u00e3o respondem a todas as especificidades da sua empresa.<\/p>\n<p>Com uma vasta experi\u00eancia no desenvolvimento de software personalizado, colaboramos estreitamente com os nossos clientes para criar aplica\u00e7\u00f5es que atendam \u00e0s suas necessidades exclusivas.<\/p>\n<p>Desde a an\u00e1lise de requisitos at\u00e9 \u00e0 implementa\u00e7\u00e3o e suporte, asseguramos que cada solu\u00e7\u00e3o \u00e9 eficiente, escal\u00e1vel e perfeitamente integrada nos processos existentes, contribuindo para a simplifica\u00e7\u00e3o e otimiza\u00e7\u00e3o das opera\u00e7\u00f5es empresariais.[\/vc_column_text][vc_empty_space height=&#8221;50&#8243;][\/vc_column][vc_column width=&#8221;1\/2&#8243; offset=&#8221;vc_col-lg-offset-2 vc_col-lg-5 vc_col-md-offset-1 vc_col-md-6 vc_col-sm-offset-1 vc_col-xs-12&#8243;][vc_single_image image=&#8221;3086&#8243; img_size=&#8221;full&#8221; css=&#8221;&#8221; el_class=&#8221;brd-rd-20 img-title&#8221; title=&#8221;Desenvolvimento de Software&#8221;][\/vc_column][\/vc_row][vc_row income_row_font_color=&#8221;#ffffff&#8221;][vc_column][vc_empty_space height=&#8221;100&#8243;][\/vc_column][\/vc_row][vc_row full_width=&#8221;stretch_row&#8221; income_row_font_color=&#8221;#ffffff&#8221; css=&#8221;.vc_custom_1771859871974{background-color: #F4F4F4 !important;}&#8221;][vc_column][vc_empty_space height=&#8221;100&#8243;][\/vc_column][\/vc_row][vc_row full_width=&#8221;stretch_row&#8221; css=&#8221;.vc_custom_1771859863737{background-color: #F4F4F4 !important;}&#8221;][vc_column width=&#8221;1\/2&#8243; offset=&#8221;vc_col-lg-5 vc_col-md-5 vc_col-xs-12&#8243;][vc_column_text css=&#8221;&#8221; el_class=&#8221;text-highlight&#8221;]<\/p>\n<h3>O seu parceiro tecnol\u00f3gico<br \/>\nde confian\u00e7a<\/h3>\n<p>[\/vc_column_text][vc_empty_space height=&#8221;100&#8243;][\/vc_column][vc_column width=&#8221;5\/12&#8243; offset=&#8221;vc_col-lg-offset-2 vc_col-lg-5 vc_col-md-offset-1 vc_col-md-6 vc_col-sm-offset-1 vc_col-xs-12&#8243;][vc_column_text css=&#8221;&#8221;]Na Micror\u00e9gio, estamos empenhados em ser o seu parceiro tecnol\u00f3gico de confian\u00e7a, fornecendo solu\u00e7\u00f5es que n\u00e3o s\u00f3 respondem \u00e0s exig\u00eancias atuais do seu neg\u00f3cio, mas tamb\u00e9m o preparam para os desafios futuros.[\/vc_column_text][vc_empty_space height=&#8221;100&#8243;][\/vc_column][\/vc_row][vc_row full_width=&#8221;stretch_row&#8221; income_row_font_color=&#8221;#ffffff&#8221;][vc_column][vc_empty_space height=&#8221;100&#8243;][vc_column_text css=&#8221;&#8221; el_class=&#8221;text-highlight&#8221;]<\/p>\n<h5>Contactos<\/h5>\n<p>[\/vc_column_text][vc_empty_space height=&#8221;50&#8243;][\/vc_column][\/vc_row][vc_row css=&#8221;.vc_custom_1770981685383{padding-bottom: 30px !important;}&#8221;][vc_column offset=&#8221;vc_col-lg-5 vc_col-md-5 vc_col-xs-12&#8243;][vc_column_text css=&#8221;&#8221;]<\/p>\n<h3 style=\"color: #000;\"><strong>Pronto para melhorar<br \/>\na efici\u00eancia do seu neg\u00f3cio<\/strong><\/h3>\n<p>[\/vc_column_text][vc_empty_space height=&#8221;30&#8243;][vc_column_text css=&#8221;&#8221;]<\/p>\n<p style=\"color: #000;\">Na Micror\u00e9gio, estamos empenhados em ser o seu parceiro tecnol\u00f3gico de confian\u00e7a, fornecendo solu\u00e7\u00f5es que n\u00e3o s\u00f3 respondem \u00e0s exig\u00eancias atuais do seu neg\u00f3cio, mas tamb\u00e9m o preparam para os desafios futuros.<\/p>\n<p>[\/vc_column_text][vc_empty_space height=&#8221;30&#8243;][vc_column_text css=&#8221;&#8221;]<a class=\"btn\" href=\"https:\/\/www.microregio.pt\/pt-pt\/contactos\/\">Fale connosco<\/a>[\/vc_column_text][vc_empty_space height=&#8221;100&#8243;][\/vc_column][vc_column offset=&#8221;vc_col-lg-offset-2 vc_col-lg-5 vc_col-md-offset-1 vc_col-md-6 vc_col-sm-offset-0 vc_col-xs-12&#8243;][vc_column_text css=&#8221;.vc_custom_1770823102128{padding-right: 15px !important;padding-left: 15px !important;}&#8221;]<\/p>\n<h5 style=\"color: #000;\"><strong>Envie-nos uma mensagem<\/strong><\/h5>\n<p>[\/vc_column_text][vc_empty_space height=&#8221;20&#8243;]\n<div class=\"wpcf7 no-js\" id=\"wpcf7-f277-o1\" lang=\"en\" dir=\"ltr\" data-wpcf7-id=\"277\">\n<div class=\"screen-reader-response\"><p role=\"status\" aria-live=\"polite\" aria-atomic=\"true\"><\/p> <ul><\/ul><\/div>\n<form action=\"\/pt-pt\/wp-json\/wp\/v2\/pages\/3204#wpcf7-f277-o1\" method=\"post\" class=\"wpcf7-form init\" aria-label=\"Formul\u00e1rio de contacto\" novalidate=\"novalidate\" data-status=\"init\">\n<fieldset class=\"hidden-fields-container\"><input type=\"hidden\" name=\"_wpcf7\" value=\"277\" \/><input type=\"hidden\" name=\"_wpcf7_version\" value=\"6.1.5\" \/><input type=\"hidden\" name=\"_wpcf7_locale\" value=\"en\" \/><input type=\"hidden\" name=\"_wpcf7_unit_tag\" value=\"wpcf7-f277-o1\" \/><input type=\"hidden\" name=\"_wpcf7_container_post\" value=\"0\" \/><input type=\"hidden\" name=\"_wpcf7_posted_data_hash\" value=\"\" \/><input type=\"hidden\" name=\"_wpcf7_recaptcha_response\" value=\"\" \/>\n<\/fieldset>\n<div class=\"vc_col-sm-12\">\n\t<p><span class=\"wpcf7-form-control-wrap\" data-name=\"your-name\"><input size=\"40\" maxlength=\"400\" class=\"wpcf7-form-control wpcf7-text wpcf7-validates-as-required span12\" aria-required=\"true\" aria-invalid=\"false\" placeholder=\"Nome *\" value=\"\" type=\"text\" name=\"your-name\" \/><\/span>\n\t<\/p>\n<\/div>\n<div class=\"vc_col-sm-6\">\n\t<p><span class=\"wpcf7-form-control-wrap\" data-name=\"your-company\"><input size=\"40\" maxlength=\"400\" class=\"wpcf7-form-control wpcf7-text span12\" aria-invalid=\"false\" placeholder=\"Empresa\" value=\"\" type=\"text\" name=\"your-company\" \/><\/span>\n\t<\/p>\n<\/div>\n<div class=\"vc_col-sm-6\">\n\t<p><span class=\"wpcf7-form-control-wrap\" data-name=\"your-local\"><input size=\"40\" maxlength=\"400\" class=\"wpcf7-form-control wpcf7-text wpcf7-validates-as-required span12\" aria-required=\"true\" aria-invalid=\"false\" placeholder=\"Localidade *\" value=\"\" type=\"text\" name=\"your-local\" \/><\/span>\n\t<\/p>\n<\/div>\n<div class=\"vc_col-sm-6\">\n\t<p><span class=\"wpcf7-form-control-wrap\" data-name=\"your-number\"><input size=\"40\" maxlength=\"400\" class=\"wpcf7-form-control wpcf7-text wpcf7-validates-as-required\" aria-required=\"true\" aria-invalid=\"false\" placeholder=\"Telefone *\" value=\"\" type=\"text\" name=\"your-number\" \/><\/span>\n\t<\/p>\n<\/div>\n<div class=\"vc_col-sm-6\">\n\t<p><span class=\"wpcf7-form-control-wrap\" data-name=\"your-email\"><input size=\"40\" maxlength=\"400\" class=\"wpcf7-form-control wpcf7-email wpcf7-validates-as-required wpcf7-text wpcf7-validates-as-email span12\" aria-required=\"true\" aria-invalid=\"false\" placeholder=\"Email *\" value=\"\" type=\"email\" name=\"your-email\" \/><\/span>\n\t<\/p>\n<\/div>\n<div class=\"vc_col-sm-12\">\n\t<p><span class=\"wpcf7-form-control-wrap\" data-name=\"your-message\"><textarea cols=\"25\" rows=\"7\" maxlength=\"2000\" class=\"wpcf7-form-control wpcf7-textarea wpcf7-validates-as-required span12\" aria-required=\"true\" aria-invalid=\"false\" placeholder=\"Mensagem *\" name=\"your-message\"><\/textarea><\/span>\n\t<\/p>\n\t<p style=\"color:rgb(169, 169, 169); margin-top:0\">* Campos de preenchimentos obrigat\u00f3rio\n\t<\/p>\n\t<p><span class=\"wpcf7-form-control-wrap\" data-name=\"rgpd\"><span class=\"wpcf7-form-control wpcf7-acceptance\"><span class=\"wpcf7-list-item\"><label><input type=\"checkbox\" name=\"rgpd\" value=\"1\" aria-invalid=\"false\" \/><span class=\"wpcf7-list-item-label\">Li e aceito a <a href=\"https:\/\/www.microregio.pt\/pt-pt\/politica-privacidade-tratamento-dados-pessoais\/\" target=\"_blank\" style=\"color:#00c5e9\">Pol\u00edtica de privacidade<\/a><\/span><\/label><\/span><\/span><\/span>\n\t<\/p>\n\t<p><input class=\"wpcf7-form-control wpcf7-submit has-spinner btn\" type=\"submit\" value=\"Enviar\" \/>\n\t<\/p>\n<\/div><div class=\"wpcf7-response-output\" aria-hidden=\"true\"><\/div>\n<\/form>\n<\/div>\n[vc_empty_space height=&#8221;100&#8243;][\/vc_column][\/vc_row]<\/p>\n<\/div>","protected":false},"excerpt":{"rendered":"<p>[vc_row full_width=&#8221;stretch_row&#8221; css_animation=&#8221;none&#8221;][vc_column width=&#8221;1\/2&#8243; offset=&#8221;vc_col-lg-5 vc_col-md-5 vc_col-xs-12&#8243;][vc_column_text css=&#8221;&#8221; el_class=&#8221;text-highlight&#8221;] Servi\u00e7os Personalizados para Transformar o seu Neg\u00f3cio [\/vc_column_text][vc_empty_space height=&#8221;50&#8243;][\/vc_column][vc_column width=&#8221;5\/12&#8243; offset=&#8221;vc_col-lg-offset-2 vc_col-lg-5 vc_col-md-offset-1 vc_col-md-6 vc_col-sm-offset-1 vc_col-xs-12&#8243;][vc_column_text css=&#8221;&#8221;]Na Micror\u00e9gio, reconhecemos que a tecnologia \u00e9 um pilar fundamental para o sucesso das organiza\u00e7\u00f5es modernas. Por isso, disponibilizamos uma gama abrangente de servi\u00e7os especializados, concebidos para assegurar a efici\u00eancia,&#8230;<\/p>\n","protected":false},"author":1,"featured_media":0,"parent":0,"menu_order":4,"comment_status":"closed","ping_status":"closed","template":"","meta":{"footnotes":""},"class_list":["post-3204","page","type-page","status-publish","hentry"],"yoast_head":"<!-- This site is optimized with the Yoast SEO plugin v27.3 - https:\/\/yoast.com\/product\/yoast-seo-wordpress\/ -->\n<title>Nova P\u00e1gina Servi\u00e7os &#8212; Microregio<\/title>\n<meta name=\"robots\" content=\"index, follow, max-snippet:-1, max-image-preview:large, max-video-preview:-1\" \/>\n<link rel=\"canonical\" href=\"http:\/\/www.microregio.pt\/pt-pt\/nova-pagina-servicos\/\" \/>\n<meta property=\"og:locale\" content=\"pt_PT\" \/>\n<meta property=\"og:type\" content=\"article\" \/>\n<meta property=\"og:title\" content=\"Nova P\u00e1gina Servi\u00e7os &#8212; Microregio\" \/>\n<meta property=\"og:description\" content=\"[vc_row full_width=&#8221;stretch_row&#8221; css_animation=&#8221;none&#8221;][vc_column width=&#8221;1\/2&#8243; offset=&#8221;vc_col-lg-5 vc_col-md-5 vc_col-xs-12&#8243;][vc_column_text css=&#8221;&#8221; el_class=&#8221;text-highlight&#8221;] Servi\u00e7os Personalizados para Transformar o seu Neg\u00f3cio [\/vc_column_text][vc_empty_space height=&#8221;50&#8243;][\/vc_column][vc_column width=&#8221;5\/12&#8243; offset=&#8221;vc_col-lg-offset-2 vc_col-lg-5 vc_col-md-offset-1 vc_col-md-6 vc_col-sm-offset-1 vc_col-xs-12&#8243;][vc_column_text css=&#8221;&#8221;]Na Micror\u00e9gio, reconhecemos que a tecnologia \u00e9 um pilar fundamental para o sucesso das organiza\u00e7\u00f5es modernas. Por isso, disponibilizamos uma gama abrangente de servi\u00e7os especializados, concebidos para assegurar a efici\u00eancia,...\" \/>\n<meta property=\"og:url\" content=\"http:\/\/www.microregio.pt\/pt-pt\/nova-pagina-servicos\/\" \/>\n<meta property=\"og:site_name\" content=\"Microregio\" \/>\n<meta property=\"article:modified_time\" content=\"2026-02-23T15:17:54+00:00\" \/>\n<meta name=\"twitter:card\" content=\"summary_large_image\" \/>\n<meta name=\"twitter:label1\" content=\"Tempo estimado de leitura\" \/>\n\t<meta name=\"twitter:data1\" content=\"6 minutos\" \/>\n<script type=\"application\/ld+json\" class=\"yoast-schema-graph\">{\"@context\":\"https:\\\/\\\/schema.org\",\"@graph\":[{\"@type\":\"WebPage\",\"@id\":\"http:\\\/\\\/www.microregio.pt\\\/pt-pt\\\/nova-pagina-servicos\\\/\",\"url\":\"http:\\\/\\\/www.microregio.pt\\\/pt-pt\\\/nova-pagina-servicos\\\/\",\"name\":\"Nova P\u00e1gina Servi\u00e7os &#8212; Microregio\",\"isPartOf\":{\"@id\":\"http:\\\/\\\/www.microregio.pt\\\/pt-pt\\\/#website\"},\"datePublished\":\"2026-02-13T11:25:05+00:00\",\"dateModified\":\"2026-02-23T15:17:54+00:00\",\"breadcrumb\":{\"@id\":\"http:\\\/\\\/www.microregio.pt\\\/pt-pt\\\/nova-pagina-servicos\\\/#breadcrumb\"},\"inLanguage\":\"pt-PT\",\"potentialAction\":[{\"@type\":\"ReadAction\",\"target\":[\"http:\\\/\\\/www.microregio.pt\\\/pt-pt\\\/nova-pagina-servicos\\\/\"]}]},{\"@type\":\"BreadcrumbList\",\"@id\":\"http:\\\/\\\/www.microregio.pt\\\/pt-pt\\\/nova-pagina-servicos\\\/#breadcrumb\",\"itemListElement\":[{\"@type\":\"ListItem\",\"position\":1,\"name\":\"Home\",\"item\":\"http:\\\/\\\/www.microregio.pt\\\/pt-pt\\\/\"},{\"@type\":\"ListItem\",\"position\":2,\"name\":\"Nova P\u00e1gina Servi\u00e7os\"}]},{\"@type\":\"WebSite\",\"@id\":\"http:\\\/\\\/www.microregio.pt\\\/pt-pt\\\/#website\",\"url\":\"http:\\\/\\\/www.microregio.pt\\\/pt-pt\\\/\",\"name\":\"Microregio\",\"description\":\"Solu\u00e7\u00f5es Inform\u00e1ticas Lda\",\"potentialAction\":[{\"@type\":\"SearchAction\",\"target\":{\"@type\":\"EntryPoint\",\"urlTemplate\":\"http:\\\/\\\/www.microregio.pt\\\/pt-pt\\\/?s={search_term_string}\"},\"query-input\":{\"@type\":\"PropertyValueSpecification\",\"valueRequired\":true,\"valueName\":\"search_term_string\"}}],\"inLanguage\":\"pt-PT\"}]}<\/script>\n<!-- \/ Yoast SEO plugin. -->","yoast_head_json":{"title":"Nova P\u00e1gina Servi\u00e7os &#8212; Microregio","robots":{"index":"index","follow":"follow","max-snippet":"max-snippet:-1","max-image-preview":"max-image-preview:large","max-video-preview":"max-video-preview:-1"},"canonical":"http:\/\/www.microregio.pt\/pt-pt\/nova-pagina-servicos\/","og_locale":"pt_PT","og_type":"article","og_title":"Nova P\u00e1gina Servi\u00e7os &#8212; Microregio","og_description":"[vc_row full_width=&#8221;stretch_row&#8221; css_animation=&#8221;none&#8221;][vc_column width=&#8221;1\/2&#8243; offset=&#8221;vc_col-lg-5 vc_col-md-5 vc_col-xs-12&#8243;][vc_column_text css=&#8221;&#8221; el_class=&#8221;text-highlight&#8221;] Servi\u00e7os Personalizados para Transformar o seu Neg\u00f3cio [\/vc_column_text][vc_empty_space height=&#8221;50&#8243;][\/vc_column][vc_column width=&#8221;5\/12&#8243; offset=&#8221;vc_col-lg-offset-2 vc_col-lg-5 vc_col-md-offset-1 vc_col-md-6 vc_col-sm-offset-1 vc_col-xs-12&#8243;][vc_column_text css=&#8221;&#8221;]Na Micror\u00e9gio, reconhecemos que a tecnologia \u00e9 um pilar fundamental para o sucesso das organiza\u00e7\u00f5es modernas. Por isso, disponibilizamos uma gama abrangente de servi\u00e7os especializados, concebidos para assegurar a efici\u00eancia,...","og_url":"http:\/\/www.microregio.pt\/pt-pt\/nova-pagina-servicos\/","og_site_name":"Microregio","article_modified_time":"2026-02-23T15:17:54+00:00","twitter_card":"summary_large_image","twitter_misc":{"Tempo estimado de leitura":"6 minutos"},"schema":{"@context":"https:\/\/schema.org","@graph":[{"@type":"WebPage","@id":"http:\/\/www.microregio.pt\/pt-pt\/nova-pagina-servicos\/","url":"http:\/\/www.microregio.pt\/pt-pt\/nova-pagina-servicos\/","name":"Nova P\u00e1gina Servi\u00e7os &#8212; Microregio","isPartOf":{"@id":"http:\/\/www.microregio.pt\/pt-pt\/#website"},"datePublished":"2026-02-13T11:25:05+00:00","dateModified":"2026-02-23T15:17:54+00:00","breadcrumb":{"@id":"http:\/\/www.microregio.pt\/pt-pt\/nova-pagina-servicos\/#breadcrumb"},"inLanguage":"pt-PT","potentialAction":[{"@type":"ReadAction","target":["http:\/\/www.microregio.pt\/pt-pt\/nova-pagina-servicos\/"]}]},{"@type":"BreadcrumbList","@id":"http:\/\/www.microregio.pt\/pt-pt\/nova-pagina-servicos\/#breadcrumb","itemListElement":[{"@type":"ListItem","position":1,"name":"Home","item":"http:\/\/www.microregio.pt\/pt-pt\/"},{"@type":"ListItem","position":2,"name":"Nova P\u00e1gina Servi\u00e7os"}]},{"@type":"WebSite","@id":"http:\/\/www.microregio.pt\/pt-pt\/#website","url":"http:\/\/www.microregio.pt\/pt-pt\/","name":"Microregio","description":"Solu\u00e7\u00f5es Inform\u00e1ticas Lda","potentialAction":[{"@type":"SearchAction","target":{"@type":"EntryPoint","urlTemplate":"http:\/\/www.microregio.pt\/pt-pt\/?s={search_term_string}"},"query-input":{"@type":"PropertyValueSpecification","valueRequired":true,"valueName":"search_term_string"}}],"inLanguage":"pt-PT"}]}},"_links":{"self":[{"href":"https:\/\/www.microregio.pt\/pt-pt\/wp-json\/wp\/v2\/pages\/3204\/"}],"collection":[{"href":"https:\/\/www.microregio.pt\/pt-pt\/wp-json\/wp\/v2\/pages\/"}],"about":[{"href":"https:\/\/www.microregio.pt\/pt-pt\/wp-json\/wp\/v2\/types\/page\/"}],"author":[{"embeddable":true,"href":"https:\/\/www.microregio.pt\/pt-pt\/wp-json\/wp\/v2\/users\/1\/"}],"replies":[{"embeddable":true,"href":"https:\/\/www.microregio.pt\/pt-pt\/wp-json\/wp\/v2\/comments\/?post=3204"}],"version-history":[{"count":26,"href":"https:\/\/www.microregio.pt\/pt-pt\/wp-json\/wp\/v2\/pages\/3204\/revisions\/"}],"predecessor-version":[{"id":3395,"href":"https:\/\/www.microregio.pt\/pt-pt\/wp-json\/wp\/v2\/pages\/3204\/revisions\/3395\/"}],"wp:attachment":[{"href":"https:\/\/www.microregio.pt\/pt-pt\/wp-json\/wp\/v2\/media\/?parent=3204"}],"curies":[{"name":"wp","href":"https:\/\/api.w.org\/{rel}","templated":true}]}}