{"id":3251,"date":"2026-02-13T11:25:03","date_gmt":"2026-02-13T11:25:03","guid":{"rendered":"https:\/\/www.microregio.pt\/?page_id=3251"},"modified":"2026-02-23T15:17:03","modified_gmt":"2026-02-23T15:17:03","slug":"nova-pagina-cultura-da-empresa","status":"publish","type":"page","link":"https:\/\/www.microregio.pt\/pt-pt\/nova-pagina-cultura-da-empresa\/","title":{"rendered":"Nova P\u00e1gina Cultura da empresa"},"content":{"rendered":"<div class=\"wpb-content-wrapper\"><p>[vc_row full_width=&#8221;stretch_row&#8221;][vc_column width=&#8221;1\/2&#8243; offset=&#8221;vc_col-lg-5 vc_col-md-5 vc_col-xs-12&#8243;][vc_column_text css=&#8221;&#8221; el_class=&#8221;text-highlight&#8221;]<\/p>\n<h2>Miss\u00e3o, Vis\u00e3o e Valores<\/h2>\n<p>[\/vc_column_text][vc_empty_space height=&#8221;50&#8243;][\/vc_column][vc_column width=&#8221;5\/12&#8243; offset=&#8221;vc_col-lg-offset-2 vc_col-lg-5 vc_col-md-offset-1 vc_col-md-6 vc_col-sm-offset-1 vc_col-xs-12&#8243;][vc_column_text css=&#8221;&#8221; el_class=&#8221;text-highlight-black&#8221;]<\/p>\n<h3>Miss\u00e3o<\/h3>\n<p>[\/vc_column_text][vc_empty_space height=&#8221;10&#8243;][vc_column_text css=&#8221;&#8221;]Disponibilizar solu\u00e7\u00f5es tecnol\u00f3gicas de excel\u00eancia, que respondam de forma eficaz \u00e0s necessidades espec\u00edficas de cada cliente, promovendo a inova\u00e7\u00e3o, a confian\u00e7a e a sustentabilidade.[\/vc_column_text][vc_empty_space height=&#8221;30&#8243;][vc_column_text css=&#8221;&#8221; el_class=&#8221;text-highlight-black&#8221;]<\/p>\n<h3>Vis\u00e3o<\/h3>\n<p>[\/vc_column_text][vc_empty_space height=&#8221;10&#8243;][vc_column_text css=&#8221;&#8221;]Ser reconhecida como uma empresa de refer\u00eancia em solu\u00e7\u00f5es de Tecnologias da Informa\u00e7\u00e3o, destacando-se pela qualidade, proximidade com o cliente e compromisso com a transforma\u00e7\u00e3o digital respons\u00e1vel.[\/vc_column_text][vc_empty_space height=&#8221;30&#8243;][vc_column_text css=&#8221;&#8221; el_class=&#8221;text-highlight-black&#8221;]<\/p>\n<h3>Valores<\/h3>\n<p>[\/vc_column_text][vc_empty_space height=&#8221;10&#8243;][vc_column_text css=&#8221;&#8221;]<strong style=\"color: #00c5e9;\">INOVA\u00c7\u00c3O CONT\u00cdNUA<\/strong><br \/>\nProcuramos constantemente novas solu\u00e7\u00f5es que acrescentem valor.<\/p>\n<p><strong style=\"color: #00c5e9;\">COMPROMISSO COM O CLIENTE<\/strong><br \/>\nTrabalhamos lado a lado com quem confia em n\u00f3s.<\/p>\n<p><strong style=\"color: #00c5e9;\">RESPONSABILIDADE SOCIAL E AMBIENTAL<\/strong><br \/>\nAgimos com \u00e9tica e respeito pelo planeta e pelas pessoas.<\/p>\n<p><strong style=\"color: #00c5e9;\">EXCEL\u00caNCIA E PROFISSIONALISMO<\/strong><br \/>\nDedicamo-nos a fazer bem feito, todos os dias.<\/p>\n<p><strong style=\"color: #00c5e9;\">ESP\u00cdRITO DE EQUIPA<\/strong><br \/>\nValorizamos a colabora\u00e7\u00e3o, o respeito e o crescimento conjunto.[\/vc_column_text][vc_empty_space height=&#8221;50&#8243;][\/vc_column][\/vc_row][vc_row][vc_column][vc_empty_space height=&#8221;50&#8243;][vc_single_image image=&#8221;3264&#8243; img_size=&#8221;full&#8221; css=&#8221;&#8221; el_class=&#8221;brd-rd-20&#8243;][vc_empty_space height=&#8221;100&#8243;][\/vc_column][\/vc_row][vc_row full_width=&#8221;stretch_row&#8221;][vc_column width=&#8221;1\/2&#8243; offset=&#8221;vc_col-lg-5 vc_col-md-5 vc_col-xs-12&#8243;][vc_column_text css=&#8221;&#8221; el_class=&#8221;text-highlight&#8221;]<\/p>\n<h2>Responsabilidade Social<\/h2>\n<p>[\/vc_column_text][vc_empty_space height=&#8221;100&#8243;][\/vc_column][vc_column width=&#8221;5\/12&#8243; offset=&#8221;vc_col-lg-offset-2 vc_col-lg-5 vc_col-md-offset-1 vc_col-md-6 vc_col-sm-offset-1 vc_col-xs-12&#8243;][vc_column_text css=&#8221;&#8221;]<strong>Na Micror\u00e9gio, a responsabilidade social n\u00e3o \u00e9 apenas um valor \u2014 \u00e9 uma pr\u00e1tica di\u00e1ria. Contribu\u00edmos de forma ativa para uma sociedade mais justa, solid\u00e1ria e sustent\u00e1vel, respeitando todas as pessoas com quem convivemos e apoiando diversas causas sociais.<\/strong>[\/vc_column_text][vc_empty_space height=&#8221;20&#8243;][vc_column_text css=&#8221;&#8221;]Toda a nossa equipa est\u00e1 envolvida em iniciativas que v\u00e3o desde a separa\u00e7\u00e3o e redu\u00e7\u00e3o de res\u00edduos, ao apoio a institui\u00e7\u00f5es locais e participa\u00e7\u00e3o em campanhas de solidariedade. Al\u00e9m disso, promovemos a\u00e7\u00f5es que visam a prote\u00e7\u00e3o do ambiente e a melhoria das condi\u00e7\u00f5es sociais de entidades e indiv\u00edduos.[\/vc_column_text][vc_empty_space height=&#8221;20&#8243;][vc_column_text css=&#8221;&#8221;]<strong style=\"color: #00c5e9;\">Acreditamos que pequenas a\u00e7\u00f5es geram grandes impactos \u2014 e \u00e9 com este esp\u00edrito que seguimos investindo em projetos que promovem o bem comum.<\/strong><br \/>\n[\/vc_column_text][vc_empty_space height=&#8221;100&#8243;][\/vc_column][\/vc_row][vc_row full_width=&#8221;stretch_row&#8221; income_row_font_color=&#8221;#ffffff&#8221; css=&#8221;.vc_custom_1771859809783{background-color: #F4F4F4 !important;}&#8221;][vc_column][vc_empty_space height=&#8221;100&#8243;][\/vc_column][\/vc_row][vc_row full_width=&#8221;stretch_row&#8221; css=&#8221;.vc_custom_1771859817446{background-color: #F4F4F4 !important;}&#8221;][vc_column width=&#8221;1\/2&#8243; offset=&#8221;vc_col-lg-5 vc_col-md-5 vc_col-xs-12&#8243;][vc_column_text css=&#8221;&#8221; el_class=&#8221;text-highlight&#8221;]<\/p>\n<h3>O seu parceiro tecnol\u00f3gico<br \/>\nde confian\u00e7a<\/h3>\n<p>[\/vc_column_text][vc_empty_space height=&#8221;100&#8243;][\/vc_column][vc_column width=&#8221;5\/12&#8243; offset=&#8221;vc_col-lg-offset-2 vc_col-lg-5 vc_col-md-offset-1 vc_col-md-6 vc_col-sm-offset-1 vc_col-xs-12&#8243;][vc_column_text css=&#8221;&#8221;]Na Micror\u00e9gio, estamos empenhados em ser o seu parceiro tecnol\u00f3gico de confian\u00e7a, fornecendo solu\u00e7\u00f5es que n\u00e3o s\u00f3 respondem \u00e0s exig\u00eancias atuais do seu neg\u00f3cio, mas tamb\u00e9m o preparam para os desafios futuros.[\/vc_column_text][vc_empty_space height=&#8221;100&#8243;][\/vc_column][\/vc_row][vc_row full_width=&#8221;stretch_row&#8221; income_row_font_color=&#8221;#ffffff&#8221;][vc_column][vc_empty_space height=&#8221;100&#8243;][vc_column_text css=&#8221;&#8221; el_class=&#8221;text-highlight&#8221;]<\/p>\n<h5>Contactos<\/h5>\n<p>[\/vc_column_text][vc_empty_space height=&#8221;50&#8243;][\/vc_column][\/vc_row][vc_row css=&#8221;.vc_custom_1770824054700{padding-bottom: 30px !important;}&#8221;][vc_column offset=&#8221;vc_col-lg-5 vc_col-md-5 vc_col-xs-12&#8243;][vc_column_text css=&#8221;&#8221;]<\/p>\n<h3 style=\"color: #000;\"><strong>Pronto para melhorar<br \/>\na efici\u00eancia do seu neg\u00f3cio<\/strong><\/h3>\n<p>[\/vc_column_text][vc_empty_space height=&#8221;30&#8243;][vc_column_text css=&#8221;&#8221;]<\/p>\n<p style=\"color: #000;\">Na Micror\u00e9gio, estamos empenhados em ser o seu parceiro tecnol\u00f3gico de confian\u00e7a, fornecendo solu\u00e7\u00f5es que n\u00e3o s\u00f3 respondem \u00e0s exig\u00eancias atuais do seu neg\u00f3cio, mas tamb\u00e9m o preparam para os desafios futuros.<\/p>\n<p>[\/vc_column_text][vc_empty_space height=&#8221;30&#8243;][vc_column_text css=&#8221;&#8221;]<a class=\"btn\" href=\"https:\/\/www.microregio.pt\/pt-pt\/contactos\/\">Fale connosco<\/a>[\/vc_column_text][vc_empty_space height=&#8221;100&#8243;][\/vc_column][vc_column offset=&#8221;vc_col-lg-offset-2 vc_col-lg-5 vc_col-md-offset-1 vc_col-md-6 vc_col-sm-offset-0 vc_col-xs-12&#8243;][vc_column_text css=&#8221;.vc_custom_1770823102128{padding-right: 15px !important;padding-left: 15px !important;}&#8221;]<\/p>\n<h5 style=\"color: #000;\"><strong>Envie-nos uma mensagem<\/strong><\/h5>\n<p>[\/vc_column_text][vc_empty_space height=&#8221;20&#8243;]\n<div class=\"wpcf7 no-js\" id=\"wpcf7-f277-o1\" lang=\"en\" dir=\"ltr\" data-wpcf7-id=\"277\">\n<div class=\"screen-reader-response\"><p role=\"status\" aria-live=\"polite\" aria-atomic=\"true\"><\/p> <ul><\/ul><\/div>\n<form action=\"\/pt-pt\/wp-json\/wp\/v2\/pages\/3251#wpcf7-f277-o1\" method=\"post\" class=\"wpcf7-form init\" aria-label=\"Formul\u00e1rio de contacto\" novalidate=\"novalidate\" data-status=\"init\">\n<fieldset class=\"hidden-fields-container\"><input type=\"hidden\" name=\"_wpcf7\" value=\"277\" \/><input type=\"hidden\" name=\"_wpcf7_version\" value=\"6.1.5\" \/><input type=\"hidden\" name=\"_wpcf7_locale\" value=\"en\" \/><input type=\"hidden\" name=\"_wpcf7_unit_tag\" value=\"wpcf7-f277-o1\" \/><input type=\"hidden\" name=\"_wpcf7_container_post\" value=\"0\" \/><input type=\"hidden\" name=\"_wpcf7_posted_data_hash\" value=\"\" \/><input type=\"hidden\" name=\"_wpcf7_recaptcha_response\" value=\"\" \/>\n<\/fieldset>\n<div class=\"vc_col-sm-12\">\n\t<p><span class=\"wpcf7-form-control-wrap\" data-name=\"your-name\"><input size=\"40\" maxlength=\"400\" class=\"wpcf7-form-control wpcf7-text wpcf7-validates-as-required span12\" aria-required=\"true\" aria-invalid=\"false\" placeholder=\"Nome *\" value=\"\" type=\"text\" name=\"your-name\" \/><\/span>\n\t<\/p>\n<\/div>\n<div class=\"vc_col-sm-6\">\n\t<p><span class=\"wpcf7-form-control-wrap\" data-name=\"your-company\"><input size=\"40\" maxlength=\"400\" class=\"wpcf7-form-control wpcf7-text span12\" aria-invalid=\"false\" placeholder=\"Empresa\" value=\"\" type=\"text\" name=\"your-company\" \/><\/span>\n\t<\/p>\n<\/div>\n<div class=\"vc_col-sm-6\">\n\t<p><span class=\"wpcf7-form-control-wrap\" data-name=\"your-local\"><input size=\"40\" maxlength=\"400\" class=\"wpcf7-form-control wpcf7-text wpcf7-validates-as-required span12\" aria-required=\"true\" aria-invalid=\"false\" placeholder=\"Localidade *\" value=\"\" type=\"text\" name=\"your-local\" \/><\/span>\n\t<\/p>\n<\/div>\n<div class=\"vc_col-sm-6\">\n\t<p><span class=\"wpcf7-form-control-wrap\" data-name=\"your-number\"><input size=\"40\" maxlength=\"400\" class=\"wpcf7-form-control wpcf7-text wpcf7-validates-as-required\" aria-required=\"true\" aria-invalid=\"false\" placeholder=\"Telefone *\" value=\"\" type=\"text\" name=\"your-number\" \/><\/span>\n\t<\/p>\n<\/div>\n<div class=\"vc_col-sm-6\">\n\t<p><span class=\"wpcf7-form-control-wrap\" data-name=\"your-email\"><input size=\"40\" maxlength=\"400\" class=\"wpcf7-form-control wpcf7-email wpcf7-validates-as-required wpcf7-text wpcf7-validates-as-email span12\" aria-required=\"true\" aria-invalid=\"false\" placeholder=\"Email *\" value=\"\" type=\"email\" name=\"your-email\" \/><\/span>\n\t<\/p>\n<\/div>\n<div class=\"vc_col-sm-12\">\n\t<p><span class=\"wpcf7-form-control-wrap\" data-name=\"your-message\"><textarea cols=\"25\" rows=\"7\" maxlength=\"2000\" class=\"wpcf7-form-control wpcf7-textarea wpcf7-validates-as-required span12\" aria-required=\"true\" aria-invalid=\"false\" placeholder=\"Mensagem *\" name=\"your-message\"><\/textarea><\/span>\n\t<\/p>\n\t<p style=\"color:rgb(169, 169, 169); margin-top:0\">* Campos de preenchimentos obrigat\u00f3rio\n\t<\/p>\n\t<p><span class=\"wpcf7-form-control-wrap\" data-name=\"rgpd\"><span class=\"wpcf7-form-control wpcf7-acceptance\"><span class=\"wpcf7-list-item\"><label><input type=\"checkbox\" name=\"rgpd\" value=\"1\" aria-invalid=\"false\" \/><span class=\"wpcf7-list-item-label\">Li e aceito a <a href=\"https:\/\/www.microregio.pt\/pt-pt\/politica-privacidade-tratamento-dados-pessoais\/\" target=\"_blank\" style=\"color:#00c5e9\">Pol\u00edtica de privacidade<\/a><\/span><\/label><\/span><\/span><\/span>\n\t<\/p>\n\t<p><input class=\"wpcf7-form-control wpcf7-submit has-spinner btn\" type=\"submit\" value=\"Enviar\" \/>\n\t<\/p>\n<\/div><div class=\"wpcf7-response-output\" aria-hidden=\"true\"><\/div>\n<\/form>\n<\/div>\n[vc_empty_space height=&#8221;100&#8243;][\/vc_column][\/vc_row]<\/p>\n<\/div>","protected":false},"excerpt":{"rendered":"<p>[vc_row full_width=&#8221;stretch_row&#8221;][vc_column width=&#8221;1\/2&#8243; offset=&#8221;vc_col-lg-5 vc_col-md-5 vc_col-xs-12&#8243;][vc_column_text css=&#8221;&#8221; el_class=&#8221;text-highlight&#8221;] Miss\u00e3o, Vis\u00e3o e Valores [\/vc_column_text][vc_empty_space height=&#8221;50&#8243;][\/vc_column][vc_column width=&#8221;5\/12&#8243; offset=&#8221;vc_col-lg-offset-2 vc_col-lg-5 vc_col-md-offset-1 vc_col-md-6 vc_col-sm-offset-1 vc_col-xs-12&#8243;][vc_column_text css=&#8221;&#8221; el_class=&#8221;text-highlight-black&#8221;] Miss\u00e3o [\/vc_column_text][vc_empty_space height=&#8221;10&#8243;][vc_column_text css=&#8221;&#8221;]Disponibilizar solu\u00e7\u00f5es tecnol\u00f3gicas de excel\u00eancia, que respondam de forma eficaz \u00e0s necessidades espec\u00edficas de cada cliente, promovendo a inova\u00e7\u00e3o, a confian\u00e7a e a sustentabilidade.[\/vc_column_text][vc_empty_space height=&#8221;30&#8243;][vc_column_text css=&#8221;&#8221; el_class=&#8221;text-highlight-black&#8221;] Vis\u00e3o [\/vc_column_text][vc_empty_space&#8230;<\/p>\n","protected":false},"author":1,"featured_media":0,"parent":0,"menu_order":4,"comment_status":"closed","ping_status":"closed","template":"","meta":{"footnotes":""},"class_list":["post-3251","page","type-page","status-publish","hentry"],"yoast_head":"<!-- This site is optimized with the Yoast SEO plugin v27.3 - https:\/\/yoast.com\/product\/yoast-seo-wordpress\/ -->\n<title>Nova P\u00e1gina Cultura da empresa &#8212; Microregio<\/title>\n<meta name=\"robots\" content=\"index, follow, max-snippet:-1, max-image-preview:large, max-video-preview:-1\" \/>\n<link rel=\"canonical\" href=\"http:\/\/www.microregio.pt\/pt-pt\/nova-pagina-cultura-da-empresa\/\" \/>\n<meta property=\"og:locale\" content=\"pt_PT\" \/>\n<meta property=\"og:type\" content=\"article\" \/>\n<meta property=\"og:title\" content=\"Nova P\u00e1gina Cultura da empresa &#8212; Microregio\" \/>\n<meta property=\"og:description\" content=\"[vc_row full_width=&#8221;stretch_row&#8221;][vc_column width=&#8221;1\/2&#8243; offset=&#8221;vc_col-lg-5 vc_col-md-5 vc_col-xs-12&#8243;][vc_column_text css=&#8221;&#8221; el_class=&#8221;text-highlight&#8221;] Miss\u00e3o, Vis\u00e3o e Valores [\/vc_column_text][vc_empty_space height=&#8221;50&#8243;][\/vc_column][vc_column width=&#8221;5\/12&#8243; offset=&#8221;vc_col-lg-offset-2 vc_col-lg-5 vc_col-md-offset-1 vc_col-md-6 vc_col-sm-offset-1 vc_col-xs-12&#8243;][vc_column_text css=&#8221;&#8221; el_class=&#8221;text-highlight-black&#8221;] Miss\u00e3o [\/vc_column_text][vc_empty_space height=&#8221;10&#8243;][vc_column_text css=&#8221;&#8221;]Disponibilizar solu\u00e7\u00f5es tecnol\u00f3gicas de excel\u00eancia, que respondam de forma eficaz \u00e0s necessidades espec\u00edficas de cada cliente, promovendo a inova\u00e7\u00e3o, a confian\u00e7a e a sustentabilidade.[\/vc_column_text][vc_empty_space height=&#8221;30&#8243;][vc_column_text css=&#8221;&#8221; el_class=&#8221;text-highlight-black&#8221;] Vis\u00e3o [\/vc_column_text][vc_empty_space...\" \/>\n<meta property=\"og:url\" content=\"http:\/\/www.microregio.pt\/pt-pt\/nova-pagina-cultura-da-empresa\/\" \/>\n<meta property=\"og:site_name\" content=\"Microregio\" \/>\n<meta property=\"article:modified_time\" content=\"2026-02-23T15:17:03+00:00\" \/>\n<meta name=\"twitter:card\" content=\"summary_large_image\" \/>\n<meta name=\"twitter:label1\" content=\"Tempo estimado de leitura\" \/>\n\t<meta name=\"twitter:data1\" content=\"3 minutos\" \/>\n<script type=\"application\/ld+json\" class=\"yoast-schema-graph\">{\"@context\":\"https:\\\/\\\/schema.org\",\"@graph\":[{\"@type\":\"WebPage\",\"@id\":\"http:\\\/\\\/www.microregio.pt\\\/pt-pt\\\/nova-pagina-cultura-da-empresa\\\/\",\"url\":\"http:\\\/\\\/www.microregio.pt\\\/pt-pt\\\/nova-pagina-cultura-da-empresa\\\/\",\"name\":\"Nova P\u00e1gina Cultura da empresa &#8212; Microregio\",\"isPartOf\":{\"@id\":\"http:\\\/\\\/www.microregio.pt\\\/pt-pt\\\/#website\"},\"datePublished\":\"2026-02-13T11:25:03+00:00\",\"dateModified\":\"2026-02-23T15:17:03+00:00\",\"breadcrumb\":{\"@id\":\"http:\\\/\\\/www.microregio.pt\\\/pt-pt\\\/nova-pagina-cultura-da-empresa\\\/#breadcrumb\"},\"inLanguage\":\"pt-PT\",\"potentialAction\":[{\"@type\":\"ReadAction\",\"target\":[\"http:\\\/\\\/www.microregio.pt\\\/pt-pt\\\/nova-pagina-cultura-da-empresa\\\/\"]}]},{\"@type\":\"BreadcrumbList\",\"@id\":\"http:\\\/\\\/www.microregio.pt\\\/pt-pt\\\/nova-pagina-cultura-da-empresa\\\/#breadcrumb\",\"itemListElement\":[{\"@type\":\"ListItem\",\"position\":1,\"name\":\"Home\",\"item\":\"http:\\\/\\\/www.microregio.pt\\\/pt-pt\\\/\"},{\"@type\":\"ListItem\",\"position\":2,\"name\":\"Nova P\u00e1gina Cultura da empresa\"}]},{\"@type\":\"WebSite\",\"@id\":\"http:\\\/\\\/www.microregio.pt\\\/pt-pt\\\/#website\",\"url\":\"http:\\\/\\\/www.microregio.pt\\\/pt-pt\\\/\",\"name\":\"Microregio\",\"description\":\"Solu\u00e7\u00f5es Inform\u00e1ticas Lda\",\"potentialAction\":[{\"@type\":\"SearchAction\",\"target\":{\"@type\":\"EntryPoint\",\"urlTemplate\":\"http:\\\/\\\/www.microregio.pt\\\/pt-pt\\\/?s={search_term_string}\"},\"query-input\":{\"@type\":\"PropertyValueSpecification\",\"valueRequired\":true,\"valueName\":\"search_term_string\"}}],\"inLanguage\":\"pt-PT\"}]}<\/script>\n<!-- \/ Yoast SEO plugin. -->","yoast_head_json":{"title":"Nova P\u00e1gina Cultura da empresa &#8212; Microregio","robots":{"index":"index","follow":"follow","max-snippet":"max-snippet:-1","max-image-preview":"max-image-preview:large","max-video-preview":"max-video-preview:-1"},"canonical":"http:\/\/www.microregio.pt\/pt-pt\/nova-pagina-cultura-da-empresa\/","og_locale":"pt_PT","og_type":"article","og_title":"Nova P\u00e1gina Cultura da empresa &#8212; Microregio","og_description":"[vc_row full_width=&#8221;stretch_row&#8221;][vc_column width=&#8221;1\/2&#8243; offset=&#8221;vc_col-lg-5 vc_col-md-5 vc_col-xs-12&#8243;][vc_column_text css=&#8221;&#8221; el_class=&#8221;text-highlight&#8221;] Miss\u00e3o, Vis\u00e3o e Valores [\/vc_column_text][vc_empty_space height=&#8221;50&#8243;][\/vc_column][vc_column width=&#8221;5\/12&#8243; offset=&#8221;vc_col-lg-offset-2 vc_col-lg-5 vc_col-md-offset-1 vc_col-md-6 vc_col-sm-offset-1 vc_col-xs-12&#8243;][vc_column_text css=&#8221;&#8221; el_class=&#8221;text-highlight-black&#8221;] Miss\u00e3o [\/vc_column_text][vc_empty_space height=&#8221;10&#8243;][vc_column_text css=&#8221;&#8221;]Disponibilizar solu\u00e7\u00f5es tecnol\u00f3gicas de excel\u00eancia, que respondam de forma eficaz \u00e0s necessidades espec\u00edficas de cada cliente, promovendo a inova\u00e7\u00e3o, a confian\u00e7a e a sustentabilidade.[\/vc_column_text][vc_empty_space height=&#8221;30&#8243;][vc_column_text css=&#8221;&#8221; el_class=&#8221;text-highlight-black&#8221;] Vis\u00e3o [\/vc_column_text][vc_empty_space...","og_url":"http:\/\/www.microregio.pt\/pt-pt\/nova-pagina-cultura-da-empresa\/","og_site_name":"Microregio","article_modified_time":"2026-02-23T15:17:03+00:00","twitter_card":"summary_large_image","twitter_misc":{"Tempo estimado de leitura":"3 minutos"},"schema":{"@context":"https:\/\/schema.org","@graph":[{"@type":"WebPage","@id":"http:\/\/www.microregio.pt\/pt-pt\/nova-pagina-cultura-da-empresa\/","url":"http:\/\/www.microregio.pt\/pt-pt\/nova-pagina-cultura-da-empresa\/","name":"Nova P\u00e1gina Cultura da empresa &#8212; Microregio","isPartOf":{"@id":"http:\/\/www.microregio.pt\/pt-pt\/#website"},"datePublished":"2026-02-13T11:25:03+00:00","dateModified":"2026-02-23T15:17:03+00:00","breadcrumb":{"@id":"http:\/\/www.microregio.pt\/pt-pt\/nova-pagina-cultura-da-empresa\/#breadcrumb"},"inLanguage":"pt-PT","potentialAction":[{"@type":"ReadAction","target":["http:\/\/www.microregio.pt\/pt-pt\/nova-pagina-cultura-da-empresa\/"]}]},{"@type":"BreadcrumbList","@id":"http:\/\/www.microregio.pt\/pt-pt\/nova-pagina-cultura-da-empresa\/#breadcrumb","itemListElement":[{"@type":"ListItem","position":1,"name":"Home","item":"http:\/\/www.microregio.pt\/pt-pt\/"},{"@type":"ListItem","position":2,"name":"Nova P\u00e1gina Cultura da empresa"}]},{"@type":"WebSite","@id":"http:\/\/www.microregio.pt\/pt-pt\/#website","url":"http:\/\/www.microregio.pt\/pt-pt\/","name":"Microregio","description":"Solu\u00e7\u00f5es Inform\u00e1ticas Lda","potentialAction":[{"@type":"SearchAction","target":{"@type":"EntryPoint","urlTemplate":"http:\/\/www.microregio.pt\/pt-pt\/?s={search_term_string}"},"query-input":{"@type":"PropertyValueSpecification","valueRequired":true,"valueName":"search_term_string"}}],"inLanguage":"pt-PT"}]}},"_links":{"self":[{"href":"https:\/\/www.microregio.pt\/pt-pt\/wp-json\/wp\/v2\/pages\/3251\/"}],"collection":[{"href":"https:\/\/www.microregio.pt\/pt-pt\/wp-json\/wp\/v2\/pages\/"}],"about":[{"href":"https:\/\/www.microregio.pt\/pt-pt\/wp-json\/wp\/v2\/types\/page\/"}],"author":[{"embeddable":true,"href":"https:\/\/www.microregio.pt\/pt-pt\/wp-json\/wp\/v2\/users\/1\/"}],"replies":[{"embeddable":true,"href":"https:\/\/www.microregio.pt\/pt-pt\/wp-json\/wp\/v2\/comments\/?post=3251"}],"version-history":[{"count":22,"href":"https:\/\/www.microregio.pt\/pt-pt\/wp-json\/wp\/v2\/pages\/3251\/revisions\/"}],"predecessor-version":[{"id":3393,"href":"https:\/\/www.microregio.pt\/pt-pt\/wp-json\/wp\/v2\/pages\/3251\/revisions\/3393\/"}],"wp:attachment":[{"href":"https:\/\/www.microregio.pt\/pt-pt\/wp-json\/wp\/v2\/media\/?parent=3251"}],"curies":[{"name":"wp","href":"https:\/\/api.w.org\/{rel}","templated":true}]}}