{"id":3269,"date":"2026-02-13T11:25:04","date_gmt":"2026-02-13T11:25:04","guid":{"rendered":"https:\/\/www.microregio.pt\/?page_id=3269"},"modified":"2026-02-23T15:17:30","modified_gmt":"2026-02-23T15:17:30","slug":"nova-pagina-historia","status":"publish","type":"page","link":"https:\/\/www.microregio.pt\/pt-pt\/nova-pagina-historia\/","title":{"rendered":"Nova P\u00e1gina Hist\u00f3ria"},"content":{"rendered":"<div class=\"wpb-content-wrapper\"><p>[vc_row full_width=&#8221;stretch_row&#8221;][vc_column width=&#8221;1\/2&#8243; offset=&#8221;vc_col-lg-5 vc_col-md-5 vc_col-xs-12&#8243;][vc_column_text css=&#8221;&#8221; el_class=&#8221;text-highlight&#8221;]<\/p>\n<h3>A Micror\u00e9gio nasceu da paix\u00e3o do Jo\u00e3o Marques e da Lu\u00edsa Santos, dois engenheiros que acreditavam profundamente no poder da tecnologia para transformar vidas e neg\u00f3cios.<\/h3>\n<p>[\/vc_column_text][vc_empty_space height=&#8221;50&#8243;][\/vc_column][vc_column width=&#8221;5\/12&#8243; offset=&#8221;vc_col-lg-offset-2 vc_col-lg-5 vc_col-md-offset-1 vc_col-md-6 vc_col-sm-offset-1 vc_col-xs-12&#8243;][vc_column_text css=&#8221;&#8221;]<strong>Movidos pelo sonho de fazer a diferen\u00e7a no mundo dos softwares, come\u00e7aram com poucos recursos, mas com uma enorme vontade de inovar. Com esp\u00edrito empreendedor e muita dedica\u00e7\u00e3o, come\u00e7aram num pequeno escrit\u00f3rio, onde as horas extra eram rotina para conseguirem construir uma empresa s\u00f3lida, de confian\u00e7a e com impacto real no setor das Tecnologias da Informa\u00e7\u00e3o.<\/strong><\/p>\n<p>Aos poucos, com trabalho \u00e1rduo e compromisso, conquistaram os primeiros clientes, mudaram de espa\u00e7o e foram formando uma equipa unida e focada em oferecer solu\u00e7\u00f5es tecnol\u00f3gicas eficientes e personalizadas.<\/p>\n<p>Desde 1997, crescemos lado a lado com os nossos parceiros, sempre com o mesmo prop\u00f3sito: aproximar pessoas e tecnologia de forma inteligente, humana e sustent\u00e1vel. Hoje, somos uma refer\u00eancia no desenvolvimento e implementa\u00e7\u00e3o de solu\u00e7\u00f5es de hardware e software, consultoria, forma\u00e7\u00e3o e assist\u00eancia t\u00e9cnica \u2014 com foco nas necessidades reais de cada cliente.[\/vc_column_text][vc_empty_space height=&#8221;50&#8243;][\/vc_column][\/vc_row][vc_row][vc_column][vc_empty_space height=&#8221;50&#8243;][vc_single_image image=&#8221;3274&#8243; img_size=&#8221;full&#8221; css=&#8221;&#8221; el_class=&#8221;brd-rd-20&#8243;][vc_empty_space height=&#8221;100&#8243;][\/vc_column][\/vc_row][vc_row full_width=&#8221;stretch_row&#8221;][vc_column width=&#8221;1\/2&#8243; offset=&#8221;vc_col-lg-5 vc_col-md-5 vc_col-xs-12&#8243;][vc_column_text css=&#8221;&#8221; el_class=&#8221;text-highlight&#8221;]<\/p>\n<h3>Desde 1997, a Micror\u00e9gio tem vindo a afirmar-se como uma refer\u00eancia no setor dos Sistemas e Tecnologias da Informa\u00e7\u00e3o.<\/h3>\n<p>[\/vc_column_text][vc_empty_space height=&#8221;100&#8243;][\/vc_column][vc_column width=&#8221;5\/12&#8243; offset=&#8221;vc_col-lg-offset-2 vc_col-lg-5 vc_col-md-offset-1 vc_col-md-6 vc_col-sm-offset-1 vc_col-xs-12&#8243;][vc_column_text css=&#8221;&#8221;]<strong>Com uma s\u00f3lida experi\u00eancia no desenvolvimento, conce\u00e7\u00e3o e implementa\u00e7\u00e3o de solu\u00e7\u00f5es tecnol\u00f3gicas, oferecemos aos nossos clientes um servi\u00e7o completo e personalizado, que vai desde o fornecimento de hardware e software at\u00e9 \u00e0 forma\u00e7\u00e3o, consultoria e assist\u00eancia t\u00e9cnica especializada.<\/strong>[\/vc_column_text][vc_empty_space height=&#8221;20&#8243;][vc_column_text css=&#8221;&#8221;]A nossa miss\u00e3o \u00e9 clara: criar solu\u00e7\u00f5es eficientes, seguras e adaptadas \u00e0s necessidades reais de cada cliente. Mais do que tecnologia, entregamos confian\u00e7a, compromisso e resultados.<br \/>\nAo longo destes mais de 25 anos, evolu\u00edmos lado a lado com os nossos parceiros e clientes, acompanhando as transforma\u00e7\u00f5es digitais e antecipando desafios. A inova\u00e7\u00e3o, a proximidade e o profissionalismo s\u00e3o os pilares que sustentam a nossa atua\u00e7\u00e3o di\u00e1ria.[\/vc_column_text][vc_empty_space height=&#8221;20&#8243;][vc_column_text css=&#8221;&#8221;]<strong style=\"color: #00c5e9;\">Na Micror\u00e9gio, acreditamos que a tecnologia deve servir as pessoas \u2014 e \u00e9 com essa vis\u00e3o que trabalhamos, todos os dias, para criar um futuro mais conectado, sustent\u00e1vel e humano.<\/strong>[\/vc_column_text][vc_empty_space height=&#8221;100&#8243;][\/vc_column][\/vc_row][vc_row full_width=&#8221;stretch_row&#8221; income_row_font_color=&#8221;#ffffff&#8221; css=&#8221;.vc_custom_1770974118852{background-color: #00C5E9 !important;}&#8221;][vc_column][vc_empty_space height=&#8221;100&#8243;][\/vc_column][\/vc_row][vc_row full_width=&#8221;stretch_row&#8221; css=&#8221;.vc_custom_1770974133611{background-color: #00C5E9 !important;}&#8221;][vc_column width=&#8221;1\/2&#8243; offset=&#8221;vc_col-lg-5 vc_col-md-5 vc_col-xs-12&#8243;][vc_column_text css=&#8221;&#8221; el_class=&#8221;text-highlight-white&#8221;]<\/p>\n<h3>Certifica\u00e7\u00f5es e<br \/>\nReconhecimentos<\/h3>\n<p>[\/vc_column_text][vc_empty_space height=&#8221;100&#8243;][\/vc_column][vc_column width=&#8221;5\/12&#8243; offset=&#8221;vc_col-lg-offset-2 vc_col-lg-5 vc_col-md-offset-1 vc_col-md-6 vc_col-sm-offset-1 vc_col-xs-12&#8243;][vc_column_text css=&#8221;&#8221;]<\/p>\n<ul class=\"list-text-white\">\n<li>FCF &#8211; Getting Started in Cybersecurity 2.0 Self &#8211; Paced<\/li>\n<li>FCF &#8211; Introduction to the Threat Landscape 2.0 Self-Paced<\/li>\n<li>FCF &#8211; Technical Introduction to Cibersecurity 1.0 Self-Paced<\/li>\n<li>Fortinet Certified Fundamentals in Cybersecurity<\/li>\n<li>Sophos Central Endpoint Protection Certified Technician v5.0 (S15)<\/li>\n<li>Sophos Central Engineer Delta v4.0 to v5.0 (EU15)<\/li>\n<li>Fundamentals &#8211; Certified Engineer v1.0<\/li>\n<li>Sophos Central Endpoint v4.0 to v5.0 Architect Delta (AU15)<\/li>\n<\/ul>\n<p>[\/vc_column_text][vc_empty_space height=&#8221;100&#8243;][\/vc_column][\/vc_row][vc_row full_width=&#8221;stretch_row&#8221; income_row_font_color=&#8221;#ffffff&#8221; css=&#8221;.vc_custom_1771859847793{background-color: #F4F4F4 !important;}&#8221;][vc_column][vc_empty_space height=&#8221;100&#8243;][\/vc_column][\/vc_row][vc_row full_width=&#8221;stretch_row&#8221; css=&#8221;.vc_custom_1771859838553{background-color: #F4F4F4 !important;}&#8221;][vc_column width=&#8221;1\/2&#8243; offset=&#8221;vc_col-lg-5 vc_col-md-5 vc_col-xs-12&#8243;][vc_column_text css=&#8221;&#8221; el_class=&#8221;text-highlight&#8221;]<\/p>\n<h3>O seu parceiro tecnol\u00f3gico<br \/>\nde confian\u00e7a<\/h3>\n<p>[\/vc_column_text][vc_empty_space height=&#8221;100&#8243;][\/vc_column][vc_column width=&#8221;5\/12&#8243; offset=&#8221;vc_col-lg-offset-2 vc_col-lg-5 vc_col-md-offset-1 vc_col-md-6 vc_col-sm-offset-1 vc_col-xs-12&#8243;][vc_column_text css=&#8221;&#8221;]Na Micror\u00e9gio, estamos empenhados em ser o seu parceiro tecnol\u00f3gico de confian\u00e7a, fornecendo solu\u00e7\u00f5es que n\u00e3o s\u00f3 respondem \u00e0s exig\u00eancias atuais do seu neg\u00f3cio, mas tamb\u00e9m o preparam para os desafios futuros.[\/vc_column_text][vc_empty_space height=&#8221;100&#8243;][\/vc_column][\/vc_row][vc_row full_width=&#8221;stretch_row&#8221; income_row_font_color=&#8221;#ffffff&#8221;][vc_column][vc_empty_space height=&#8221;100&#8243;][vc_column_text css=&#8221;&#8221; el_class=&#8221;text-highlight&#8221;]<\/p>\n<h5>Contactos<\/h5>\n<p>[\/vc_column_text][vc_empty_space height=&#8221;50&#8243;][\/vc_column][\/vc_row][vc_row css=&#8221;.vc_custom_1770824054700{padding-bottom: 30px !important;}&#8221;][vc_column offset=&#8221;vc_col-lg-5 vc_col-md-5 vc_col-xs-12&#8243;][vc_column_text css=&#8221;&#8221;]<\/p>\n<h3 style=\"color: #000;\"><strong>Pronto para melhorar<br \/>\na efici\u00eancia do seu neg\u00f3cio<\/strong><\/h3>\n<p>[\/vc_column_text][vc_empty_space height=&#8221;30&#8243;][vc_column_text css=&#8221;&#8221;]<\/p>\n<p style=\"color: #000;\">Na Micror\u00e9gio, estamos empenhados em ser o seu parceiro tecnol\u00f3gico de confian\u00e7a, fornecendo solu\u00e7\u00f5es que n\u00e3o s\u00f3 respondem \u00e0s exig\u00eancias atuais do seu neg\u00f3cio, mas tamb\u00e9m o preparam para os desafios futuros.<\/p>\n<p>[\/vc_column_text][vc_empty_space height=&#8221;30&#8243;][vc_column_text css=&#8221;&#8221;]<a class=\"btn\" href=\"https:\/\/www.microregio.pt\/pt-pt\/contactos\/\">Fale connosco<\/a>[\/vc_column_text][vc_empty_space height=&#8221;100&#8243;][\/vc_column][vc_column offset=&#8221;vc_col-lg-offset-2 vc_col-lg-5 vc_col-md-offset-1 vc_col-md-6 vc_col-sm-offset-0 vc_col-xs-12&#8243;][vc_column_text css=&#8221;.vc_custom_1770823102128{padding-right: 15px !important;padding-left: 15px !important;}&#8221;]<\/p>\n<h5 style=\"color: #000;\"><strong>Envie-nos uma mensagem<\/strong><\/h5>\n<p>[\/vc_column_text][vc_empty_space height=&#8221;20&#8243;]\n<div class=\"wpcf7 no-js\" id=\"wpcf7-f277-o1\" lang=\"en\" dir=\"ltr\" data-wpcf7-id=\"277\">\n<div class=\"screen-reader-response\"><p role=\"status\" aria-live=\"polite\" aria-atomic=\"true\"><\/p> <ul><\/ul><\/div>\n<form action=\"\/pt-pt\/wp-json\/wp\/v2\/pages\/3269#wpcf7-f277-o1\" method=\"post\" class=\"wpcf7-form init\" aria-label=\"Formul\u00e1rio de contacto\" novalidate=\"novalidate\" data-status=\"init\">\n<fieldset class=\"hidden-fields-container\"><input type=\"hidden\" name=\"_wpcf7\" value=\"277\" \/><input type=\"hidden\" name=\"_wpcf7_version\" value=\"6.1.5\" \/><input type=\"hidden\" name=\"_wpcf7_locale\" value=\"en\" \/><input type=\"hidden\" name=\"_wpcf7_unit_tag\" value=\"wpcf7-f277-o1\" \/><input type=\"hidden\" name=\"_wpcf7_container_post\" value=\"0\" \/><input type=\"hidden\" name=\"_wpcf7_posted_data_hash\" value=\"\" \/><input type=\"hidden\" name=\"_wpcf7_recaptcha_response\" value=\"\" \/>\n<\/fieldset>\n<div class=\"vc_col-sm-12\">\n\t<p><span class=\"wpcf7-form-control-wrap\" data-name=\"your-name\"><input size=\"40\" maxlength=\"400\" class=\"wpcf7-form-control wpcf7-text wpcf7-validates-as-required span12\" aria-required=\"true\" aria-invalid=\"false\" placeholder=\"Nome *\" value=\"\" type=\"text\" name=\"your-name\" \/><\/span>\n\t<\/p>\n<\/div>\n<div class=\"vc_col-sm-6\">\n\t<p><span class=\"wpcf7-form-control-wrap\" data-name=\"your-company\"><input size=\"40\" maxlength=\"400\" class=\"wpcf7-form-control wpcf7-text span12\" aria-invalid=\"false\" placeholder=\"Empresa\" value=\"\" type=\"text\" name=\"your-company\" \/><\/span>\n\t<\/p>\n<\/div>\n<div class=\"vc_col-sm-6\">\n\t<p><span class=\"wpcf7-form-control-wrap\" data-name=\"your-local\"><input size=\"40\" maxlength=\"400\" class=\"wpcf7-form-control wpcf7-text wpcf7-validates-as-required span12\" aria-required=\"true\" aria-invalid=\"false\" placeholder=\"Localidade *\" value=\"\" type=\"text\" name=\"your-local\" \/><\/span>\n\t<\/p>\n<\/div>\n<div class=\"vc_col-sm-6\">\n\t<p><span class=\"wpcf7-form-control-wrap\" data-name=\"your-number\"><input size=\"40\" maxlength=\"400\" class=\"wpcf7-form-control wpcf7-text wpcf7-validates-as-required\" aria-required=\"true\" aria-invalid=\"false\" placeholder=\"Telefone *\" value=\"\" type=\"text\" name=\"your-number\" \/><\/span>\n\t<\/p>\n<\/div>\n<div class=\"vc_col-sm-6\">\n\t<p><span class=\"wpcf7-form-control-wrap\" data-name=\"your-email\"><input size=\"40\" maxlength=\"400\" class=\"wpcf7-form-control wpcf7-email wpcf7-validates-as-required wpcf7-text wpcf7-validates-as-email span12\" aria-required=\"true\" aria-invalid=\"false\" placeholder=\"Email *\" value=\"\" type=\"email\" name=\"your-email\" \/><\/span>\n\t<\/p>\n<\/div>\n<div class=\"vc_col-sm-12\">\n\t<p><span class=\"wpcf7-form-control-wrap\" data-name=\"your-message\"><textarea cols=\"25\" rows=\"7\" maxlength=\"2000\" class=\"wpcf7-form-control wpcf7-textarea wpcf7-validates-as-required span12\" aria-required=\"true\" aria-invalid=\"false\" placeholder=\"Mensagem *\" name=\"your-message\"><\/textarea><\/span>\n\t<\/p>\n\t<p style=\"color:rgb(169, 169, 169); margin-top:0\">* Campos de preenchimentos obrigat\u00f3rio\n\t<\/p>\n\t<p><span class=\"wpcf7-form-control-wrap\" data-name=\"rgpd\"><span class=\"wpcf7-form-control wpcf7-acceptance\"><span class=\"wpcf7-list-item\"><label><input type=\"checkbox\" name=\"rgpd\" value=\"1\" aria-invalid=\"false\" \/><span class=\"wpcf7-list-item-label\">Li e aceito a <a href=\"https:\/\/www.microregio.pt\/pt-pt\/politica-privacidade-tratamento-dados-pessoais\/\" target=\"_blank\" style=\"color:#00c5e9\">Pol\u00edtica de privacidade<\/a><\/span><\/label><\/span><\/span><\/span>\n\t<\/p>\n\t<p><input class=\"wpcf7-form-control wpcf7-submit has-spinner btn\" type=\"submit\" value=\"Enviar\" \/>\n\t<\/p>\n<\/div><div class=\"wpcf7-response-output\" aria-hidden=\"true\"><\/div>\n<\/form>\n<\/div>\n[vc_empty_space height=&#8221;100&#8243;][\/vc_column][\/vc_row]<\/p>\n<\/div>","protected":false},"excerpt":{"rendered":"<p>[vc_row full_width=&#8221;stretch_row&#8221;][vc_column width=&#8221;1\/2&#8243; offset=&#8221;vc_col-lg-5 vc_col-md-5 vc_col-xs-12&#8243;][vc_column_text css=&#8221;&#8221; el_class=&#8221;text-highlight&#8221;] A Micror\u00e9gio nasceu da paix\u00e3o do Jo\u00e3o Marques e da Lu\u00edsa Santos, dois engenheiros que acreditavam profundamente no poder da tecnologia para transformar vidas e neg\u00f3cios. [\/vc_column_text][vc_empty_space height=&#8221;50&#8243;][\/vc_column][vc_column width=&#8221;5\/12&#8243; offset=&#8221;vc_col-lg-offset-2 vc_col-lg-5 vc_col-md-offset-1 vc_col-md-6 vc_col-sm-offset-1 vc_col-xs-12&#8243;][vc_column_text css=&#8221;&#8221;]Movidos pelo sonho de fazer a diferen\u00e7a no mundo dos softwares, come\u00e7aram&#8230;<\/p>\n","protected":false},"author":1,"featured_media":0,"parent":0,"menu_order":4,"comment_status":"closed","ping_status":"closed","template":"","meta":{"footnotes":""},"class_list":["post-3269","page","type-page","status-publish","hentry"],"yoast_head":"<!-- This site is optimized with the Yoast SEO plugin v27.3 - https:\/\/yoast.com\/product\/yoast-seo-wordpress\/ -->\n<title>Nova P\u00e1gina Hist\u00f3ria &#8212; Microregio<\/title>\n<meta name=\"robots\" content=\"index, follow, max-snippet:-1, max-image-preview:large, max-video-preview:-1\" \/>\n<link rel=\"canonical\" href=\"http:\/\/www.microregio.pt\/pt-pt\/nova-pagina-historia\/\" \/>\n<meta property=\"og:locale\" content=\"pt_PT\" \/>\n<meta property=\"og:type\" content=\"article\" \/>\n<meta property=\"og:title\" content=\"Nova P\u00e1gina Hist\u00f3ria &#8212; Microregio\" \/>\n<meta property=\"og:description\" content=\"[vc_row full_width=&#8221;stretch_row&#8221;][vc_column width=&#8221;1\/2&#8243; offset=&#8221;vc_col-lg-5 vc_col-md-5 vc_col-xs-12&#8243;][vc_column_text css=&#8221;&#8221; el_class=&#8221;text-highlight&#8221;] A Micror\u00e9gio nasceu da paix\u00e3o do Jo\u00e3o Marques e da Lu\u00edsa Santos, dois engenheiros que acreditavam profundamente no poder da tecnologia para transformar vidas e neg\u00f3cios. [\/vc_column_text][vc_empty_space height=&#8221;50&#8243;][\/vc_column][vc_column width=&#8221;5\/12&#8243; offset=&#8221;vc_col-lg-offset-2 vc_col-lg-5 vc_col-md-offset-1 vc_col-md-6 vc_col-sm-offset-1 vc_col-xs-12&#8243;][vc_column_text css=&#8221;&#8221;]Movidos pelo sonho de fazer a diferen\u00e7a no mundo dos softwares, come\u00e7aram...\" \/>\n<meta property=\"og:url\" content=\"http:\/\/www.microregio.pt\/pt-pt\/nova-pagina-historia\/\" \/>\n<meta property=\"og:site_name\" content=\"Microregio\" \/>\n<meta property=\"article:modified_time\" content=\"2026-02-23T15:17:30+00:00\" \/>\n<meta name=\"twitter:card\" content=\"summary_large_image\" \/>\n<meta name=\"twitter:label1\" content=\"Tempo estimado de leitura\" \/>\n\t<meta name=\"twitter:data1\" content=\"4 minutos\" \/>\n<script type=\"application\/ld+json\" class=\"yoast-schema-graph\">{\"@context\":\"https:\\\/\\\/schema.org\",\"@graph\":[{\"@type\":\"WebPage\",\"@id\":\"http:\\\/\\\/www.microregio.pt\\\/pt-pt\\\/nova-pagina-historia\\\/\",\"url\":\"http:\\\/\\\/www.microregio.pt\\\/pt-pt\\\/nova-pagina-historia\\\/\",\"name\":\"Nova P\u00e1gina Hist\u00f3ria &#8212; Microregio\",\"isPartOf\":{\"@id\":\"http:\\\/\\\/www.microregio.pt\\\/pt-pt\\\/#website\"},\"datePublished\":\"2026-02-13T11:25:04+00:00\",\"dateModified\":\"2026-02-23T15:17:30+00:00\",\"breadcrumb\":{\"@id\":\"http:\\\/\\\/www.microregio.pt\\\/pt-pt\\\/nova-pagina-historia\\\/#breadcrumb\"},\"inLanguage\":\"pt-PT\",\"potentialAction\":[{\"@type\":\"ReadAction\",\"target\":[\"http:\\\/\\\/www.microregio.pt\\\/pt-pt\\\/nova-pagina-historia\\\/\"]}]},{\"@type\":\"BreadcrumbList\",\"@id\":\"http:\\\/\\\/www.microregio.pt\\\/pt-pt\\\/nova-pagina-historia\\\/#breadcrumb\",\"itemListElement\":[{\"@type\":\"ListItem\",\"position\":1,\"name\":\"Home\",\"item\":\"http:\\\/\\\/www.microregio.pt\\\/pt-pt\\\/\"},{\"@type\":\"ListItem\",\"position\":2,\"name\":\"Nova P\u00e1gina Hist\u00f3ria\"}]},{\"@type\":\"WebSite\",\"@id\":\"http:\\\/\\\/www.microregio.pt\\\/pt-pt\\\/#website\",\"url\":\"http:\\\/\\\/www.microregio.pt\\\/pt-pt\\\/\",\"name\":\"Microregio\",\"description\":\"Solu\u00e7\u00f5es Inform\u00e1ticas Lda\",\"potentialAction\":[{\"@type\":\"SearchAction\",\"target\":{\"@type\":\"EntryPoint\",\"urlTemplate\":\"http:\\\/\\\/www.microregio.pt\\\/pt-pt\\\/?s={search_term_string}\"},\"query-input\":{\"@type\":\"PropertyValueSpecification\",\"valueRequired\":true,\"valueName\":\"search_term_string\"}}],\"inLanguage\":\"pt-PT\"}]}<\/script>\n<!-- \/ Yoast SEO plugin. -->","yoast_head_json":{"title":"Nova P\u00e1gina Hist\u00f3ria &#8212; Microregio","robots":{"index":"index","follow":"follow","max-snippet":"max-snippet:-1","max-image-preview":"max-image-preview:large","max-video-preview":"max-video-preview:-1"},"canonical":"http:\/\/www.microregio.pt\/pt-pt\/nova-pagina-historia\/","og_locale":"pt_PT","og_type":"article","og_title":"Nova P\u00e1gina Hist\u00f3ria &#8212; Microregio","og_description":"[vc_row full_width=&#8221;stretch_row&#8221;][vc_column width=&#8221;1\/2&#8243; offset=&#8221;vc_col-lg-5 vc_col-md-5 vc_col-xs-12&#8243;][vc_column_text css=&#8221;&#8221; el_class=&#8221;text-highlight&#8221;] A Micror\u00e9gio nasceu da paix\u00e3o do Jo\u00e3o Marques e da Lu\u00edsa Santos, dois engenheiros que acreditavam profundamente no poder da tecnologia para transformar vidas e neg\u00f3cios. [\/vc_column_text][vc_empty_space height=&#8221;50&#8243;][\/vc_column][vc_column width=&#8221;5\/12&#8243; offset=&#8221;vc_col-lg-offset-2 vc_col-lg-5 vc_col-md-offset-1 vc_col-md-6 vc_col-sm-offset-1 vc_col-xs-12&#8243;][vc_column_text css=&#8221;&#8221;]Movidos pelo sonho de fazer a diferen\u00e7a no mundo dos softwares, come\u00e7aram...","og_url":"http:\/\/www.microregio.pt\/pt-pt\/nova-pagina-historia\/","og_site_name":"Microregio","article_modified_time":"2026-02-23T15:17:30+00:00","twitter_card":"summary_large_image","twitter_misc":{"Tempo estimado de leitura":"4 minutos"},"schema":{"@context":"https:\/\/schema.org","@graph":[{"@type":"WebPage","@id":"http:\/\/www.microregio.pt\/pt-pt\/nova-pagina-historia\/","url":"http:\/\/www.microregio.pt\/pt-pt\/nova-pagina-historia\/","name":"Nova P\u00e1gina Hist\u00f3ria &#8212; Microregio","isPartOf":{"@id":"http:\/\/www.microregio.pt\/pt-pt\/#website"},"datePublished":"2026-02-13T11:25:04+00:00","dateModified":"2026-02-23T15:17:30+00:00","breadcrumb":{"@id":"http:\/\/www.microregio.pt\/pt-pt\/nova-pagina-historia\/#breadcrumb"},"inLanguage":"pt-PT","potentialAction":[{"@type":"ReadAction","target":["http:\/\/www.microregio.pt\/pt-pt\/nova-pagina-historia\/"]}]},{"@type":"BreadcrumbList","@id":"http:\/\/www.microregio.pt\/pt-pt\/nova-pagina-historia\/#breadcrumb","itemListElement":[{"@type":"ListItem","position":1,"name":"Home","item":"http:\/\/www.microregio.pt\/pt-pt\/"},{"@type":"ListItem","position":2,"name":"Nova P\u00e1gina Hist\u00f3ria"}]},{"@type":"WebSite","@id":"http:\/\/www.microregio.pt\/pt-pt\/#website","url":"http:\/\/www.microregio.pt\/pt-pt\/","name":"Microregio","description":"Solu\u00e7\u00f5es Inform\u00e1ticas Lda","potentialAction":[{"@type":"SearchAction","target":{"@type":"EntryPoint","urlTemplate":"http:\/\/www.microregio.pt\/pt-pt\/?s={search_term_string}"},"query-input":{"@type":"PropertyValueSpecification","valueRequired":true,"valueName":"search_term_string"}}],"inLanguage":"pt-PT"}]}},"_links":{"self":[{"href":"https:\/\/www.microregio.pt\/pt-pt\/wp-json\/wp\/v2\/pages\/3269\/"}],"collection":[{"href":"https:\/\/www.microregio.pt\/pt-pt\/wp-json\/wp\/v2\/pages\/"}],"about":[{"href":"https:\/\/www.microregio.pt\/pt-pt\/wp-json\/wp\/v2\/types\/page\/"}],"author":[{"embeddable":true,"href":"https:\/\/www.microregio.pt\/pt-pt\/wp-json\/wp\/v2\/users\/1\/"}],"replies":[{"embeddable":true,"href":"https:\/\/www.microregio.pt\/pt-pt\/wp-json\/wp\/v2\/comments\/?post=3269"}],"version-history":[{"count":16,"href":"https:\/\/www.microregio.pt\/pt-pt\/wp-json\/wp\/v2\/pages\/3269\/revisions\/"}],"predecessor-version":[{"id":3394,"href":"https:\/\/www.microregio.pt\/pt-pt\/wp-json\/wp\/v2\/pages\/3269\/revisions\/3394\/"}],"wp:attachment":[{"href":"https:\/\/www.microregio.pt\/pt-pt\/wp-json\/wp\/v2\/media\/?parent=3269"}],"curies":[{"name":"wp","href":"https:\/\/api.w.org\/{rel}","templated":true}]}}