{"id":644,"date":"2016-12-21T15:19:09","date_gmt":"2016-12-21T15:19:09","guid":{"rendered":"http:\/\/www.microregio.pt\/?page_id=644"},"modified":"2019-05-15T09:17:34","modified_gmt":"2019-05-15T09:17:34","slug":"servicos","status":"publish","type":"page","link":"https:\/\/www.microregio.pt\/pt-pt\/servicos\/","title":{"rendered":"Servi\u00e7os"},"content":{"rendered":"<div class=\"wpb-content-wrapper\"><p>[vc_row][vc_column][vc_empty_space height=&#8221;50&#8243;][\/vc_column][\/vc_row][vc_row][vc_column][vc_raw_html]JTNDYSUyMGNsYXNzJTNEJTIyYW5jaG9yJTIyJTIwaWQlM0QlMjJzdXBvcnRlLXRlY25pY28lMjIlM0UlM0MlMkZhJTNF[\/vc_raw_html][vc_column_text el_class=&#8221;text-highlight&#8221;]<\/p>\n<h3>Suporte t\u00e9cnico de HW e SW<\/h3>\n<p>[\/vc_column_text][vc_column_text css=&#8221;.vc_custom_1489596948786{margin-bottom: 30px !important;}&#8221;]<strong>Porque o seu neg\u00f3cio n\u00e3o pode parar.<\/strong><\/p>\n<p>Dispomos de uma equipa competente e eficiente na resolu\u00e7\u00e3o dos problemas que podem surgir nos sistemas inform\u00e1ticos das organiza\u00e7\u00f5es. Desde avarias de hardware, problemas com sistemas operativos e outros software, problemas na rede inform\u00e1tica e nas comunica\u00e7\u00f5es, at\u00e9 ataques de malware, existe todo um leque de situa\u00e7\u00f5es que podem levar a um mau funcionamento dos sistemas ou mesmo \u00e0 sua paragem.<\/p>\n<p>O nosso suporte t\u00e9cnico est\u00e1 preparado para um atendimento personalizado e r\u00e1pido com o intuito de garantir a continuidade da opera\u00e7\u00e3o dos sistemas.<\/p>\n<p>Investimos na forma\u00e7\u00e3o cont\u00ednua da nossa equipa para que acompanhe a evolu\u00e7\u00e3o tecnol\u00f3gica e possa assim corresponder \u00e0s necessidades espec\u00edficas de cada empresa, com um servi\u00e7o de proximidade e seguran\u00e7a.[\/vc_column_text][\/vc_column][\/vc_row][vc_row][vc_column][vc_empty_space height=&#8221;100&#8243;][\/vc_column][\/vc_row][vc_row full_width=&#8221;stretch_row&#8221; parallax=&#8221;theme-parallax&#8221; parallax_image=&#8221;1080&#8243;][vc_column][vc_raw_html]JTNDYSUyMGNsYXNzJTNEJTIyYW5jaG9yJTIyJTIwaWQlM0QlMjJzaXN0ZW1hcyUyMiUzRSUzQyUyRmElM0U=[\/vc_raw_html][vc_empty_space height=&#8221;100&#8243;][vc_column_text el_class=&#8221;text-highlight&#8221;]<\/p>\n<h3>Manuten\u00e7\u00e3o de sistemas<\/h3>\n<p>[\/vc_column_text][vc_row_inner][vc_column_inner width=&#8221;6\/12&#8243;][vc_column_text el_class=&#8221;white&#8221;]<strong>Conte sempre com a nossa assist\u00eancia.<\/strong><br \/>\nResponsabilizamo-nos pela implementa\u00e7\u00e3o da melhor solu\u00e7\u00e3o para cada neg\u00f3cio. Mas, na verdade, o nosso compromisso n\u00e3o termina aqui. Garantimos o acompanhamento, a otimiza\u00e7\u00e3o e a continuidade das solu\u00e7\u00f5es que comercializamos.[\/vc_column_text][\/vc_column_inner][\/vc_row_inner][vc_empty_space height=&#8221;100&#8243;][\/vc_column][\/vc_row][vc_row][vc_column][vc_raw_html]JTNDYSUyMGNsYXNzJTNEJTIyYW5jaG9yJTIyJTIwaWQlM0QlMjJuZWdvY2lvJTIyJTNFJTNDJTJGYSUzRQ==[\/vc_raw_html][vc_empty_space height=&#8221;100&#8243;][vc_column_text el_class=&#8221;text-highlight&#8221;]<\/p>\n<h3>Consultoria em processos de neg\u00f3cio<\/h3>\n<p>[\/vc_column_text][vc_row_inner][vc_column_inner width=&#8221;6\/12&#8243;][vc_column_text]<strong>Adapte o seu neg\u00f3cio \u00e0s exig\u00eancias do mercado.<\/strong><br \/>\nPrestamos servi\u00e7os de consultoria em processos de neg\u00f3cio porque alinhamos a tecnologia aos processos de trabalho. Ajudamos a sua empresa a atingir os objetivos estrat\u00e9gicos a que se prop\u00f5e, utilizando as tecnologias de informa\u00e7\u00e3o como apoio \u00e0 gest\u00e3o e \u00e0 produtividade.[\/vc_column_text][\/vc_column_inner][\/vc_row_inner][vc_empty_space height=&#8221;100&#8243;][\/vc_column][\/vc_row][vc_row full_width=&#8221;stretch_row&#8221; parallax=&#8221;theme-parallax&#8221; parallax_image=&#8221;1073&#8243;][vc_column][vc_raw_html]JTNDYSUyMGNsYXNzJTNEJTIyYW5jaG9yJTIyJTIwaWQlM0QlMjJpbmZvcm1hY2FvJTIyJTNFJTNDJTJGYSUzRQ==[\/vc_raw_html][vc_empty_space height=&#8221;100&#8243;][vc_column_text el_class=&#8221;text-highlight&#8221;]<\/p>\n<h3>Consultoria sistema de informa\u00e7\u00e3o<\/h3>\n<p>[\/vc_column_text][vc_row_inner][vc_column_inner width=&#8221;6\/12&#8243;][vc_column_text]<\/p>\n<p style=\"color: #7c7c7c;\"><strong>Potencie os resultados da sua empresa.<\/strong><br \/>\nPlaneamos e priorizamos as iniciativas de TI de acordo com os principais processos chave da sua organiza\u00e7\u00e3o. Disponibilizamos consultores com conhecimentos s\u00f3lidos no grande mercado das Tecnologias da Informa\u00e7\u00e3o, que responder\u00e3o \u00e0s exig\u00eancias atuais e futuras do ambiente tecnol\u00f3gico da sua empresa e que apresentar\u00e3o solu\u00e7\u00f5es de qualidade, garantindo or\u00e7amentos adequados.<\/p>\n<p>[\/vc_column_text][\/vc_column_inner][\/vc_row_inner][vc_empty_space height=&#8221;100&#8243;][\/vc_column][\/vc_row][vc_row][vc_column][vc_empty_space height=&#8221;100&#8243;][\/vc_column][\/vc_row][vc_row][vc_column width=&#8221;6\/12&#8243;][vc_raw_html]JTNDYSUyMGNsYXNzJTNEJTIyYW5jaG9yJTIyJTIwaWQlM0QlMjJmb3JtYWNhbyUyMiUzRSUzQyUyRmElM0U=[\/vc_raw_html][vc_column_text el_class=&#8221;text-highlight&#8221;]<\/p>\n<h3>Forma\u00e7\u00e3o<\/h3>\n<p>[\/vc_column_text][vc_column_text]<\/p>\n<div><strong>Adquira os conhecimentos de que efectivamente precisa.<\/strong><\/div>\n<div>A Micror\u00e9gio desenvolve a\u00e7\u00f5es de forma\u00e7\u00e3o especializada orientada \u00e0s suas \u00e1reas de especializa\u00e7\u00e3o, nomeadamente: software de gest\u00e3o Primavera, Microsoft Office, Internet e Email, Redes e Servidores.<\/div>\n<div>As a\u00e7\u00f5es de forma\u00e7\u00e3o s\u00e3o desenhadas \u00e0 medida e o programa \u00e9 definido\u00a0depois de conclu\u00eddo\u00a0o diagn\u00f3stico de necessidades.<\/div>\n<div>A forma\u00e7\u00e3o poder\u00e1 assumir as diferentes configura\u00e7\u00f5es: em contexto real de trabalho, em sala ou realiza\u00e7\u00e3o de workshops. As instala\u00e7\u00f5es da Micror\u00e9gio disp\u00f5em de audit\u00f3rio\/sala de forma\u00e7\u00e3o com todas as condi\u00e7\u00f5es e comodidades necess\u00e1rias.<\/div>\n<p>[\/vc_column_text][vc_empty_space height=&#8221;100&#8243; el_class=&#8221;hide_mobile&#8221;][\/vc_column][vc_column width=&#8221;5\/12&#8243; offset=&#8221;vc_col-lg-offset-1&#8243;][\/vc_column][\/vc_row][vc_row full_width=&#8221;stretch_row&#8221; parallax=&#8221;theme-parallax&#8221; parallax_image=&#8221;1154&#8243;][vc_column][vc_empty_space height=&#8221;100&#8243;][vc_raw_html]JTNDYSUyMGNsYXNzJTNEJTIyYW5jaG9yJTIyJTIwaWQlM0QlMjJzb2Z0d2FyZSUyMiUzRSUzQyUyRmElM0U=[\/vc_raw_html][vc_column_text el_class=&#8221;text-highlight&#8221;]<\/p>\n<h3>Desenvolvimento de Software<\/h3>\n<p>[\/vc_column_text][vc_row_inner][vc_column_inner width=&#8221;6\/12&#8243;][vc_column_text]<\/p>\n<p style=\"color: #7c7c7c;\"><strong>Simplificamos o seu neg\u00f3cio.<\/strong><br \/>\nA experi\u00eancia pr\u00e1tica de v\u00e1rios anos da Micror\u00e9gio no desenvolvimento de software e de solu\u00e7\u00f5es tecnol\u00f3gicas, levou-nos a colaborar com centenas de empresas nas mais diferentes \u00e1reas do mercado. Apoiamos empresas em linha com as diferentes vis\u00f5es estrat\u00e9gicas, focando-nos sempre nas suas necessidades e or\u00e7amentos. Estudamos o mercado do ponto de vista dos nossos clientes. O que \u00e9 que vai resultar para o ambiente tecnol\u00f3gico de cada empresa? Qual a abordagem mais eficaz e segura com um custo razo\u00e1vel?<br \/>\nExploramos as solu\u00e7\u00f5es mais vantajosas \u00e0 medida das necessidades de cada cliente.<\/p>\n<p>[\/vc_column_text][\/vc_column_inner][\/vc_row_inner][vc_empty_space height=&#8221;100&#8243;][\/vc_column][\/vc_row]<\/p>\n<\/div>","protected":false},"excerpt":{"rendered":"<p>[vc_row][vc_column][vc_empty_space height=&#8221;50&#8243;][\/vc_column][\/vc_row][vc_row][vc_column][vc_raw_html]JTNDYSUyMGNsYXNzJTNEJTIyYW5jaG9yJTIyJTIwaWQlM0QlMjJzdXBvcnRlLXRlY25pY28lMjIlM0UlM0MlMkZhJTNF[\/vc_raw_html][vc_column_text el_class=&#8221;text-highlight&#8221;] Suporte t\u00e9cnico de HW e SW [\/vc_column_text][vc_column_text css=&#8221;.vc_custom_1489596948786{margin-bottom: 30px !important;}&#8221;]Porque o seu neg\u00f3cio n\u00e3o pode parar. Dispomos de uma equipa competente e eficiente na resolu\u00e7\u00e3o dos problemas que podem surgir nos sistemas inform\u00e1ticos das organiza\u00e7\u00f5es. Desde avarias de hardware, problemas com sistemas operativos e outros software, problemas na rede inform\u00e1tica e nas&#8230;<\/p>\n","protected":false},"author":1,"featured_media":0,"parent":0,"menu_order":3,"comment_status":"closed","ping_status":"closed","template":"","meta":{"footnotes":""},"class_list":["post-644","page","type-page","status-publish","hentry"],"yoast_head":"<!-- This site is optimized with the Yoast SEO plugin v27.5 - https:\/\/yoast.com\/product\/yoast-seo-wordpress\/ -->\n<title>Servi\u00e7os &#8212; Microregio<\/title>\n<meta name=\"robots\" content=\"index, follow, max-snippet:-1, max-image-preview:large, max-video-preview:-1\" \/>\n<link rel=\"canonical\" href=\"https:\/\/www.microregio.pt\/pt-pt\/servicos\/\" \/>\n<meta property=\"og:locale\" content=\"pt_PT\" \/>\n<meta property=\"og:type\" content=\"article\" \/>\n<meta property=\"og:title\" content=\"Servi\u00e7os &#8212; Microregio\" \/>\n<meta property=\"og:description\" content=\"[vc_row][vc_column][vc_empty_space height=&#8221;50&#8243;][\/vc_column][\/vc_row][vc_row][vc_column][vc_raw_html]JTNDYSUyMGNsYXNzJTNEJTIyYW5jaG9yJTIyJTIwaWQlM0QlMjJzdXBvcnRlLXRlY25pY28lMjIlM0UlM0MlMkZhJTNF[\/vc_raw_html][vc_column_text el_class=&#8221;text-highlight&#8221;] Suporte t\u00e9cnico de HW e SW [\/vc_column_text][vc_column_text css=&#8221;.vc_custom_1489596948786{margin-bottom: 30px !important;}&#8221;]Porque o seu neg\u00f3cio n\u00e3o pode parar. Dispomos de uma equipa competente e eficiente na resolu\u00e7\u00e3o dos problemas que podem surgir nos sistemas inform\u00e1ticos das organiza\u00e7\u00f5es. Desde avarias de hardware, problemas com sistemas operativos e outros software, problemas na rede inform\u00e1tica e nas...\" \/>\n<meta property=\"og:url\" content=\"https:\/\/www.microregio.pt\/pt-pt\/servicos\/\" \/>\n<meta property=\"og:site_name\" content=\"Microregio\" \/>\n<meta property=\"article:modified_time\" content=\"2019-05-15T09:17:34+00:00\" \/>\n<meta name=\"twitter:card\" content=\"summary_large_image\" \/>\n<meta name=\"twitter:label1\" content=\"Tempo estimado de leitura\" \/>\n\t<meta name=\"twitter:data1\" content=\"5 minutos\" \/>\n<script type=\"application\/ld+json\" class=\"yoast-schema-graph\">{\"@context\":\"https:\\\/\\\/schema.org\",\"@graph\":[{\"@type\":\"WebPage\",\"@id\":\"https:\\\/\\\/www.microregio.pt\\\/pt-pt\\\/servicos\\\/\",\"url\":\"https:\\\/\\\/www.microregio.pt\\\/pt-pt\\\/servicos\\\/\",\"name\":\"Servi\u00e7os &#8212; Microregio\",\"isPartOf\":{\"@id\":\"https:\\\/\\\/www.microregio.pt\\\/pt-pt\\\/#website\"},\"datePublished\":\"2016-12-21T15:19:09+00:00\",\"dateModified\":\"2019-05-15T09:17:34+00:00\",\"breadcrumb\":{\"@id\":\"https:\\\/\\\/www.microregio.pt\\\/pt-pt\\\/servicos\\\/#breadcrumb\"},\"inLanguage\":\"pt-PT\",\"potentialAction\":[{\"@type\":\"ReadAction\",\"target\":[\"https:\\\/\\\/www.microregio.pt\\\/pt-pt\\\/servicos\\\/\"]}]},{\"@type\":\"BreadcrumbList\",\"@id\":\"https:\\\/\\\/www.microregio.pt\\\/pt-pt\\\/servicos\\\/#breadcrumb\",\"itemListElement\":[{\"@type\":\"ListItem\",\"position\":1,\"name\":\"Home\",\"item\":\"https:\\\/\\\/www.microregio.pt\\\/pt-pt\\\/\"},{\"@type\":\"ListItem\",\"position\":2,\"name\":\"Servi\u00e7os\"}]},{\"@type\":\"WebSite\",\"@id\":\"https:\\\/\\\/www.microregio.pt\\\/pt-pt\\\/#website\",\"url\":\"https:\\\/\\\/www.microregio.pt\\\/pt-pt\\\/\",\"name\":\"Microregio\",\"description\":\"Solu\u00e7\u00f5es Inform\u00e1ticas Lda\",\"potentialAction\":[{\"@type\":\"SearchAction\",\"target\":{\"@type\":\"EntryPoint\",\"urlTemplate\":\"https:\\\/\\\/www.microregio.pt\\\/pt-pt\\\/?s={search_term_string}\"},\"query-input\":{\"@type\":\"PropertyValueSpecification\",\"valueRequired\":true,\"valueName\":\"search_term_string\"}}],\"inLanguage\":\"pt-PT\"}]}<\/script>\n<!-- \/ Yoast SEO plugin. -->","yoast_head_json":{"title":"Servi\u00e7os &#8212; Microregio","robots":{"index":"index","follow":"follow","max-snippet":"max-snippet:-1","max-image-preview":"max-image-preview:large","max-video-preview":"max-video-preview:-1"},"canonical":"https:\/\/www.microregio.pt\/pt-pt\/servicos\/","og_locale":"pt_PT","og_type":"article","og_title":"Servi\u00e7os &#8212; Microregio","og_description":"[vc_row][vc_column][vc_empty_space height=&#8221;50&#8243;][\/vc_column][\/vc_row][vc_row][vc_column][vc_raw_html]JTNDYSUyMGNsYXNzJTNEJTIyYW5jaG9yJTIyJTIwaWQlM0QlMjJzdXBvcnRlLXRlY25pY28lMjIlM0UlM0MlMkZhJTNF[\/vc_raw_html][vc_column_text el_class=&#8221;text-highlight&#8221;] Suporte t\u00e9cnico de HW e SW [\/vc_column_text][vc_column_text css=&#8221;.vc_custom_1489596948786{margin-bottom: 30px !important;}&#8221;]Porque o seu neg\u00f3cio n\u00e3o pode parar. Dispomos de uma equipa competente e eficiente na resolu\u00e7\u00e3o dos problemas que podem surgir nos sistemas inform\u00e1ticos das organiza\u00e7\u00f5es. Desde avarias de hardware, problemas com sistemas operativos e outros software, problemas na rede inform\u00e1tica e nas...","og_url":"https:\/\/www.microregio.pt\/pt-pt\/servicos\/","og_site_name":"Microregio","article_modified_time":"2019-05-15T09:17:34+00:00","twitter_card":"summary_large_image","twitter_misc":{"Tempo estimado de leitura":"5 minutos"},"schema":{"@context":"https:\/\/schema.org","@graph":[{"@type":"WebPage","@id":"https:\/\/www.microregio.pt\/pt-pt\/servicos\/","url":"https:\/\/www.microregio.pt\/pt-pt\/servicos\/","name":"Servi\u00e7os &#8212; Microregio","isPartOf":{"@id":"https:\/\/www.microregio.pt\/pt-pt\/#website"},"datePublished":"2016-12-21T15:19:09+00:00","dateModified":"2019-05-15T09:17:34+00:00","breadcrumb":{"@id":"https:\/\/www.microregio.pt\/pt-pt\/servicos\/#breadcrumb"},"inLanguage":"pt-PT","potentialAction":[{"@type":"ReadAction","target":["https:\/\/www.microregio.pt\/pt-pt\/servicos\/"]}]},{"@type":"BreadcrumbList","@id":"https:\/\/www.microregio.pt\/pt-pt\/servicos\/#breadcrumb","itemListElement":[{"@type":"ListItem","position":1,"name":"Home","item":"https:\/\/www.microregio.pt\/pt-pt\/"},{"@type":"ListItem","position":2,"name":"Servi\u00e7os"}]},{"@type":"WebSite","@id":"https:\/\/www.microregio.pt\/pt-pt\/#website","url":"https:\/\/www.microregio.pt\/pt-pt\/","name":"Microregio","description":"Solu\u00e7\u00f5es Inform\u00e1ticas Lda","potentialAction":[{"@type":"SearchAction","target":{"@type":"EntryPoint","urlTemplate":"https:\/\/www.microregio.pt\/pt-pt\/?s={search_term_string}"},"query-input":{"@type":"PropertyValueSpecification","valueRequired":true,"valueName":"search_term_string"}}],"inLanguage":"pt-PT"}]}},"_links":{"self":[{"href":"https:\/\/www.microregio.pt\/pt-pt\/wp-json\/wp\/v2\/pages\/644\/"}],"collection":[{"href":"https:\/\/www.microregio.pt\/pt-pt\/wp-json\/wp\/v2\/pages\/"}],"about":[{"href":"https:\/\/www.microregio.pt\/pt-pt\/wp-json\/wp\/v2\/types\/page\/"}],"author":[{"embeddable":true,"href":"https:\/\/www.microregio.pt\/pt-pt\/wp-json\/wp\/v2\/users\/1\/"}],"replies":[{"embeddable":true,"href":"https:\/\/www.microregio.pt\/pt-pt\/wp-json\/wp\/v2\/comments\/?post=644"}],"version-history":[{"count":111,"href":"https:\/\/www.microregio.pt\/pt-pt\/wp-json\/wp\/v2\/pages\/644\/revisions\/"}],"predecessor-version":[{"id":1555,"href":"https:\/\/www.microregio.pt\/pt-pt\/wp-json\/wp\/v2\/pages\/644\/revisions\/1555\/"}],"wp:attachment":[{"href":"https:\/\/www.microregio.pt\/pt-pt\/wp-json\/wp\/v2\/media\/?parent=644"}],"curies":[{"name":"wp","href":"https:\/\/api.w.org\/{rel}","templated":true}]}}