{"id":907,"date":"2016-12-29T18:39:24","date_gmt":"2016-12-29T18:39:24","guid":{"rendered":"http:\/\/www.microregio.pt\/?page_id=907"},"modified":"2024-10-17T10:26:16","modified_gmt":"2024-10-17T10:26:16","slug":"contactos","status":"publish","type":"page","link":"https:\/\/www.microregio.pt\/pt-pt\/contactos\/","title":{"rendered":"Contactos"},"content":{"rendered":"<div class=\"wpb-content-wrapper\"><p>[vc_row css=&#8221;.vc_custom_1669632480377{padding-bottom: 30px !important;}&#8221; el_class=&#8221;contactos&#8221;][vc_column width=&#8221;1\/2&#8243;][vc_column_text]<\/p>\n<h3 style=\"color: #00c5e9;\"><strong>Micror\u00e9gio-Solu\u00e7\u00f5es Inform\u00e1ticas, Lda<\/strong><\/h3>\n<div class=\"widget income_widget_contact_info\">\n<ul>\n<li><i class=\"fa fa-map-marker\"><\/i>Av. Mouzinho Albuquerque, 15<br \/>\n4480-151 Azurara &#8211; Vila do Conde<\/li>\n<\/ul>\n<ul>\n<li><i class=\"fa fa-phone\"><\/i>252 638 330 <span class=\"contacto\">(chamada para rede fixa nacional)<\/span><\/li>\n<li><i class=\"fa fa-envelope\"><\/i><a href=\"mailto:geral@microregio.pt\">geral@microregio.pt<\/a><\/li>\n<li><i class=\"fa fa-envelope\"><\/i><a href=\"mailto:recrutamento@microregio.pt\">recrutamento@microregio.pt<\/a><\/li>\n<\/ul>\n<\/div>\n<p>[\/vc_column_text][vc_empty_space height=&#8221;50&#8243;][vc_column_text el_class=&#8221;redes-sociais-contactos&#8221;]<\/p>\n<h4 style=\"color: #00c5e9;\"><strong>Redes Sociais<\/strong><\/h4>\n<ul>\n<li><a href=\"https:\/\/facebook.com\/microregio\" target=\"_blank\" rel=\"noopener noreferrer\"><i class=\"fa fa-facebook\"><\/i> \u00a0<\/a><\/li>\n<li><a href=\"https:\/\/linkedin.com\/company\/microregio\" target=\"_blank\" rel=\"noopener noreferrer\"><i class=\"fa fa-linkedin\"><\/i>\u00a0<\/a><\/li>\n<li><a href=\"https:\/\/www.instagram.com\/microregio\" target=\"_blank\" rel=\"noopener noreferrer\"><i class=\"fa fa-instagram\"><\/i>\u00a0<\/a><\/li>\n<li><a href=\"https:\/\/www.youtube.com\/@microregio-solucoesinforma4190\" target=\"_blank\" rel=\"noopener noreferrer\"><i class=\"fa fa-youtube\"><\/i>\u00a0<\/a><\/li>\n<\/ul>\n<p>[\/vc_column_text][vc_empty_space height=&#8221;30&#8243;][vc_column_text]<\/p>\n<h4 style=\"color: #00c5e9;\"><strong>Coordenadas:<\/strong><\/h4>\n<p><span style=\"color: #00c5e9;\">Lat.<\/span> 41.342116947303325<br \/>\n<span style=\"color: #00c5e9;\">Long.<\/span> -8.73491942882538[\/vc_column_text][vc_empty_space height=&#8221;50&#8243;][\/vc_column][vc_column width=&#8221;1\/2&#8243;][vc_column_text css=&#8221;.vc_custom_1729160755713{padding-right: 15px !important;padding-left: 15px !important;}&#8221;]<\/p>\n<h3 style=\"color: #00c5e9;\"><strong>Contacte-nos<\/strong><\/h3>\n<p>[\/vc_column_text][vc_empty_space height=&#8221;20&#8243;]\n<div class=\"wpcf7 no-js\" id=\"wpcf7-f277-o1\" lang=\"en\" dir=\"ltr\" data-wpcf7-id=\"277\">\n<div class=\"screen-reader-response\"><p role=\"status\" aria-live=\"polite\" aria-atomic=\"true\"><\/p> <ul><\/ul><\/div>\n<form action=\"\/pt-pt\/wp-json\/wp\/v2\/pages\/907\/#wpcf7-f277-o1\" method=\"post\" class=\"wpcf7-form init\" aria-label=\"Formul\u00e1rio de contacto\" novalidate=\"novalidate\" data-status=\"init\">\n<fieldset class=\"hidden-fields-container\"><input type=\"hidden\" name=\"_wpcf7\" value=\"277\" \/><input type=\"hidden\" name=\"_wpcf7_version\" value=\"6.1.5\" \/><input type=\"hidden\" name=\"_wpcf7_locale\" value=\"en\" \/><input type=\"hidden\" name=\"_wpcf7_unit_tag\" value=\"wpcf7-f277-o1\" \/><input type=\"hidden\" name=\"_wpcf7_container_post\" value=\"0\" \/><input type=\"hidden\" name=\"_wpcf7_posted_data_hash\" value=\"\" \/><input type=\"hidden\" name=\"_wpcf7_recaptcha_response\" value=\"\" \/>\n<\/fieldset>\n<div class=\"vc_col-sm-12\">\n\t<p><span class=\"wpcf7-form-control-wrap\" data-name=\"your-name\"><input size=\"40\" maxlength=\"400\" class=\"wpcf7-form-control wpcf7-text wpcf7-validates-as-required span12\" aria-required=\"true\" aria-invalid=\"false\" placeholder=\"Nome *\" value=\"\" type=\"text\" name=\"your-name\" \/><\/span>\n\t<\/p>\n<\/div>\n<div class=\"vc_col-sm-6\">\n\t<p><span class=\"wpcf7-form-control-wrap\" data-name=\"your-company\"><input size=\"40\" maxlength=\"400\" class=\"wpcf7-form-control wpcf7-text span12\" aria-invalid=\"false\" placeholder=\"Empresa\" value=\"\" type=\"text\" name=\"your-company\" \/><\/span>\n\t<\/p>\n<\/div>\n<div class=\"vc_col-sm-6\">\n\t<p><span class=\"wpcf7-form-control-wrap\" data-name=\"your-local\"><input size=\"40\" maxlength=\"400\" class=\"wpcf7-form-control wpcf7-text wpcf7-validates-as-required span12\" aria-required=\"true\" aria-invalid=\"false\" placeholder=\"Localidade *\" value=\"\" type=\"text\" name=\"your-local\" \/><\/span>\n\t<\/p>\n<\/div>\n<div class=\"vc_col-sm-6\">\n\t<p><span class=\"wpcf7-form-control-wrap\" data-name=\"your-number\"><input size=\"40\" maxlength=\"400\" class=\"wpcf7-form-control wpcf7-text wpcf7-validates-as-required\" aria-required=\"true\" aria-invalid=\"false\" placeholder=\"Telefone *\" value=\"\" type=\"text\" name=\"your-number\" \/><\/span>\n\t<\/p>\n<\/div>\n<div class=\"vc_col-sm-6\">\n\t<p><span class=\"wpcf7-form-control-wrap\" data-name=\"your-email\"><input size=\"40\" maxlength=\"400\" class=\"wpcf7-form-control wpcf7-email wpcf7-validates-as-required wpcf7-text wpcf7-validates-as-email span12\" aria-required=\"true\" aria-invalid=\"false\" placeholder=\"Email *\" value=\"\" type=\"email\" name=\"your-email\" \/><\/span>\n\t<\/p>\n<\/div>\n<div class=\"vc_col-sm-12\">\n\t<p><span class=\"wpcf7-form-control-wrap\" data-name=\"your-message\"><textarea cols=\"25\" rows=\"7\" maxlength=\"2000\" class=\"wpcf7-form-control wpcf7-textarea wpcf7-validates-as-required span12\" aria-required=\"true\" aria-invalid=\"false\" placeholder=\"Mensagem *\" name=\"your-message\"><\/textarea><\/span>\n\t<\/p>\n\t<p style=\"color:rgb(169, 169, 169); margin-top:0\">* Campos de preenchimentos obrigat\u00f3rio\n\t<\/p>\n\t<p><span class=\"wpcf7-form-control-wrap\" data-name=\"rgpd\"><span class=\"wpcf7-form-control wpcf7-acceptance\"><span class=\"wpcf7-list-item\"><label><input type=\"checkbox\" name=\"rgpd\" value=\"1\" aria-invalid=\"false\" \/><span class=\"wpcf7-list-item-label\">Li e aceito a <a href=\"https:\/\/www.microregio.pt\/pt-pt\/politica-privacidade-tratamento-dados-pessoais\/\" target=\"_blank\" style=\"color:#00c5e9\">Pol\u00edtica de privacidade<\/a><\/span><\/label><\/span><\/span><\/span>\n\t<\/p>\n\t<p><input class=\"wpcf7-form-control wpcf7-submit has-spinner btn\" type=\"submit\" value=\"Enviar\" \/>\n\t<\/p>\n<\/div><div class=\"wpcf7-response-output\" aria-hidden=\"true\"><\/div>\n<\/form>\n<\/div>\n[\/vc_column][\/vc_row][vc_row full_width=&#8221;stretch_row_content_no_spaces&#8221;][vc_column][vc_gmaps link=&#8221;#E-8_JTNDaWZyYW1lJTIwc3JjJTNEJTIyaHR0cHMlM0ElMkYlMkZ3d3cuZ29vZ2xlLmNvbSUyRm1hcHMlMkZlbWJlZCUzRnBiJTNEJTIxMW0xOCUyMTFtMTIlMjExbTMlMjExZDQ3OTI3LjUwMDczOTE0MTI5JTIxMmQtOC43Njk5MzA1MzM4NTI3MzclMjEzZDQxLjM0MjE2MzA5MjU4MDgwNSUyMTJtMyUyMTFmMCUyMTJmMCUyMTNmMCUyMTNtMiUyMTFpMTAyNCUyMTJpNzY4JTIxNGYxMy4xJTIxM20zJTIxMW0yJTIxMXMweGQyNDQzZjBmYTQ2MjE2ZCUyNTNBMHhkMmRhZDY5ODEwNzNjM2E2JTIxMnpUV2xqY205eXc2bG5hVzh0VTI5c2RjT253N1ZsY3lCSmJtWnZjbTNEb1hScFkyRnpJRXhrWVElMjE1ZTAlMjEzbTIlMjExc3B0LVBUJTIxMnN1cyUyMTR2MTQ4MzYzMjAzNDQ3NiUyMiUyMHdpZHRoJTNEJTIyNjAwJTIyJTIwaGVpZ2h0JTNEJTIyNDUwJTIyJTIwZnJhbWVib3JkZXIlM0QlMjIwJTIyJTIwc3R5bGUlM0QlMjJib3JkZXIlM0EwJTIyJTIwYWxsb3dmdWxsc2NyZWVuJTNFJTNDJTJGaWZyYW1lJTNF&#8221;][\/vc_column][\/vc_row]<\/p>\n<\/div>","protected":false},"excerpt":{"rendered":"<p>[vc_row css=&#8221;.vc_custom_1669632480377{padding-bottom: 30px !important;}&#8221; el_class=&#8221;contactos&#8221;][vc_column width=&#8221;1\/2&#8243;][vc_column_text] Micror\u00e9gio-Solu\u00e7\u00f5es Inform\u00e1ticas, Lda Av. Mouzinho Albuquerque, 15 4480-151 Azurara &#8211; Vila do Conde 252 638 330 (chamada para rede fixa nacional) geral@microregio.pt recrutamento@microregio.pt [\/vc_column_text][vc_empty_space height=&#8221;50&#8243;][vc_column_text el_class=&#8221;redes-sociais-contactos&#8221;] Redes Sociais \u00a0 \u00a0 \u00a0 \u00a0 [\/vc_column_text][vc_empty_space height=&#8221;30&#8243;][vc_column_text] Coordenadas: Lat. 41.342116947303325 Long. -8.73491942882538[\/vc_column_text][vc_empty_space height=&#8221;50&#8243;][\/vc_column][vc_column width=&#8221;1\/2&#8243;][vc_column_text css=&#8221;.vc_custom_1729160755713{padding-right: 15px !important;padding-left: 15px !important;}&#8221;] Contacte-nos [\/vc_column_text][vc_empty_space height=&#8221;20&#8243;][\/vc_column][\/vc_row][vc_row&#8230;<\/p>\n","protected":false},"author":1,"featured_media":0,"parent":0,"menu_order":5,"comment_status":"closed","ping_status":"closed","template":"","meta":{"footnotes":""},"class_list":["post-907","page","type-page","status-publish","hentry"],"yoast_head":"<!-- This site is optimized with the Yoast SEO plugin v27.5 - https:\/\/yoast.com\/product\/yoast-seo-wordpress\/ -->\n<title>Contactos &#8212; Microregio<\/title>\n<meta name=\"robots\" content=\"index, follow, max-snippet:-1, max-image-preview:large, max-video-preview:-1\" \/>\n<link rel=\"canonical\" href=\"https:\/\/www.microregio.pt\/pt-pt\/contactos\/\" \/>\n<meta property=\"og:locale\" content=\"pt_PT\" \/>\n<meta property=\"og:type\" content=\"article\" \/>\n<meta property=\"og:title\" content=\"Contactos &#8212; Microregio\" \/>\n<meta property=\"og:description\" content=\"[vc_row css=&#8221;.vc_custom_1669632480377{padding-bottom: 30px !important;}&#8221; el_class=&#8221;contactos&#8221;][vc_column width=&#8221;1\/2&#8243;][vc_column_text] Micror\u00e9gio-Solu\u00e7\u00f5es Inform\u00e1ticas, Lda Av. Mouzinho Albuquerque, 15 4480-151 Azurara &#8211; Vila do Conde 252 638 330 (chamada para rede fixa nacional) geral@microregio.pt recrutamento@microregio.pt [\/vc_column_text][vc_empty_space height=&#8221;50&#8243;][vc_column_text el_class=&#8221;redes-sociais-contactos&#8221;] Redes Sociais \u00a0 \u00a0 \u00a0 \u00a0 [\/vc_column_text][vc_empty_space height=&#8221;30&#8243;][vc_column_text] Coordenadas: Lat. 41.342116947303325 Long. -8.73491942882538[\/vc_column_text][vc_empty_space height=&#8221;50&#8243;][\/vc_column][vc_column width=&#8221;1\/2&#8243;][vc_column_text css=&#8221;.vc_custom_1729160755713{padding-right: 15px !important;padding-left: 15px !important;}&#8221;] Contacte-nos [\/vc_column_text][vc_empty_space height=&#8221;20&#8243;][\/vc_column][\/vc_row][vc_row...\" \/>\n<meta property=\"og:url\" content=\"https:\/\/www.microregio.pt\/pt-pt\/contactos\/\" \/>\n<meta property=\"og:site_name\" content=\"Microregio\" \/>\n<meta property=\"article:modified_time\" content=\"2024-10-17T10:26:16+00:00\" \/>\n<meta name=\"twitter:card\" content=\"summary_large_image\" \/>\n<meta name=\"twitter:label1\" content=\"Tempo estimado de leitura\" \/>\n\t<meta name=\"twitter:data1\" content=\"1 minuto\" \/>\n<script type=\"application\/ld+json\" class=\"yoast-schema-graph\">{\"@context\":\"https:\\\/\\\/schema.org\",\"@graph\":[{\"@type\":\"WebPage\",\"@id\":\"https:\\\/\\\/www.microregio.pt\\\/pt-pt\\\/contactos\\\/\",\"url\":\"https:\\\/\\\/www.microregio.pt\\\/pt-pt\\\/contactos\\\/\",\"name\":\"Contactos &#8212; Microregio\",\"isPartOf\":{\"@id\":\"https:\\\/\\\/www.microregio.pt\\\/pt-pt\\\/#website\"},\"datePublished\":\"2016-12-29T18:39:24+00:00\",\"dateModified\":\"2024-10-17T10:26:16+00:00\",\"breadcrumb\":{\"@id\":\"https:\\\/\\\/www.microregio.pt\\\/pt-pt\\\/contactos\\\/#breadcrumb\"},\"inLanguage\":\"pt-PT\",\"potentialAction\":[{\"@type\":\"ReadAction\",\"target\":[\"https:\\\/\\\/www.microregio.pt\\\/pt-pt\\\/contactos\\\/\"]}]},{\"@type\":\"BreadcrumbList\",\"@id\":\"https:\\\/\\\/www.microregio.pt\\\/pt-pt\\\/contactos\\\/#breadcrumb\",\"itemListElement\":[{\"@type\":\"ListItem\",\"position\":1,\"name\":\"Home\",\"item\":\"https:\\\/\\\/www.microregio.pt\\\/pt-pt\\\/\"},{\"@type\":\"ListItem\",\"position\":2,\"name\":\"Contactos\"}]},{\"@type\":\"WebSite\",\"@id\":\"https:\\\/\\\/www.microregio.pt\\\/pt-pt\\\/#website\",\"url\":\"https:\\\/\\\/www.microregio.pt\\\/pt-pt\\\/\",\"name\":\"Microregio\",\"description\":\"Solu\u00e7\u00f5es Inform\u00e1ticas Lda\",\"potentialAction\":[{\"@type\":\"SearchAction\",\"target\":{\"@type\":\"EntryPoint\",\"urlTemplate\":\"https:\\\/\\\/www.microregio.pt\\\/pt-pt\\\/?s={search_term_string}\"},\"query-input\":{\"@type\":\"PropertyValueSpecification\",\"valueRequired\":true,\"valueName\":\"search_term_string\"}}],\"inLanguage\":\"pt-PT\"}]}<\/script>\n<!-- \/ Yoast SEO plugin. -->","yoast_head_json":{"title":"Contactos &#8212; Microregio","robots":{"index":"index","follow":"follow","max-snippet":"max-snippet:-1","max-image-preview":"max-image-preview:large","max-video-preview":"max-video-preview:-1"},"canonical":"https:\/\/www.microregio.pt\/pt-pt\/contactos\/","og_locale":"pt_PT","og_type":"article","og_title":"Contactos &#8212; Microregio","og_description":"[vc_row css=&#8221;.vc_custom_1669632480377{padding-bottom: 30px !important;}&#8221; el_class=&#8221;contactos&#8221;][vc_column width=&#8221;1\/2&#8243;][vc_column_text] Micror\u00e9gio-Solu\u00e7\u00f5es Inform\u00e1ticas, Lda Av. Mouzinho Albuquerque, 15 4480-151 Azurara &#8211; Vila do Conde 252 638 330 (chamada para rede fixa nacional) geral@microregio.pt recrutamento@microregio.pt [\/vc_column_text][vc_empty_space height=&#8221;50&#8243;][vc_column_text el_class=&#8221;redes-sociais-contactos&#8221;] Redes Sociais \u00a0 \u00a0 \u00a0 \u00a0 [\/vc_column_text][vc_empty_space height=&#8221;30&#8243;][vc_column_text] Coordenadas: Lat. 41.342116947303325 Long. -8.73491942882538[\/vc_column_text][vc_empty_space height=&#8221;50&#8243;][\/vc_column][vc_column width=&#8221;1\/2&#8243;][vc_column_text css=&#8221;.vc_custom_1729160755713{padding-right: 15px !important;padding-left: 15px !important;}&#8221;] Contacte-nos [\/vc_column_text][vc_empty_space height=&#8221;20&#8243;][\/vc_column][\/vc_row][vc_row...","og_url":"https:\/\/www.microregio.pt\/pt-pt\/contactos\/","og_site_name":"Microregio","article_modified_time":"2024-10-17T10:26:16+00:00","twitter_card":"summary_large_image","twitter_misc":{"Tempo estimado de leitura":"1 minuto"},"schema":{"@context":"https:\/\/schema.org","@graph":[{"@type":"WebPage","@id":"https:\/\/www.microregio.pt\/pt-pt\/contactos\/","url":"https:\/\/www.microregio.pt\/pt-pt\/contactos\/","name":"Contactos &#8212; Microregio","isPartOf":{"@id":"https:\/\/www.microregio.pt\/pt-pt\/#website"},"datePublished":"2016-12-29T18:39:24+00:00","dateModified":"2024-10-17T10:26:16+00:00","breadcrumb":{"@id":"https:\/\/www.microregio.pt\/pt-pt\/contactos\/#breadcrumb"},"inLanguage":"pt-PT","potentialAction":[{"@type":"ReadAction","target":["https:\/\/www.microregio.pt\/pt-pt\/contactos\/"]}]},{"@type":"BreadcrumbList","@id":"https:\/\/www.microregio.pt\/pt-pt\/contactos\/#breadcrumb","itemListElement":[{"@type":"ListItem","position":1,"name":"Home","item":"https:\/\/www.microregio.pt\/pt-pt\/"},{"@type":"ListItem","position":2,"name":"Contactos"}]},{"@type":"WebSite","@id":"https:\/\/www.microregio.pt\/pt-pt\/#website","url":"https:\/\/www.microregio.pt\/pt-pt\/","name":"Microregio","description":"Solu\u00e7\u00f5es Inform\u00e1ticas Lda","potentialAction":[{"@type":"SearchAction","target":{"@type":"EntryPoint","urlTemplate":"https:\/\/www.microregio.pt\/pt-pt\/?s={search_term_string}"},"query-input":{"@type":"PropertyValueSpecification","valueRequired":true,"valueName":"search_term_string"}}],"inLanguage":"pt-PT"}]}},"_links":{"self":[{"href":"https:\/\/www.microregio.pt\/pt-pt\/wp-json\/wp\/v2\/pages\/907\/"}],"collection":[{"href":"https:\/\/www.microregio.pt\/pt-pt\/wp-json\/wp\/v2\/pages\/"}],"about":[{"href":"https:\/\/www.microregio.pt\/pt-pt\/wp-json\/wp\/v2\/types\/page\/"}],"author":[{"embeddable":true,"href":"https:\/\/www.microregio.pt\/pt-pt\/wp-json\/wp\/v2\/users\/1\/"}],"replies":[{"embeddable":true,"href":"https:\/\/www.microregio.pt\/pt-pt\/wp-json\/wp\/v2\/comments\/?post=907"}],"version-history":[{"count":55,"href":"https:\/\/www.microregio.pt\/pt-pt\/wp-json\/wp\/v2\/pages\/907\/revisions\/"}],"predecessor-version":[{"id":2859,"href":"https:\/\/www.microregio.pt\/pt-pt\/wp-json\/wp\/v2\/pages\/907\/revisions\/2859\/"}],"wp:attachment":[{"href":"https:\/\/www.microregio.pt\/pt-pt\/wp-json\/wp\/v2\/media\/?parent=907"}],"curies":[{"name":"wp","href":"https:\/\/api.w.org\/{rel}","templated":true}]}}